{"id":2,"date":"2025-04-01T11:31:26","date_gmt":"2025-04-01T14:31:26","guid":{"rendered":"https:\/\/jundiai.sp.gov.br\/100dias\/?page_id=2"},"modified":"2025-04-07T13:32:31","modified_gmt":"2025-04-07T16:32:31","slug":"100-dias-de-governo","status":"publish","type":"page","link":"https:\/\/jundiai.sp.gov.br\/100dias\/","title":{"rendered":"100 Dias de Governo"},"content":{"rendered":"\n<p class=\"has-text-align-center\">Mais humana, din\u00e2mica, eficiente. Mais que uma nova marca, um novo tempo que j\u00e1 come\u00e7ou, com as pessoas em primeiro lugar. Em 100 dias muita coisa boa j\u00e1 aconteceu e vem muito mais por a\u00ed.<\/p>\n\n\n\n<h2 class=\"wp-block-heading has-text-align-center\">Vem com a gente! Que de gente, a gente entende.<\/h2>\n","protected":false},"excerpt":{"rendered":"<p>Mais humana, din\u00e2mica, eficiente. Mais que uma nova marca, um novo tempo que j\u00e1 come\u00e7ou, com as pessoas em primeiro lugar. Em 100 dias muita coisa boa j\u00e1 aconteceu e vem muito mais por a\u00ed. Vem com a gente! Que de gente, a gente entende.<\/p>\n","protected":false},"author":5,"featured_media":9,"parent":0,"menu_order":0,"comment_status":"closed","ping_status":"closed","template":"","meta":{"footnotes":""},"class_list":["post-2","page","type-page","status-publish","has-post-thumbnail","hentry"],"_links":{"self":[{"href":"https:\/\/jundiai.sp.gov.br\/100dias\/wp-json\/wp\/v2\/pages\/2","targetHints":{"allow":["GET"]}}],"collection":[{"href":"https:\/\/jundiai.sp.gov.br\/100dias\/wp-json\/wp\/v2\/pages"}],"about":[{"href":"https:\/\/jundiai.sp.gov.br\/100dias\/wp-json\/wp\/v2\/types\/page"}],"author":[{"embeddable":true,"href":"https:\/\/jundiai.sp.gov.br\/100dias\/wp-json\/wp\/v2\/users\/5"}],"replies":[{"embeddable":true,"href":"https:\/\/jundiai.sp.gov.br\/100dias\/wp-json\/wp\/v2\/comments?post=2"}],"version-history":[{"count":2,"href":"https:\/\/jundiai.sp.gov.br\/100dias\/wp-json\/wp\/v2\/pages\/2\/revisions"}],"predecessor-version":[{"id":8,"href":"https:\/\/jundiai.sp.gov.br\/100dias\/wp-json\/wp\/v2\/pages\/2\/revisions\/8"}],"wp:featuredmedia":[{"embeddable":true,"href":"https:\/\/jundiai.sp.gov.br\/100dias\/wp-json\/wp\/v2\/media\/9"}],"wp:attachment":[{"href":"https:\/\/jundiai.sp.gov.br\/100dias\/wp-json\/wp\/v2\/media?parent=2"}],"curies":[{"name":"wp","href":"https:\/\/api.w.org\/{rel}","templated":true}]}}