{"id":14,"date":"2014-09-23T16:40:59","date_gmt":"2014-09-23T19:40:59","guid":{"rendered":"https:\/\/jundiai.sp.gov.br\/a-cidade\/?page_id=14"},"modified":"2023-03-07T14:03:16","modified_gmt":"2023-03-07T17:03:16","slug":"hino","status":"publish","type":"page","link":"https:\/\/jundiai.sp.gov.br\/a-cidade\/hino\/","title":{"rendered":"Hino"},"content":{"rendered":"\n<p>A letra e a m\u00fasica s\u00e3o de autoria da professora Hayd\u00e9e Dumangin Mojola. O hino foi reconhecido oficialmente pela lei 868 de 17 de novembro de 1960.<\/p>\n\n\n\n<p>A vers\u00e3o cantada \u00e9 interpretada pelo Coral Municipal de Jundia\u00ed. A vers\u00e3o instrumental \u00e9 interpretada pela Banda S\u00e3o Jo\u00e3o Batista.<\/p>\n\n\n\n<p><\/p>\n\n\n\n<p><\/p>\n\n\n\n<p><strong>Ou\u00e7a o hino<\/strong><\/p>\n\n\n\n<figure class=\"wp-block-audio\"><audio controls src=\"https:\/\/jundiai.sp.gov.br\/a-cidade\/wp-content\/uploads\/sites\/31\/2021\/12\/audio_nova_versao_hino.mp3\"><\/audio><\/figure>\n\n\n\n<p><strong>Ou\u00e7a o hino instrumental<\/strong><\/p>\n\n\n\n<figure class=\"wp-block-audio\"><audio controls src=\"https:\/\/jundiai.sp.gov.br\/a-cidade\/wp-content\/uploads\/sites\/31\/2014\/09\/Hino-de-Jundia\u00ed-instrumental.mp3\"><\/audio><\/figure>\n\n\n\n<figure class=\"wp-block-embed is-type-video is-provider-youtube wp-block-embed-youtube wp-embed-aspect-16-9 wp-has-aspect-ratio\"><div class=\"wp-block-embed__wrapper\">\n<iframe loading=\"lazy\" title=\"Coral Municipal - Hino de Jundia\u00ed\" width=\"500\" height=\"281\" src=\"https:\/\/www.youtube.com\/embed\/0X292yaa_6k?feature=oembed\" frameborder=\"0\" allow=\"accelerometer; autoplay; clipboard-write; encrypted-media; gyroscope; picture-in-picture; web-share\" referrerpolicy=\"strict-origin-when-cross-origin\" allowfullscreen><\/iframe>\n<\/div><\/figure>\n\n\n\n<div class=\"wp-block-columns is-layout-flex wp-container-core-columns-is-layout-9d6595d7 wp-block-columns-is-layout-flex\">\n<div class=\"wp-block-column is-layout-flow wp-block-column-is-layout-flow\">\n<blockquote class=\"wp-block-quote is-layout-flow wp-block-quote-is-layout-flow\">\n<p>\u00d3 terra querida, Jundia\u00ed<br>Teus filhos amantes s\u00e3o de ti<br>Que Deus aben\u00e7oe eternamente<br>Esta terra onde nasci<\/p>\n\n\n\n<p>\u00d3 terra querida, Jundia\u00ed<br>Teus filhos amantes s\u00e3o de ti<br>Saudades mil levam<br>Os que passam por aqui<\/p>\n\n\n\n<p>Terra gentil, altru\u00edsta,<br>De ti me orgulho,<br>Pois \u00e9s bem paulista!<br>Teus filhos com devo\u00e7\u00e3o<br>Marcham pr\u00b4a luta como her\u00f3is<br>Cheios de f\u00e9 em sua ora\u00e7\u00e3o<\/p>\n<\/blockquote>\n<\/div>\n\n\n\n<div class=\"wp-block-column is-layout-flow wp-block-column-is-layout-flow\">\n<blockquote class=\"wp-block-quote is-layout-flow wp-block-quote-is-layout-flow\">\n<p>Que belas tardes amenas! <br>Que lindas noites,<br>Felizes, serenas!<br>Teu jardim, \u00e9 um para\u00edso<br>Onde a mocidade sempre jovial<br>Com seu odor confunde o riso.<\/p>\n\n\n\n<p>Quem poderia imitar<br>O teu c\u00e9u com tuas cores?<br>Com teus lindos fulgores?<br>Os teus campos, tuas flores?<br>S\u00f3 a natureza guiada pelo Criador<br>\u00c9 que pode pintar esse arrebol!<br>Que jamais vi,<br>Tardes ao por do Sol.<\/p>\n<\/blockquote>\n<\/div>\n<\/div>\n\n\n\n<div class=\"wp-block-file\"><a id=\"wp-block-file--media-02a66085-f4f5-4141-ad20-aa8b04340c66\" href=\"https:\/\/jundiai.sp.gov.br\/a-cidade\/wp-content\/uploads\/sites\/31\/2021\/12\/hino-de-jundiai-final-1.pdf\" target=\"_blank\" rel=\"noreferrer noopener\">Partitura do Hino de Jundia\u00ed<\/a><a href=\"https:\/\/jundiai.sp.gov.br\/a-cidade\/wp-content\/uploads\/sites\/31\/2021\/12\/hino-de-jundiai-final-1.pdf\" class=\"wp-block-file__button wp-element-button\" download aria-describedby=\"wp-block-file--media-02a66085-f4f5-4141-ad20-aa8b04340c66\">Baixar<\/a><\/div>\n\n\n\n<p><\/p>\n\n\n\n<p><\/p>\n","protected":false},"excerpt":{"rendered":"<p>A letra e a m\u00fasica s\u00e3o de autoria da professora Hayd\u00e9e Dumangin Mojola. O hino foi reconhecido oficialmente pela lei 868 de 17 de novembro de 1960. A vers\u00e3o cantada \u00e9 interpretada pelo Coral Municipal de Jundia\u00ed. A vers\u00e3o instrumental \u00e9 interpretada pela Banda S\u00e3o Jo\u00e3o Batista. Ou\u00e7a o hino Ou\u00e7a o hino instrumental \u00d3 [&hellip;]<\/p>\n","protected":false},"author":5,"featured_media":0,"parent":0,"menu_order":0,"comment_status":"closed","ping_status":"closed","template":"","meta":{"footnotes":""},"class_list":["post-14","page","type-page","status-publish","hentry"],"_links":{"self":[{"href":"https:\/\/jundiai.sp.gov.br\/a-cidade\/wp-json\/wp\/v2\/pages\/14","targetHints":{"allow":["GET"]}}],"collection":[{"href":"https:\/\/jundiai.sp.gov.br\/a-cidade\/wp-json\/wp\/v2\/pages"}],"about":[{"href":"https:\/\/jundiai.sp.gov.br\/a-cidade\/wp-json\/wp\/v2\/types\/page"}],"author":[{"embeddable":true,"href":"https:\/\/jundiai.sp.gov.br\/a-cidade\/wp-json\/wp\/v2\/users\/5"}],"replies":[{"embeddable":true,"href":"https:\/\/jundiai.sp.gov.br\/a-cidade\/wp-json\/wp\/v2\/comments?post=14"}],"version-history":[{"count":13,"href":"https:\/\/jundiai.sp.gov.br\/a-cidade\/wp-json\/wp\/v2\/pages\/14\/revisions"}],"predecessor-version":[{"id":440,"href":"https:\/\/jundiai.sp.gov.br\/a-cidade\/wp-json\/wp\/v2\/pages\/14\/revisions\/440"}],"wp:attachment":[{"href":"https:\/\/jundiai.sp.gov.br\/a-cidade\/wp-json\/wp\/v2\/media?parent=14"}],"curies":[{"name":"wp","href":"https:\/\/api.w.org\/{rel}","templated":true}]}}