{"id":2,"date":"2014-09-23T19:06:25","date_gmt":"2014-09-23T19:06:25","guid":{"rendered":"https:\/\/jundiai.sp.gov.br\/a-cidade\/?page_id=2"},"modified":"2022-04-20T12:54:09","modified_gmt":"2022-04-20T15:54:09","slug":"a-cidade","status":"publish","type":"page","link":"https:\/\/jundiai.sp.gov.br\/a-cidade\/","title":{"rendered":"A Cidade"},"content":{"rendered":"\n<ul class=\"wp-block-list\"><li><a href=\"https:\/\/jundiai.sp.gov.br\/a-cidade\/perfil\/\">Perfil<\/a><\/li><li><a href=\"https:\/\/jundiai.sp.gov.br\/a-cidade\/historia\/\">Hist\u00f3ria<\/a><\/li><li><a href=\"https:\/\/jundiai.sp.gov.br\/a-cidade\/hino\/\">Hino<\/a><\/li><li><a href=\"https:\/\/jundiai.sp.gov.br\/a-cidade\/simbolos\/\">S\u00edmbolos<\/a><\/li><li><a href=\"https:\/\/jundiai.sp.gov.br\/a-cidade\/feriados-e-pontos-facultativos\/\">Feriados e Pontos Facultativos do Munic\u00edpio<\/a><\/li><li><a href=\"https:\/\/jundiai.sp.gov.br\/conhecaseubairro\/\">Conhe\u00e7a seu Bairro<\/a><\/li><li><a rel=\"noopener\" href=\"https:\/\/galeriadeprefeitos.jundiai.sp.gov.br\/\" target=\"_blank\">Galeria de Prefeitos<\/a><\/li><\/ul>\n","protected":false},"excerpt":{"rendered":"<p>Perfil Hist\u00f3ria Hino S\u00edmbolos Feriados e Pontos Facultativos do Munic\u00edpio Conhe\u00e7a seu Bairro Galeria de Prefeitos<\/p>\n","protected":false},"author":5,"featured_media":0,"parent":0,"menu_order":0,"comment_status":"open","ping_status":"closed","template":"","meta":{"footnotes":""},"class_list":["post-2","page","type-page","status-publish","hentry"],"_links":{"self":[{"href":"https:\/\/jundiai.sp.gov.br\/a-cidade\/wp-json\/wp\/v2\/pages\/2","targetHints":{"allow":["GET"]}}],"collection":[{"href":"https:\/\/jundiai.sp.gov.br\/a-cidade\/wp-json\/wp\/v2\/pages"}],"about":[{"href":"https:\/\/jundiai.sp.gov.br\/a-cidade\/wp-json\/wp\/v2\/types\/page"}],"author":[{"embeddable":true,"href":"https:\/\/jundiai.sp.gov.br\/a-cidade\/wp-json\/wp\/v2\/users\/5"}],"replies":[{"embeddable":true,"href":"https:\/\/jundiai.sp.gov.br\/a-cidade\/wp-json\/wp\/v2\/comments?post=2"}],"version-history":[{"count":10,"href":"https:\/\/jundiai.sp.gov.br\/a-cidade\/wp-json\/wp\/v2\/pages\/2\/revisions"}],"predecessor-version":[{"id":320,"href":"https:\/\/jundiai.sp.gov.br\/a-cidade\/wp-json\/wp\/v2\/pages\/2\/revisions\/320"}],"wp:attachment":[{"href":"https:\/\/jundiai.sp.gov.br\/a-cidade\/wp-json\/wp\/v2\/media?parent=2"}],"curies":[{"name":"wp","href":"https:\/\/api.w.org\/{rel}","templated":true}]}}