{"id":15,"date":"2014-08-14T12:12:54","date_gmt":"2014-08-14T15:12:54","guid":{"rendered":"https:\/\/jundiai.sp.gov.br\/recursos-humanos\/?page_id=15"},"modified":"2026-01-14T14:50:53","modified_gmt":"2026-01-14T17:50:53","slug":"gestor","status":"publish","type":"page","link":"https:\/\/jundiai.sp.gov.br\/administracao-e-gestao-de-pessoas\/gestor\/","title":{"rendered":"Secret\u00e1ria"},"content":{"rendered":"\n<div class=\"wp-block-columns is-layout-flex wp-container-core-columns-is-layout-9d6595d7 wp-block-columns-is-layout-flex\">\n<div class=\"wp-block-column is-vertically-aligned-center is-layout-flow wp-block-column-is-layout-flow\">\n<figure class=\"wp-block-image size-large\"><img loading=\"lazy\" decoding=\"async\" width=\"1280\" height=\"854\" src=\"https:\/\/jundiai.sp.gov.br\/administracao-e-gestao-de-pessoas\/wp-content\/uploads\/sites\/16\/2026\/01\/emily_scapinelli_secretaria_de-admnistracao_e_gestao_de_pessoas_d-6-1280x854.jpg\" alt=\"\" class=\"wp-image-7520\" srcset=\"https:\/\/jundiai.sp.gov.br\/administracao-e-gestao-de-pessoas\/wp-content\/uploads\/sites\/16\/2026\/01\/emily_scapinelli_secretaria_de-admnistracao_e_gestao_de_pessoas_d-6-1280x854.jpg 1280w, https:\/\/jundiai.sp.gov.br\/administracao-e-gestao-de-pessoas\/wp-content\/uploads\/sites\/16\/2026\/01\/emily_scapinelli_secretaria_de-admnistracao_e_gestao_de_pessoas_d-6-300x200.jpg 300w, https:\/\/jundiai.sp.gov.br\/administracao-e-gestao-de-pessoas\/wp-content\/uploads\/sites\/16\/2026\/01\/emily_scapinelli_secretaria_de-admnistracao_e_gestao_de_pessoas_d-6-768x512.jpg 768w, https:\/\/jundiai.sp.gov.br\/administracao-e-gestao-de-pessoas\/wp-content\/uploads\/sites\/16\/2026\/01\/emily_scapinelli_secretaria_de-admnistracao_e_gestao_de_pessoas_d-6-1536x1024.jpg 1536w, https:\/\/jundiai.sp.gov.br\/administracao-e-gestao-de-pessoas\/wp-content\/uploads\/sites\/16\/2026\/01\/emily_scapinelli_secretaria_de-admnistracao_e_gestao_de_pessoas_d-6.jpg 1900w\" sizes=\"auto, (max-width: 1280px) 100vw, 1280px\" \/><\/figure>\n<\/div>\n\n\n\n<div class=\"wp-block-column is-layout-flow wp-block-column-is-layout-flow\">\n<h2 class=\"wp-block-heading\"><strong>Emily Scapinelli<\/strong> <\/h2>\n\n\n\n<p>Servidora p\u00fablica h\u00e1 12 anos, construiu toda a sua carreira na Secretaria de Gest\u00e3o e Administra\u00e7\u00e3o de Pessoas, com atua\u00e7\u00e3o voltada \u00e0 \u00e1rea de Compras Governamentais, onde acumulou ampla experi\u00eancia t\u00e9cnica e profundo conhecimento dos processos administrativos e de gest\u00e3o.<\/p>\n\n\n\n<p>\u00c9 graduada em Log\u00edstica pela FATEC Jundia\u00ed \u2013 Centro Paula Souza, possui p\u00f3s-gradua\u00e7\u00e3o em Administra\u00e7\u00e3o de Empresas pela Funda\u00e7\u00e3o Getulio Vargas e MBA em Governan\u00e7a P\u00fablica nas esferas Municipal, Estadual e Federal pelo Grupo Anchieta. Ao longo da carreira, tamb\u00e9m se especializou em governan\u00e7a, inova\u00e7\u00e3o no servi\u00e7o p\u00fablico, licita\u00e7\u00f5es, gest\u00e3o de contratos, planejamento or\u00e7ament\u00e1rio e gerenciamento de projetos, com cursos realizados em institui\u00e7\u00f5es como a ENAP \u2013 Escola Nacional de Administra\u00e7\u00e3o P\u00fablica, IBAM e Escola de Gest\u00e3o P\u00fablica de Jundia\u00ed.<\/p>\n\n\n\n<p><\/p>\n<\/div>\n<\/div>\n\n\n\n<p><\/p>\n","protected":false},"excerpt":{"rendered":"<p>Emily Scapinelli Servidora p\u00fablica h\u00e1 12 anos, construiu toda a sua carreira na Secretaria de Gest\u00e3o e Administra\u00e7\u00e3o de Pessoas, com atua\u00e7\u00e3o voltada \u00e0 \u00e1rea de Compras Governamentais, onde acumulou ampla experi\u00eancia t\u00e9cnica e profundo conhecimento dos processos administrativos e de gest\u00e3o. \u00c9 graduada em Log\u00edstica pela FATEC Jundia\u00ed \u2013 Centro Paula Souza, possui p\u00f3s-gradua\u00e7\u00e3o [&hellip;]<\/p>\n","protected":false},"author":5,"featured_media":0,"parent":0,"menu_order":0,"comment_status":"closed","ping_status":"closed","template":"","meta":{"footnotes":""},"class_list":["post-15","page","type-page","status-publish","hentry"],"_links":{"self":[{"href":"https:\/\/jundiai.sp.gov.br\/administracao-e-gestao-de-pessoas\/wp-json\/wp\/v2\/pages\/15","targetHints":{"allow":["GET"]}}],"collection":[{"href":"https:\/\/jundiai.sp.gov.br\/administracao-e-gestao-de-pessoas\/wp-json\/wp\/v2\/pages"}],"about":[{"href":"https:\/\/jundiai.sp.gov.br\/administracao-e-gestao-de-pessoas\/wp-json\/wp\/v2\/types\/page"}],"author":[{"embeddable":true,"href":"https:\/\/jundiai.sp.gov.br\/administracao-e-gestao-de-pessoas\/wp-json\/wp\/v2\/users\/5"}],"replies":[{"embeddable":true,"href":"https:\/\/jundiai.sp.gov.br\/administracao-e-gestao-de-pessoas\/wp-json\/wp\/v2\/comments?post=15"}],"version-history":[{"count":30,"href":"https:\/\/jundiai.sp.gov.br\/administracao-e-gestao-de-pessoas\/wp-json\/wp\/v2\/pages\/15\/revisions"}],"predecessor-version":[{"id":7523,"href":"https:\/\/jundiai.sp.gov.br\/administracao-e-gestao-de-pessoas\/wp-json\/wp\/v2\/pages\/15\/revisions\/7523"}],"wp:attachment":[{"href":"https:\/\/jundiai.sp.gov.br\/administracao-e-gestao-de-pessoas\/wp-json\/wp\/v2\/media?parent=15"}],"curies":[{"name":"wp","href":"https:\/\/api.w.org\/{rel}","templated":true}]}}