{"id":1871,"date":"2017-02-15T14:49:56","date_gmt":"2017-02-15T16:49:56","guid":{"rendered":"https:\/\/jundiai.sp.gov.br\/gestao-de-pessoas\/?page_id=1871"},"modified":"2017-11-30T12:15:25","modified_gmt":"2017-11-30T14:15:25","slug":"recrutamento-e-selecao","status":"publish","type":"page","link":"https:\/\/jundiai.sp.gov.br\/administracao-e-gestao-de-pessoas\/gestao-de-pessoas\/servidores\/recrutamento-e-selecao\/","title":{"rendered":"Recrutamento e Sele\u00e7\u00e3o"},"content":{"rendered":"<ul>\n<li><a href=\"https:\/\/jundiai.sp.gov.br\/administracao-e-gestao-de-pessoas\/concursos\/\">Concursos<\/a><\/li>\n<li><a href=\"https:\/\/jundiai.sp.gov.br\/administracao-e-gestao-de-pessoas\/contratacao-temporaria\/\">Contrata\u00e7\u00e3o Tempor\u00e1ria<\/a><\/li>\n<\/ul>\n","protected":false},"excerpt":{"rendered":"<p>Concursos Contrata\u00e7\u00e3o Tempor\u00e1ria<\/p>\n","protected":false},"author":14,"featured_media":0,"parent":1885,"menu_order":7,"comment_status":"closed","ping_status":"closed","template":"page-subpaginas.php","meta":{"footnotes":""},"class_list":["post-1871","page","type-page","status-publish","hentry"],"_links":{"self":[{"href":"https:\/\/jundiai.sp.gov.br\/administracao-e-gestao-de-pessoas\/wp-json\/wp\/v2\/pages\/1871","targetHints":{"allow":["GET"]}}],"collection":[{"href":"https:\/\/jundiai.sp.gov.br\/administracao-e-gestao-de-pessoas\/wp-json\/wp\/v2\/pages"}],"about":[{"href":"https:\/\/jundiai.sp.gov.br\/administracao-e-gestao-de-pessoas\/wp-json\/wp\/v2\/types\/page"}],"author":[{"embeddable":true,"href":"https:\/\/jundiai.sp.gov.br\/administracao-e-gestao-de-pessoas\/wp-json\/wp\/v2\/users\/14"}],"replies":[{"embeddable":true,"href":"https:\/\/jundiai.sp.gov.br\/administracao-e-gestao-de-pessoas\/wp-json\/wp\/v2\/comments?post=1871"}],"version-history":[{"count":5,"href":"https:\/\/jundiai.sp.gov.br\/administracao-e-gestao-de-pessoas\/wp-json\/wp\/v2\/pages\/1871\/revisions"}],"predecessor-version":[{"id":2040,"href":"https:\/\/jundiai.sp.gov.br\/administracao-e-gestao-de-pessoas\/wp-json\/wp\/v2\/pages\/1871\/revisions\/2040"}],"up":[{"embeddable":true,"href":"https:\/\/jundiai.sp.gov.br\/administracao-e-gestao-de-pessoas\/wp-json\/wp\/v2\/pages\/1885"}],"wp:attachment":[{"href":"https:\/\/jundiai.sp.gov.br\/administracao-e-gestao-de-pessoas\/wp-json\/wp\/v2\/media?parent=1871"}],"curies":[{"name":"wp","href":"https:\/\/api.w.org\/{rel}","templated":true}]}}