{"id":1903,"date":"2017-03-01T12:45:17","date_gmt":"2017-03-01T15:45:17","guid":{"rendered":"https:\/\/jundiai.sp.gov.br\/gestao-de-pessoas\/?page_id=1903"},"modified":"2025-05-13T14:56:45","modified_gmt":"2025-05-13T17:56:45","slug":"legislacao-plano-de-cargos","status":"publish","type":"page","link":"https:\/\/jundiai.sp.gov.br\/administracao-e-gestao-de-pessoas\/gestao-de-pessoas\/servidores\/legislacao-plano-de-cargos\/","title":{"rendered":"Legisla\u00e7\u00e3o Plano de Cargos, Sal\u00e1rios e Vencimentos"},"content":{"rendered":"<p><strong>Plano de Cargos, Sal\u00e1rios e Vencimentos<\/strong><br \/>\n<a href=\"http:\/\/sapl.camarajundiai.sp.gov.br\/sapl_documentos\/norma_juridica\/7799_texto_consolidado.pdf\" target=\"_blank\" rel=\"noopener noreferrer\">Lei n\u00b0 7.827, de 29 de mar\u00e7o de 2012<\/a><\/p>\n<p><strong>Enquadramento dos servidores do quadro estatut\u00e1rio e celetista<\/strong><br \/>\n<a href=\"https:\/\/jundiai.sp.gov.br\/administracao-e-gestao-de-pessoas\/wp-content\/uploads\/sites\/16\/2014\/09\/Edital-n\u00b0-169-de-12-de-abril-de-2012.pdf\">Edital n\u00b0 169, de 12 de abril de 2012<\/a><\/p>\n<p><strong>Enquadramento Quadro Especial &#8211; DAE<\/strong><br \/>\n<a href=\"https:\/\/jundiai.sp.gov.br\/administracao-e-gestao-de-pessoas\/wp-content\/uploads\/sites\/16\/2014\/09\/Edital-n\u00b0-170-de-12-de-abril-de-2012.pdf\">Edital n\u00b0 170, de 12 de abril de 2012<\/a><\/p>\n<p><strong>Enquadramento inativos e pensionistas<\/strong><br \/>\n<a href=\"https:\/\/jundiai.sp.gov.br\/administracao-e-gestao-de-pessoas\/wp-content\/uploads\/sites\/16\/2014\/09\/Edital-n\u00b0-171-de-12-de-abril-de-2012.pdf\">Edital n\u00b0 171, de 12 de abril de 2012<\/a><\/p>\n<p><strong>D\u00favidas Frequentes<\/strong><br \/>\n<a href=\"https:\/\/jundiai.sp.gov.br\/administracao-e-gestao-de-pessoas\/wp-content\/uploads\/sites\/16\/2014\/09\/Perguntas-e-Respostas.pdf\">Perguntas e Respostas<\/a><\/p>\n<h2>Contato<\/h2>\n<p><a href=\"mailto:ugagp_dcs@jundiai.sp.gov.br\" target=\"_blank\" rel=\"noopener\">ugagp_dcs@jundiai.sp.gov.br<\/a><\/p>\n<p>&nbsp;<\/p>\n","protected":false},"excerpt":{"rendered":"<p>Plano de Cargos, Sal\u00e1rios e Vencimentos Lei n\u00b0 7.827, de 29 de mar\u00e7o de 2012 Enquadramento dos servidores do quadro estatut\u00e1rio e celetista Edital n\u00b0 169, de 12 de abril de 2012 Enquadramento Quadro Especial &#8211; DAE Edital n\u00b0 170, de 12 de abril de 2012 Enquadramento inativos e pensionistas Edital n\u00b0 171, de 12 [&hellip;]<\/p>\n","protected":false},"author":14,"featured_media":0,"parent":1885,"menu_order":0,"comment_status":"closed","ping_status":"closed","template":"","meta":{"footnotes":""},"class_list":["post-1903","page","type-page","status-publish","hentry"],"_links":{"self":[{"href":"https:\/\/jundiai.sp.gov.br\/administracao-e-gestao-de-pessoas\/wp-json\/wp\/v2\/pages\/1903","targetHints":{"allow":["GET"]}}],"collection":[{"href":"https:\/\/jundiai.sp.gov.br\/administracao-e-gestao-de-pessoas\/wp-json\/wp\/v2\/pages"}],"about":[{"href":"https:\/\/jundiai.sp.gov.br\/administracao-e-gestao-de-pessoas\/wp-json\/wp\/v2\/types\/page"}],"author":[{"embeddable":true,"href":"https:\/\/jundiai.sp.gov.br\/administracao-e-gestao-de-pessoas\/wp-json\/wp\/v2\/users\/14"}],"replies":[{"embeddable":true,"href":"https:\/\/jundiai.sp.gov.br\/administracao-e-gestao-de-pessoas\/wp-json\/wp\/v2\/comments?post=1903"}],"version-history":[{"count":8,"href":"https:\/\/jundiai.sp.gov.br\/administracao-e-gestao-de-pessoas\/wp-json\/wp\/v2\/pages\/1903\/revisions"}],"predecessor-version":[{"id":7226,"href":"https:\/\/jundiai.sp.gov.br\/administracao-e-gestao-de-pessoas\/wp-json\/wp\/v2\/pages\/1903\/revisions\/7226"}],"up":[{"embeddable":true,"href":"https:\/\/jundiai.sp.gov.br\/administracao-e-gestao-de-pessoas\/wp-json\/wp\/v2\/pages\/1885"}],"wp:attachment":[{"href":"https:\/\/jundiai.sp.gov.br\/administracao-e-gestao-de-pessoas\/wp-json\/wp\/v2\/media?parent=1903"}],"curies":[{"name":"wp","href":"https:\/\/api.w.org\/{rel}","templated":true}]}}