{"id":1939,"date":"2017-03-16T12:08:18","date_gmt":"2017-03-16T15:08:18","guid":{"rendered":"https:\/\/jundiai.sp.gov.br\/gestao-de-pessoas\/?page_id=1939"},"modified":"2017-03-16T12:08:18","modified_gmt":"2017-03-16T15:08:18","slug":"telefonia","status":"publish","type":"page","link":"https:\/\/jundiai.sp.gov.br\/administracao-e-gestao-de-pessoas\/telefonia\/","title":{"rendered":"Telefonia"},"content":{"rendered":"<p>Todo sistema de telefonia da Prefeitura \u00e9 gerenciado pela Unidade de Gest\u00e3o de Administra\u00e7\u00e3o e Gest\u00e3o de Pessoas.<\/p>\n<p>A implanta\u00e7\u00e3o do sistema DDR, atrav\u00e9s de fibra \u00f3tica, ocorrida em 2002, proporcionou aos usu\u00e1rios mais qualidade e rapidez nas liga\u00e7\u00f5es.<\/p>\n<p>Listas com os ramais de todas \u00e0s secretarias s\u00e3o distribu\u00eddas regularmente a empresas, escrit\u00f3rios, construtoras, etc.<\/p>\n<p>Os interessados nessa lista devem entrar em contato pelo telefone 4589-8935 \u2013 Departamento de Controle de Gr\u00e1fica e Telefonia (DCGT) \u2013 Pa\u00e7o Municipal &#8211; 4\u00ba Andar \u2013Ala Norte.<\/p>\n<p>Os novos n\u00fameros de telefone do Pa\u00e7o Municipal v\u00e3o de (11) 4589-8400 a (11) 4589-8996 e (11) 4589-8390 \u00e0 (11) 4589-8399.<\/p>\n","protected":false},"excerpt":{"rendered":"<p>Todo sistema de telefonia da Prefeitura \u00e9 gerenciado pela Unidade de Gest\u00e3o de Administra\u00e7\u00e3o e Gest\u00e3o de Pessoas. A implanta\u00e7\u00e3o do sistema DDR, atrav\u00e9s de fibra \u00f3tica, ocorrida em 2002, proporcionou aos usu\u00e1rios mais qualidade e rapidez nas liga\u00e7\u00f5es. Listas com os ramais de todas \u00e0s secretarias s\u00e3o distribu\u00eddas regularmente a empresas, escrit\u00f3rios, construtoras, etc. [&hellip;]<\/p>\n","protected":false},"author":14,"featured_media":0,"parent":0,"menu_order":0,"comment_status":"closed","ping_status":"closed","template":"","meta":{"footnotes":""},"class_list":["post-1939","page","type-page","status-publish","hentry"],"_links":{"self":[{"href":"https:\/\/jundiai.sp.gov.br\/administracao-e-gestao-de-pessoas\/wp-json\/wp\/v2\/pages\/1939","targetHints":{"allow":["GET"]}}],"collection":[{"href":"https:\/\/jundiai.sp.gov.br\/administracao-e-gestao-de-pessoas\/wp-json\/wp\/v2\/pages"}],"about":[{"href":"https:\/\/jundiai.sp.gov.br\/administracao-e-gestao-de-pessoas\/wp-json\/wp\/v2\/types\/page"}],"author":[{"embeddable":true,"href":"https:\/\/jundiai.sp.gov.br\/administracao-e-gestao-de-pessoas\/wp-json\/wp\/v2\/users\/14"}],"replies":[{"embeddable":true,"href":"https:\/\/jundiai.sp.gov.br\/administracao-e-gestao-de-pessoas\/wp-json\/wp\/v2\/comments?post=1939"}],"version-history":[{"count":1,"href":"https:\/\/jundiai.sp.gov.br\/administracao-e-gestao-de-pessoas\/wp-json\/wp\/v2\/pages\/1939\/revisions"}],"predecessor-version":[{"id":1940,"href":"https:\/\/jundiai.sp.gov.br\/administracao-e-gestao-de-pessoas\/wp-json\/wp\/v2\/pages\/1939\/revisions\/1940"}],"wp:attachment":[{"href":"https:\/\/jundiai.sp.gov.br\/administracao-e-gestao-de-pessoas\/wp-json\/wp\/v2\/media?parent=1939"}],"curies":[{"name":"wp","href":"https:\/\/api.w.org\/{rel}","templated":true}]}}