{"id":1945,"date":"2017-03-16T12:13:04","date_gmt":"2017-03-16T15:13:04","guid":{"rendered":"https:\/\/jundiai.sp.gov.br\/gestao-de-pessoas\/?page_id=1945"},"modified":"2024-06-03T13:27:15","modified_gmt":"2024-06-03T16:27:15","slug":"normatizacao-de-eventos","status":"publish","type":"page","link":"https:\/\/jundiai.sp.gov.br\/administracao-e-gestao-de-pessoas\/normatizacao-de-eventos\/","title":{"rendered":"Normatiza\u00e7\u00e3o"},"content":{"rendered":"\n<h3 class=\"wp-block-heading\">2024<\/h3>\n\n\n\n<p><a href=\"https:\/\/jundiai.sp.gov.br\/administracao-e-gestao-de-pessoas\/wp-content\/uploads\/sites\/16\/2024\/06\/instrucao-normativa-n-06-2024-e-publicacao.pdf\" data-type=\"link\" data-id=\"https:\/\/jundiai.sp.gov.br\/administracao-e-gestao-de-pessoas\/wp-content\/uploads\/sites\/16\/2024\/06\/instrucao-normativa-n-06-2024-e-publicacao.pdf\">Instru\u00e7\u00e3o Normativa UGAGP n\u00ba 06, de 27 de maio de 2024<br><\/a>Procedimento de abertura de processos administrativos eletr\u00f4nicos, no \u00e2mbito da Administra\u00e7\u00e3o P\u00fablica Direta do Munic\u00edpio de Jundia\u00ed.<\/p>\n\n\n\n<p><a href=\"https:\/\/jundiai.sp.gov.br\/administracao-e-gestao-de-pessoas\/wp-content\/uploads\/sites\/16\/2024\/01\/instrucao-normativa-n-01-2024-e-publicacao.pdf\">Instru\u00e7\u00e3o Normativa UGAGP n\u00ba 01, de 03 de janeiro de 2024<\/a><br>Procedimentos de digitaliza\u00e7\u00e3o dos processos administrativos f\u00edsicos e convers\u00e3o para processos administrativos eletr\u00f4nicos.<\/p>\n\n\n\n<p><a href=\"https:\/\/jundiai.sp.gov.br\/administracao-e-gestao-de-pessoas\/wp-content\/uploads\/sites\/16\/2024\/01\/instrucao-normativa-ugagp-no-02-de-26-de-janeiro-de-2023-e-republicacao.pdf\">Instru\u00e7\u00e3o Normativa UGAGP n\u00ba 02, de 03 de janeiro de 2024<\/a><br>Procedimentos de cadastro e concess\u00e3o de acesso \u00e0 usu\u00e1rio externo&nbsp;SEI<\/p>\n\n\n\n<p><a href=\"https:\/\/jundiai.sp.gov.br\/administracao-e-gestao-de-pessoas\/wp-content\/uploads\/sites\/16\/2024\/06\/instrucao-normativa-n-06-2024-e-publicacao-1.pdf\">Instru\u00e7\u00e3o Normativa UGAGP n\u00ba 06, de 27 de maio de 2024<\/a><br>Procedimento de abertura de processos administrativos eletr\u00f4nicos, no \u00e2mbito da Administra\u00e7\u00e3o P\u00fablica Direta do Munic\u00edpio de Jundia\u00ed.<\/p>\n\n\n\n<h3 class=\"wp-block-heading\">2023<\/h3>\n\n\n\n<p><a href=\"https:\/\/jundiai.sp.gov.br\/administracao-e-gestao-de-pessoas\/wp-content\/uploads\/sites\/16\/2023\/07\/portaria-no-94-de-29-de-junho-de-2023-designacao-para-integrar-o-grupo-tecnico-lei-geral-de-protecao-de-dados-pessoais-lgpd-bienio-2023-2025.pdf\" target=\"_blank\" rel=\"noreferrer noopener\">Portaria n\u00ba 94, de 29 de junho de 2023<\/a><br>Designa\u00e7\u00e3o para integrar o Grupo T\u00e9cnico &#8211; Lei Geral de Prote\u00e7\u00e3o de Dados Pessoais &#8211; LGPD &#8211; bi\u00eanio 2023-2025<\/p>\n\n\n\n<p><a href=\"https:\/\/jundiai.sp.gov.br\/administracao-e-gestao-de-pessoas\/wp-content\/uploads\/sites\/16\/2023\/02\/instrucao-normativa-conjunta-ugagp-ugirc-n-04-de-13-de-fevereiro-de-2023-e-publicacao-1.pdf\" target=\"_blank\" rel=\"noreferrer noopener\">Instru\u00e7\u00e3o Normativa Conjunta UGAGP\/UGIRC n\u00ba 04, de 13 de fevereiro de 2023<\/a><br>Regulamenta a comunica\u00e7\u00e3o institucional com os agentes p\u00fablicos municipais por aplicativos de mensagem<\/p>\n\n\n\n<p><a rel=\"noreferrer noopener\" href=\"https:\/\/jundiai.sp.gov.br\/administracao-e-gestao-de-pessoas\/wp-content\/uploads\/sites\/16\/2023\/02\/sei_pmj-0678947-instrucao-normativa-para-publicar-no-site-ja-esta-com-assinatura-digital-simone-1.pdf\" target=\"_blank\">Instru\u00e7\u00e3o Normativa UGAGP n\u00ba 02, de 26 de janeiro de 2023<\/a> <br>Procedimento administrativo para a realiza\u00e7\u00e3o de assinatura eletr\u00f4nica nas contrata\u00e7\u00f5es p\u00fablicas<\/p>\n\n\n\n<h3 class=\"wp-block-heading\">2022<\/h3>\n\n\n\n<p><a rel=\"noreferrer noopener\" href=\"https:\/\/jundiai.sp.gov.br\/administracao-e-gestao-de-pessoas\/wp-content\/uploads\/sites\/16\/2022\/08\/decreto-n-31-668-de-04-de-agosto-de-2022-uso-heliponto-paco-municipal-alteracao.pdf\" target=\"_blank\">Decreto 31.668, de 04 de agosto de 2022<\/a><br>Altera o Decreto n\u00ba 27.116, de 23 de outubro de 2017 que regulamenta o uso do heliponto do Pa\u00e7o Municipal &#8220;Nova Jundia\u00ed&#8221;<\/p>\n\n\n\n<p><a href=\"https:\/\/jundiai.sp.gov.br\/administracao-e-gestao-de-pessoas\/wp-content\/uploads\/sites\/16\/2022\/08\/regulamento-uso-rotativo-da-estacao-de-recarga-de-veiculos-eletricos.pdf\" target=\"_blank\" rel=\"noreferrer noopener\">Regulamento Uso Rotativo da Esta\u00e7\u00e3o de Recarga de Ve\u00edculos El\u00e9tricos<\/a><\/p>\n\n\n\n<h3 class=\"wp-block-heading\" id=\"2021\">2021<\/h3>\n\n\n\n<p><a href=\"https:\/\/jundiai.sp.gov.br\/administracao-e-gestao-de-pessoas\/wp-content\/uploads\/sites\/16\/2021\/12\/in-06-2021-ugagp.pdf\">Instru\u00e7\u00e3o Normativa UGAGP n\u00ba 06, de 24 de novembro de 2021<\/a><br>Altera\u00e7\u00e3o da IN 04\/2017 \u2013 Normas para a contrata\u00e7\u00e3o de profissionais contribuintes individuais\/aut\u00f4nomos<\/p>\n\n\n\n<p><a href=\"https:\/\/jundiai.sp.gov.br\/administracao-e-gestao-de-pessoas\/wp-content\/uploads\/sites\/16\/2021\/03\/decreto-29-732-21-politica-de-governanca-da-administracao-2.pdf\">Decreto 29.732\/21 de 10 de fevereiro de 2021<\/a><br>Pol\u00edtica de Governan\u00e7a da Administra\u00e7\u00e3o<\/p>\n\n\n\n<p><a rel=\"noreferrer noopener\" href=\"https:\/\/jundiai.sp.gov.br\/administracao-e-gestao-de-pessoas\/wp-content\/uploads\/sites\/16\/2021\/02\/decreto-no-29-689-de-26-de-janeiro-de-2021-1.pdf\" target=\"_blank\">Decreto n\u00ba 29.689, de 26 de janeiro de 2021&nbsp;<\/a><br>Crit\u00e9rios de incorpora\u00e7\u00e3o de patrim\u00f4nio.<\/p>\n\n\n\n<p><\/p>\n\n\n\n<h3 class=\"wp-block-heading\" id=\"2020\">2020<\/h3>\n\n\n\n<p><a rel=\"noreferrer noopener\" href=\"https:\/\/jundiai.sp.gov.br\/administracao-e-gestao-de-pessoas\/wp-content\/uploads\/sites\/16\/2020\/07\/instrucao-normativa-no-05-de-21-de-julho-de-2020-1.pdf\" target=\"_blank\">Instru\u00e7\u00e3o Normativa n\u00ba 05, de 21 de julho de 2020<\/a><br>Procedimentos para os bens m\u00f3veis municipais&nbsp;<\/p>\n\n\n\n<p><a rel=\"noreferrer noopener\" href=\"https:\/\/jundiai.sp.gov.br\/administracao-e-gestao-de-pessoas\/wp-content\/uploads\/sites\/16\/2020\/10\/instrucao-normativa-no-06-de-07-de-outubro-de-2020.pdf\" target=\"_blank\">Instru\u00e7\u00e3o Normativa n\u00ba 06, de 07 de outubro de 2020<\/a><br>Altera\u00e7\u00e3o da IN 05\/2020 \u2013 Procedimentos para os bens m\u00f3veis municipal&nbsp;&nbsp;<\/p>\n\n\n\n<p><a rel=\"noreferrer noopener\" href=\"https:\/\/jundiai.sp.gov.br\/administracao-e-gestao-de-pessoas\/wp-content\/uploads\/sites\/16\/2020\/08\/portaria-104-de-20_08_2020.pdf\" target=\"_blank\">Portaria 104, de 20 de agosto de 2020&nbsp;<\/a><br>Designa os membros do N\u00facleo Gestor do Sistema Eletr\u00f4nico de Informa\u00e7\u00f5es \u2013 SEI&nbsp;&nbsp;<\/p>\n\n\n\n<p><\/p>\n\n\n\n<h3 class=\"wp-block-heading\" id=\"2019\">2019<\/h3>\n\n\n\n<p><a rel=\"noreferrer noopener\" href=\"https:\/\/jundiai.sp.gov.br\/administracao-e-gestao-de-pessoas\/wp-content\/uploads\/sites\/16\/2020\/08\/lei-9-365-de-18-de-dezembro-de-2019.pdf\" target=\"_blank\">&nbsp;Lei 9.365 de 2019&nbsp;<\/a><br>Afixa\u00e7\u00e3o nas reparti\u00e7\u00f5es de cartaz de incentivo \u00e0 den\u00fancia de pr\u00e1ticas de corrup\u00e7\u00e3o<\/p>\n\n\n\n<p><a rel=\"noreferrer noopener\" href=\"https:\/\/jundiai.sp.gov.br\/administracao-e-gestao-de-pessoas\/wp-content\/uploads\/sites\/16\/2020\/08\/lei-9-357-de-17-12-2019-sinalizacao-do-tea-transtorno-do-especttro-autista-publicacao.pdf\" target=\"_blank\">Lei 9.357 de 2019&nbsp;<\/a><br>Sinaliza\u00e7\u00e3o do TEA \u2013 Transtorno do Espectro Autista<\/p>\n\n\n\n<p><a rel=\"noreferrer noopener\" href=\"https:\/\/jundiai.sp.gov.br\/administracao-e-gestao-de-pessoas\/wp-content\/uploads\/sites\/16\/2020\/03\/lei-municipal-9-314-de-2019.pdf\" target=\"_blank\">Lei n\u00ba 9.314 de 2019&nbsp;<\/a><br>Pictograma a ser utilizado em atendimento a idosos<\/p>\n\n\n\n<p><a href=\"https:\/\/jundiai.sp.gov.br\/administracao-e-gestao-de-pessoas\/wp-content\/uploads\/sites\/16\/2020\/01\/lei-9-307-2019-lei-de-desburocratizacao.pdf\" target=\"_blank\" rel=\"noreferrer noopener\">Lei n\u00ba 9.307 de 2019&nbsp;<\/a><br>Lei de Desburocratiza\u00e7\u00e3o<\/p>\n\n\n\n<p><a rel=\"noreferrer noopener\" href=\"https:\/\/jundiai.sp.gov.br\/administracao-e-gestao-de-pessoas\/wp-content\/uploads\/sites\/16\/2020\/01\/lei-9-276-19-atendimento-preferencial-pessoas-com-neoplasia-maligna-e-fibro-mialgia-3.pdf\" target=\"_blank\">Lei n\u00b0 9.276 de 2019<\/a><br>Atendimento preferencial de pessoas com neoplasia maligna e fibromialgia<\/p>\n\n\n\n<p><a href=\"https:\/\/jundiai.sp.gov.br\/administracao-e-gestao-de-pessoas\/wp-content\/uploads\/sites\/16\/2019\/12\/decreto-28-656-de-09-de-dezembro-de-2019-1.pdf\" target=\"_blank\" rel=\"noreferrer noopener\">Decreto n\u00ba 28.656 de 2019<\/a><br>Regulamenta acesso de processos a advogados.<\/p>\n\n\n\n<p><a href=\"https:\/\/jundiai.sp.gov.br\/administracao-e-gestao-de-pessoas\/wp-content\/uploads\/sites\/16\/2020\/01\/decreto-28-615-2019.pdf\" target=\"_blank\" rel=\"noreferrer noopener\">Decreto n\u00ba 28.615 de 2019<\/a><br>Normas de Identifica\u00e7\u00e3o, Gerenciamento, Uso e Controle da Frota de Ve\u00edculos Oficiais.<\/p>\n\n\n\n<p><\/p>\n\n\n\n<h3 class=\"wp-block-heading\" id=\"2018\">2018<\/h3>\n\n\n\n<p><a rel=\"noreferrer noopener\" href=\"https:\/\/jundiai.sp.gov.br\/administracao-e-gestao-de-pessoas\/wp-content\/uploads\/sites\/16\/2018\/08\/lei-16756_2018-sp.pdf\" target=\"_blank\">Lei Estadual N\u00ba 16.756, de 08 de julho de 2018<\/a><br>Disp\u00f5es sobre a inser\u00e7\u00e3o do s\u00edmbolo Transtorno do Espectro Autista \u2013 TEA nas placas de atendimento priorit\u00e1rio<\/p>\n\n\n\n<p><a rel=\"noreferrer noopener\" href=\"https:\/\/jundiai.sp.gov.br\/administracao-e-gestao-de-pessoas\/wp-content\/uploads\/sites\/16\/2018\/12\/normatizacao-lei-desburocratizacao.pdf\" target=\"_blank\">Lei Federal n\u00ba 13.726 de 2018<\/a><br>Racionaliza atos e procedimentos administrativos.<\/p>\n\n\n\n<p><a rel=\"noreferrer noopener\" href=\"https:\/\/jundiai.sp.gov.br\/administracao-e-gestao-de-pessoas\/wp-content\/uploads\/sites\/16\/2018\/12\/lei-municipal-8_993_2018-1.pdf\" target=\"_blank\">Lei Municipal n\u00ba 8.993 de 2018<\/a><br>Referente \u00e0 publica\u00e7\u00e3o de listagem de empregados terceirizados.<\/p>\n\n\n\n<p><a rel=\"noreferrer noopener\" href=\"https:\/\/jundiai.sp.gov.br\/administracao-e-gestao-de-pessoas\/wp-content\/uploads\/sites\/16\/2018\/02\/lei-8901-08-02-18-regula-selecao-e-execucao-de-propostas-de-apoio-privado-a-acoes-de-interesse-da-administracao-publica.pdf\" target=\"_blank\">Lei n\u00ba 8901, de 08 de fevereiro de 2018<\/a><br>Regula sele\u00e7\u00e3o e execu\u00e7\u00e3o de propostas de apoio privado a a\u00e7\u00f5es de interesse da Administra\u00e7\u00e3o P\u00fablica<\/p>\n\n\n\n<p><a rel=\"noreferrer noopener\" href=\"https:\/\/jundiai.sp.gov.br\/administracao-e-gestao-de-pessoas\/wp-content\/uploads\/sites\/16\/2018\/10\/lc-583_18-_-altera-a-lc-482_09-_.pdf\" target=\"_blank\">Lei Complementar n\u00ba 583 de 2018<\/a><br>Altera a Lei Complementar n\u00b0 482 de 2009 \u2013 Conserva\u00e7\u00e3o de im\u00f3vel urbano e seu abandono.<\/p>\n\n\n\n<p><a rel=\"noreferrer noopener\" href=\"https:\/\/jundiai.sp.gov.br\/administracao-e-gestao-de-pessoas\/wp-content\/uploads\/sites\/16\/2018\/05\/comunicado-61_18.pdf\" target=\"_blank\">Comunicado n\u00ba 61 de 2018<\/a><br>Referente ao uso do e-mail institucional<\/p>\n\n\n\n<p><a rel=\"noreferrer noopener\" href=\"https:\/\/jundiai.sp.gov.br\/administracao-e-gestao-de-pessoas\/wp-content\/uploads\/sites\/16\/2018\/02\/instrucao-normativa-n-001-de-15-de-fevereiro-de-2018.pdf\" target=\"_blank\">Instru\u00e7\u00e3o Normativa n\u00ba 001, de 15 de fevereiro de 2018<\/a><br>Prioridade na tramita\u00e7\u00e3o dos procedimentos administrativos para requerente com idade igual ou superior a sessenta anos, e prioridade especial aos maiores de oitenta anos.<\/p>\n\n\n\n<p><\/p>\n\n\n\n<h3 class=\"wp-block-heading\" id=\"2017\">2017<\/h3>\n\n\n\n<p><a rel=\"noreferrer noopener\" href=\"https:\/\/jundiai.sp.gov.br\/administracao-e-gestao-de-pessoas\/wp-content\/uploads\/sites\/16\/2018\/02\/lei-n-8895-de-20-de-dezembro-de-2017.pdf\" target=\"_blank\">Lei n\u00ba 8.895, de 20 de dezembro de 2017<\/a><br>Altera a Lei n\u00ba 6.208\/03, para nos procedimentos administrativos priorizar, dentre os idosos, os octogen\u00e1rios.<\/p>\n\n\n\n<p><a rel=\"noreferrer noopener\" href=\"https:\/\/jundiai.sp.gov.br\/administracao-e-gestao-de-pessoas\/wp-content\/uploads\/sites\/16\/2017\/11\/instrucao-normativa-ugagp-n-004-de-13-de-novembro-de-2017-1.pdf\" target=\"_blank\">Instru\u00e7\u00e3o Normativa UGAGP n\u00ba 004 de 13 de novembro de 2017<\/a><br>Disp\u00f5e sobre contrata\u00e7\u00e3o de aut\u00f4nomo<\/p>\n\n\n\n<p><a rel=\"noreferrer noopener\" href=\"https:\/\/jundiai.sp.gov.br\/administracao-e-gestao-de-pessoas\/wp-content\/uploads\/sites\/16\/2022\/08\/decreto-n-27-116-de-23-de-outubro-de-2017-uso-heliponto-paco-municipal.pdf\" target=\"_blank\">Decreto n\u00ba 27.116, de 23 de outubro de 2017<\/a><br>Regulamenta o uso do heliponto do Pa\u00e7o Municipal &#8220;Nova Jundia\u00ed&#8221;&nbsp;<\/p>\n\n\n\n<h3 class=\"wp-block-heading\" id=\"2016\">2016<\/h3>\n\n\n\n<p><a rel=\"noreferrer noopener\" href=\"https:\/\/jundiai.sp.gov.br\/administracao-e-gestao-de-pessoas\/wp-content\/uploads\/sites\/16\/2018\/10\/lei-8_575-de-2016.pdf\" target=\"_blank\">Lei n\u00ba 8.575 de 2016<\/a><br>Permite a realiza\u00e7\u00e3o de obras fotogr\u00e1ficas e cong\u00eaneres em vias e espa\u00e7os p\u00fablicos.<\/p>\n\n\n\n<p><a rel=\"noreferrer noopener\" href=\"https:\/\/jundiai.sp.gov.br\/administracao-e-gestao-de-pessoas\/wp-content\/uploads\/sites\/16\/2017\/03\/Decreto-26.437-de-16-de-maio-de-2016.pdf\" target=\"_blank\">Decreto 26.437, de 16 de maio de 2016<\/a><\/p>\n\n\n\n<p><a href=\"https:\/\/jundiai.sp.gov.br\/administracao-e-gestao-de-pessoas\/wp-content\/uploads\/sites\/16\/2017\/03\/Requerimento-para-Licenciamento-Espa%C3%A7os-P%C3%BAblicos.pdf\" target=\"_blank\" rel=\"noreferrer noopener\">Requerimento novo \u2013 anexo<\/a><\/p>\n\n\n\n<p><a href=\"https:\/\/jundiai.sp.gov.br\/administracao-e-gestao-de-pessoas\/wp-content\/uploads\/sites\/16\/2017\/03\/ANEXO-II-RELA%C3%87%C3%83O-DE-DOCUMENTOS-NOVO.pdf\" target=\"_blank\" rel=\"noreferrer noopener\">Rela\u00e7\u00e3o de documentos \u2013 novo<\/a><\/p>\n\n\n\n<p><a rel=\"noreferrer noopener\" href=\"https:\/\/jundiai.sp.gov.br\/administracao-e-gestao-de-pessoas\/wp-content\/uploads\/sites\/16\/2017\/10\/decreto-27-116-23-10-17-heliponto.pdf\" target=\"_blank\">Normatiza\u00e7\u00e3o do heliponto<\/a><\/p>\n\n\n\n<p><\/p>\n\n\n\n<h3 class=\"wp-block-heading\" id=\"2015\">2015<\/h3>\n\n\n\n<p><a href=\"https:\/\/jundiai.sp.gov.br\/administracao-e-gestao-de-pessoas\/wp-content\/uploads\/sites\/16\/2018\/10\/lei-8_522-de-2015.pdf\" target=\"_blank\" rel=\"noreferrer noopener\">Lei n\u00ba 8.522 de 2015<\/a><br>Prev\u00ea divulga\u00e7\u00e3o dos n\u00fameros telef\u00f4nicos 156 e 181 nos locais de presta\u00e7\u00e3o de servi\u00e7o p\u00fablico.<\/p>\n\n\n\n<p><\/p>\n\n\n\n<h3 class=\"wp-block-heading\" id=\"2014\">2014<\/h3>\n\n\n\n<p><a rel=\"noreferrer noopener\" href=\"https:\/\/jundiai.sp.gov.br\/administracao-e-gestao-de-pessoas\/wp-content\/uploads\/sites\/16\/2018\/03\/portaria-214-de-03-09-2014.pdf\" target=\"_blank\">Portaria 214, de 03 de setembro de 2014<\/a><br>Designa os membros da Comiss\u00e3o de Avalia\u00e7\u00e3o de Documentos \u2013 COPAD<\/p>\n\n\n\n<p><\/p>\n\n\n\n<h3 class=\"wp-block-heading\" id=\"2003\">2003<\/h3>\n\n\n\n<p><a rel=\"noreferrer noopener\" href=\"https:\/\/jundiai.sp.gov.br\/administracao-e-gestao-de-pessoas\/wp-content\/uploads\/sites\/16\/2018\/02\/lei-n-6-208-de-22-de-dezembro-de-2003.pdf\" target=\"_blank\">Lei n\u00ba 6.208, de 22 de dezembro de 2003<\/a><br>Prioridade de tramita\u00e7\u00e3o aos procedimentos administrativos para requerente com idade igual ou superior a sessenta anos.<\/p>\n\n\n\n<p><\/p>\n\n\n\n<h3 class=\"wp-block-heading\" id=\"2000\">2000<\/h3>\n\n\n\n<p><a rel=\"noreferrer noopener\" href=\"https:\/\/jundiai.sp.gov.br\/administracao-e-gestao-de-pessoas\/wp-content\/uploads\/sites\/16\/2018\/03\/decreto-17701_de_11_02_2000.pdf\" target=\"_blank\">Decreto 17.701 de 11 de fevereiro de 2000<\/a><br>Temporalidade dos Processos Administrativos<\/p>\n\n\n\n<p><\/p>\n\n\n\n<h3 class=\"wp-block-heading\" id=\"1999\">1999<\/h3>\n\n\n\n<p><a rel=\"noreferrer noopener\" href=\"https:\/\/jundiai.sp.gov.br\/administracao-e-gestao-de-pessoas\/wp-content\/uploads\/sites\/16\/2018\/03\/lei-municipal-5-349-1999-de-17-12-1999.pdf\" target=\"_blank\">Lei 5.349, de 17 de dezembro de 1999<\/a><br>Estabelece normas para o ordenamento dos processos<\/p>\n\n\n\n<p><\/p>\n\n\n\n<p><\/p>\n\n\n\n<p><\/p>\n\n\n\n<p><\/p>\n","protected":false},"excerpt":{"rendered":"<p>2024 Instru\u00e7\u00e3o Normativa UGAGP n\u00ba 06, de 27 de maio de 2024Procedimento de abertura de processos administrativos eletr\u00f4nicos, no \u00e2mbito da Administra\u00e7\u00e3o P\u00fablica Direta do Munic\u00edpio de Jundia\u00ed. Instru\u00e7\u00e3o Normativa UGAGP n\u00ba 01, de 03 de janeiro de 2024Procedimentos de digitaliza\u00e7\u00e3o dos processos administrativos f\u00edsicos e convers\u00e3o para processos administrativos eletr\u00f4nicos. Instru\u00e7\u00e3o Normativa UGAGP n\u00ba [&hellip;]<\/p>\n","protected":false},"author":14,"featured_media":0,"parent":0,"menu_order":0,"comment_status":"closed","ping_status":"closed","template":"","meta":{"footnotes":""},"class_list":["post-1945","page","type-page","status-publish","hentry"],"_links":{"self":[{"href":"https:\/\/jundiai.sp.gov.br\/administracao-e-gestao-de-pessoas\/wp-json\/wp\/v2\/pages\/1945","targetHints":{"allow":["GET"]}}],"collection":[{"href":"https:\/\/jundiai.sp.gov.br\/administracao-e-gestao-de-pessoas\/wp-json\/wp\/v2\/pages"}],"about":[{"href":"https:\/\/jundiai.sp.gov.br\/administracao-e-gestao-de-pessoas\/wp-json\/wp\/v2\/types\/page"}],"author":[{"embeddable":true,"href":"https:\/\/jundiai.sp.gov.br\/administracao-e-gestao-de-pessoas\/wp-json\/wp\/v2\/users\/14"}],"replies":[{"embeddable":true,"href":"https:\/\/jundiai.sp.gov.br\/administracao-e-gestao-de-pessoas\/wp-json\/wp\/v2\/comments?post=1945"}],"version-history":[{"count":69,"href":"https:\/\/jundiai.sp.gov.br\/administracao-e-gestao-de-pessoas\/wp-json\/wp\/v2\/pages\/1945\/revisions"}],"predecessor-version":[{"id":7093,"href":"https:\/\/jundiai.sp.gov.br\/administracao-e-gestao-de-pessoas\/wp-json\/wp\/v2\/pages\/1945\/revisions\/7093"}],"wp:attachment":[{"href":"https:\/\/jundiai.sp.gov.br\/administracao-e-gestao-de-pessoas\/wp-json\/wp\/v2\/media?parent=1945"}],"curies":[{"name":"wp","href":"https:\/\/api.w.org\/{rel}","templated":true}]}}