{"id":1954,"date":"2017-03-16T14:12:26","date_gmt":"2017-03-16T17:12:26","guid":{"rendered":"https:\/\/jundiai.sp.gov.br\/gestao-de-pessoas\/?page_id=1954"},"modified":"2023-05-30T11:13:37","modified_gmt":"2023-05-30T14:13:37","slug":"protocolo","status":"publish","type":"page","link":"https:\/\/jundiai.sp.gov.br\/administracao-e-gestao-de-pessoas\/protocolo\/","title":{"rendered":"Divis\u00e3o de Gest\u00e3o Documental (Protocolo)"},"content":{"rendered":"<p><a href=\"https:\/\/jundiai.sp.gov.br\/servicos-online\/consulta-de-protocolo\/\">Divis\u00e3o de Gest\u00e3o Documental (Protocolo)<\/a><\/p>\n<p><a href=\"https:\/\/jundiai.sp.gov.br\/administracao-e-gestao-de-pessoas\/protocolo\/documentos-necessarios\/\">Documentos necess\u00e1rios<\/a><\/p>\n<p>O atendimento da Divis\u00e3o de Gest\u00e3o Documental (Protocolo) \u00e9 feito das 8h30 \u00e0s 16h30. Os processos hoje solicitados est\u00e3o com c\u00f3digo de barras, para facilitar o arquivamento. Al\u00e9m de mais seguran\u00e7a, sua localiza\u00e7\u00e3o torna-se simplificada quando solicitada pelo contribuinte.<\/p>\n<p>Os Editais de concorr\u00eancia, Tomadas de Pre\u00e7os e Preg\u00e3o Eletr\u00f4nico s\u00e3o vendidos no expediente do Departamento de Log\u00edstica, no 4\u00ba andar, Ala Norte, e quando estes n\u00e3o acompanham anexos (Plantas, CDs, amostras, etc), podem ser retirados gratuitamente pelo link <a href=\"http:\/\/compraaberta.jundiai.sp.gov.br\/\" target=\"_blank\" rel=\"noopener\">Compra Aberta<\/a>.<\/p>\n","protected":false},"excerpt":{"rendered":"<p>Divis\u00e3o de Gest\u00e3o Documental (Protocolo) Documentos necess\u00e1rios O atendimento da Divis\u00e3o de Gest\u00e3o Documental (Protocolo) \u00e9 feito das 8h30 \u00e0s 16h30. Os processos hoje solicitados est\u00e3o com c\u00f3digo de barras, para facilitar o arquivamento. Al\u00e9m de mais seguran\u00e7a, sua localiza\u00e7\u00e3o torna-se simplificada quando solicitada pelo contribuinte. Os Editais de concorr\u00eancia, Tomadas de Pre\u00e7os e Preg\u00e3o [&hellip;]<\/p>\n","protected":false},"author":14,"featured_media":0,"parent":0,"menu_order":0,"comment_status":"closed","ping_status":"closed","template":"","meta":{"footnotes":""},"class_list":["post-1954","page","type-page","status-publish","hentry"],"_links":{"self":[{"href":"https:\/\/jundiai.sp.gov.br\/administracao-e-gestao-de-pessoas\/wp-json\/wp\/v2\/pages\/1954","targetHints":{"allow":["GET"]}}],"collection":[{"href":"https:\/\/jundiai.sp.gov.br\/administracao-e-gestao-de-pessoas\/wp-json\/wp\/v2\/pages"}],"about":[{"href":"https:\/\/jundiai.sp.gov.br\/administracao-e-gestao-de-pessoas\/wp-json\/wp\/v2\/types\/page"}],"author":[{"embeddable":true,"href":"https:\/\/jundiai.sp.gov.br\/administracao-e-gestao-de-pessoas\/wp-json\/wp\/v2\/users\/14"}],"replies":[{"embeddable":true,"href":"https:\/\/jundiai.sp.gov.br\/administracao-e-gestao-de-pessoas\/wp-json\/wp\/v2\/comments?post=1954"}],"version-history":[{"count":12,"href":"https:\/\/jundiai.sp.gov.br\/administracao-e-gestao-de-pessoas\/wp-json\/wp\/v2\/pages\/1954\/revisions"}],"predecessor-version":[{"id":6870,"href":"https:\/\/jundiai.sp.gov.br\/administracao-e-gestao-de-pessoas\/wp-json\/wp\/v2\/pages\/1954\/revisions\/6870"}],"wp:attachment":[{"href":"https:\/\/jundiai.sp.gov.br\/administracao-e-gestao-de-pessoas\/wp-json\/wp\/v2\/media?parent=1954"}],"curies":[{"name":"wp","href":"https:\/\/api.w.org\/{rel}","templated":true}]}}