{"id":2277,"date":"2017-08-25T15:52:12","date_gmt":"2017-08-25T18:52:12","guid":{"rendered":"https:\/\/jundiai.sp.gov.br\/administracao-e-gestao-de-pessoas\/?page_id=2277"},"modified":"2025-02-06T17:16:40","modified_gmt":"2025-02-06T20:16:40","slug":"auxilio-alimentacao-cartao-alimentacao","status":"publish","type":"page","link":"https:\/\/jundiai.sp.gov.br\/administracao-e-gestao-de-pessoas\/gestao-de-pessoas\/servidores\/legislacao-2\/auxilio-alimentacao-cartao-alimentacao\/","title":{"rendered":"Aux\u00edlio Alimenta\u00e7\u00e3o (Cart\u00e3o Alimenta\u00e7\u00e3o)"},"content":{"rendered":"\n<p><\/p>\n\n\n\n<p><a href=\"https:\/\/jundiai.sp.gov.br\/administracao-e-gestao-de-pessoas\/wp-content\/uploads\/sites\/16\/2017\/08\/20-683_2006-auxilio-alimentacao.pdf\">Decreto Municipal n.\u00ba 20.683\/2006<br><\/a>Estabelece normas para a concess\u00e3o do Aux\u00edlio Alimenta\u00e7\u00e3o (Cart\u00e3o Alimenta\u00e7\u00e3o)<\/p>\n\n\n\n<p><a href=\"https:\/\/jundiai.sp.gov.br\/administracao-e-gestao-de-pessoas\/wp-content\/uploads\/sites\/16\/2017\/08\/lei-6675_2006-autoriza-o-auxilio-alimentacao.pdf\">Lei Municipal n.\u00ba 6675\/2006<\/a><br>Autoriza a concess\u00e3o do Aux\u00edlio Alimenta\u00e7\u00e3o, a partir de 1\u00ba de Janeiro de 2007<\/p>\n\n\n\n<p><a href=\"https:\/\/jundiai.sp.gov.br\/administracao-e-gestao-de-pessoas\/wp-content\/uploads\/sites\/16\/2017\/08\/25-796_2015-auxilio-alimentacao.pdf\">Decreto Municipal n.\u00ba 25.796\/2015<\/a><br>Altera o Decreto Municipal n.\u00ba 20.683\/2003<\/p>\n\n\n\n<p><a href=\"https:\/\/jundiai.sp.gov.br\/administracao-e-gestao-de-pessoas\/wp-content\/uploads\/sites\/16\/2024\/07\/lei-10194-2024.pdf\">Lei n\u00ba 10.194, de 03 de julho de 2024<\/a><br>Reajusta os vencimentos, sal\u00e1rios, fun\u00e7\u00f5es de confian\u00e7a, gratifica\u00e7\u00f5es, proventos de aposentadoria e pens\u00e3o e aux\u00edlio alimenta\u00e7\u00e3o do funcionalismo p\u00fablico a partir de 1\u00ba de maio de 2024.<\/p>\n","protected":false},"excerpt":{"rendered":"<p>Decreto Municipal n.\u00ba 20.683\/2006Estabelece normas para a concess\u00e3o do Aux\u00edlio Alimenta\u00e7\u00e3o (Cart\u00e3o Alimenta\u00e7\u00e3o) Lei Municipal n.\u00ba 6675\/2006Autoriza a concess\u00e3o do Aux\u00edlio Alimenta\u00e7\u00e3o, a partir de 1\u00ba de Janeiro de 2007 Decreto Municipal n.\u00ba 25.796\/2015Altera o Decreto Municipal n.\u00ba 20.683\/2003 Lei n\u00ba 10.194, de 03 de julho de 2024Reajusta os vencimentos, sal\u00e1rios, fun\u00e7\u00f5es de confian\u00e7a, gratifica\u00e7\u00f5es, [&hellip;]<\/p>\n","protected":false},"author":30,"featured_media":0,"parent":493,"menu_order":1,"comment_status":"closed","ping_status":"closed","template":"","meta":{"footnotes":""},"class_list":["post-2277","page","type-page","status-publish","hentry"],"_links":{"self":[{"href":"https:\/\/jundiai.sp.gov.br\/administracao-e-gestao-de-pessoas\/wp-json\/wp\/v2\/pages\/2277","targetHints":{"allow":["GET"]}}],"collection":[{"href":"https:\/\/jundiai.sp.gov.br\/administracao-e-gestao-de-pessoas\/wp-json\/wp\/v2\/pages"}],"about":[{"href":"https:\/\/jundiai.sp.gov.br\/administracao-e-gestao-de-pessoas\/wp-json\/wp\/v2\/types\/page"}],"author":[{"embeddable":true,"href":"https:\/\/jundiai.sp.gov.br\/administracao-e-gestao-de-pessoas\/wp-json\/wp\/v2\/users\/30"}],"replies":[{"embeddable":true,"href":"https:\/\/jundiai.sp.gov.br\/administracao-e-gestao-de-pessoas\/wp-json\/wp\/v2\/comments?post=2277"}],"version-history":[{"count":15,"href":"https:\/\/jundiai.sp.gov.br\/administracao-e-gestao-de-pessoas\/wp-json\/wp\/v2\/pages\/2277\/revisions"}],"predecessor-version":[{"id":7197,"href":"https:\/\/jundiai.sp.gov.br\/administracao-e-gestao-de-pessoas\/wp-json\/wp\/v2\/pages\/2277\/revisions\/7197"}],"up":[{"embeddable":true,"href":"https:\/\/jundiai.sp.gov.br\/administracao-e-gestao-de-pessoas\/wp-json\/wp\/v2\/pages\/493"}],"wp:attachment":[{"href":"https:\/\/jundiai.sp.gov.br\/administracao-e-gestao-de-pessoas\/wp-json\/wp\/v2\/media?parent=2277"}],"curies":[{"name":"wp","href":"https:\/\/api.w.org\/{rel}","templated":true}]}}