{"id":2279,"date":"2017-08-25T15:52:27","date_gmt":"2017-08-25T18:52:27","guid":{"rendered":"https:\/\/jundiai.sp.gov.br\/administracao-e-gestao-de-pessoas\/?page_id=2279"},"modified":"2026-02-19T17:39:31","modified_gmt":"2026-02-19T20:39:31","slug":"ferias","status":"publish","type":"page","link":"https:\/\/jundiai.sp.gov.br\/administracao-e-gestao-de-pessoas\/gestao-de-pessoas\/servidores\/legislacao-2\/ferias\/","title":{"rendered":"F\u00e9rias"},"content":{"rendered":"<div><a href=\"https:\/\/jundiai.sp.gov.br\/administracao-e-gestao-de-pessoas\/wp-content\/uploads\/sites\/16\/2017\/08\/20-591_2006-escala-de-ferias.pdf\">Decreto Municipal n.\u00ba 20.591\/2006<\/a><\/div>\n<p>Estabelece normas para elabora\u00e7\u00e3o das escalas de f\u00e9rias regulamentares<\/p>\n<div><a href=\"https:\/\/jundiai.sp.gov.br\/administracao-e-gestao-de-pessoas\/wp-content\/uploads\/sites\/16\/2017\/08\/21-115_2008-gozo-das-ferias.pdf\">Decreto Municipal n.\u00ba 21.115\/2008<\/a><\/div>\n<p>Altera o Decreto Municipal n.\u00ba 20.591\/2006<\/p>\n<div><a href=\"https:\/\/jundiai.sp.gov.br\/administracao-e-gestao-de-pessoas\/wp-content\/uploads\/sites\/16\/2017\/08\/instrucao-normativa-smrh-002-2013-ferias-pdf.pdf\">Instru\u00e7\u00e3o Normativa SMRH 02\/2013<\/a><\/div>\n<p>Estabelece normas para marca\u00e7\u00e3o de f\u00e9rias regulamentares, contrata\u00e7\u00e3o, nomea\u00e7\u00e3o e exonera\u00e7\u00e3o de servidores<\/p>\n","protected":false},"excerpt":{"rendered":"<p>Decreto Municipal n.\u00ba 20.591\/2006 Estabelece normas para elabora\u00e7\u00e3o das escalas de f\u00e9rias regulamentares Decreto Municipal n.\u00ba 21.115\/2008 Altera o Decreto Municipal n.\u00ba 20.591\/2006 Instru\u00e7\u00e3o Normativa SMRH 02\/2013 Estabelece normas para marca\u00e7\u00e3o de f\u00e9rias regulamentares, contrata\u00e7\u00e3o, nomea\u00e7\u00e3o e exonera\u00e7\u00e3o de servidores<\/p>\n","protected":false},"author":30,"featured_media":0,"parent":493,"menu_order":3,"comment_status":"closed","ping_status":"closed","template":"","meta":{"footnotes":""},"class_list":["post-2279","page","type-page","status-publish","hentry"],"_links":{"self":[{"href":"https:\/\/jundiai.sp.gov.br\/administracao-e-gestao-de-pessoas\/wp-json\/wp\/v2\/pages\/2279","targetHints":{"allow":["GET"]}}],"collection":[{"href":"https:\/\/jundiai.sp.gov.br\/administracao-e-gestao-de-pessoas\/wp-json\/wp\/v2\/pages"}],"about":[{"href":"https:\/\/jundiai.sp.gov.br\/administracao-e-gestao-de-pessoas\/wp-json\/wp\/v2\/types\/page"}],"author":[{"embeddable":true,"href":"https:\/\/jundiai.sp.gov.br\/administracao-e-gestao-de-pessoas\/wp-json\/wp\/v2\/users\/30"}],"replies":[{"embeddable":true,"href":"https:\/\/jundiai.sp.gov.br\/administracao-e-gestao-de-pessoas\/wp-json\/wp\/v2\/comments?post=2279"}],"version-history":[{"count":6,"href":"https:\/\/jundiai.sp.gov.br\/administracao-e-gestao-de-pessoas\/wp-json\/wp\/v2\/pages\/2279\/revisions"}],"predecessor-version":[{"id":7540,"href":"https:\/\/jundiai.sp.gov.br\/administracao-e-gestao-de-pessoas\/wp-json\/wp\/v2\/pages\/2279\/revisions\/7540"}],"up":[{"embeddable":true,"href":"https:\/\/jundiai.sp.gov.br\/administracao-e-gestao-de-pessoas\/wp-json\/wp\/v2\/pages\/493"}],"wp:attachment":[{"href":"https:\/\/jundiai.sp.gov.br\/administracao-e-gestao-de-pessoas\/wp-json\/wp\/v2\/media?parent=2279"}],"curies":[{"name":"wp","href":"https:\/\/api.w.org\/{rel}","templated":true}]}}