{"id":2400,"date":"2017-11-13T16:15:05","date_gmt":"2017-11-13T18:15:05","guid":{"rendered":"https:\/\/jundiai.sp.gov.br\/administracao-e-gestao-de-pessoas\/?page_id=2400"},"modified":"2025-08-11T11:19:54","modified_gmt":"2025-08-11T14:19:54","slug":"adicional-noturno","status":"publish","type":"page","link":"https:\/\/jundiai.sp.gov.br\/administracao-e-gestao-de-pessoas\/gestao-de-pessoas-orienta\/adicional-noturno\/","title":{"rendered":"ADICIONAL NOTURNO"},"content":{"rendered":"\n<ul class=\"wp-block-list\">\n<li><b>O que \u00e9?<\/b><\/li>\n<\/ul>\n\n\n\n<p><span style=\"font-weight: 400\">\u00c9 o hor\u00e1rio normal de trabalho realizado entre as 20h00 de um dia e \u00e0s 05h00 do dia seguinte, para os estatut\u00e1rios, e entre as 22h de um dia e \u00e0s 05h do dia seguinte, para os celetistas.<\/span><\/p>\n\n\n\n<ul class=\"wp-block-list\">\n<li><b>Quem tem direito?<\/b><\/li>\n<\/ul>\n\n\n\n<p><span style=\"font-weight: 400\">Os servidores estatut\u00e1rios, celetistas e contratados por tempo determinado.<\/span><\/p>\n\n\n\n<ul class=\"wp-block-list\">\n<li><b>Como \u00e9 pago o Adicional Noturno?<\/b><\/li>\n<\/ul>\n\n\n\n<p><span style=\"font-weight: 400\">O valor do adicional noturno \u00e9 pago acrescido de 20% (vinte por cento) da hora normal de trabalho.<\/span><\/p>\n\n\n\n<p><b>Contato: Divis\u00e3o de Ponto e Frequ\u00eancia &#8211; 4589-8743 \/ 4589-8745 \/ 4589-8733<\/b><\/p>\n\n\n\n<p><b>Qual a Legisla\u00e7\u00e3o que trata do assunto?<\/b><\/p>\n\n\n\n<p><span style=\"font-weight: 400\">&#8211; Lei Complementar n\u00ba 499, de 22 de dezembro de 2010, Estatuto dos Funcion\u00e1rios P\u00fablicos do Munic\u00edpio, Art. 117.<\/span><\/p>\n\n\n\n<p><a href=\"https:\/\/sapl.jundiai.sp.leg.br\/pysc\/download_norma_pysc?cod_norma=8545&amp;texto_consolidado=1\" target=\"_blank\" rel=\"noopener\">Dispon\u00edvel aqui<\/a><\/p>\n\n\n\n<p><span style=\"font-weight: 400\">&#8211; Decreto Municipal n.\u00ba 35.286, de 28 de Julho de 2025, Manual de Gerenciamento de Frequ\u00eancia dos Servidores P\u00fablicos da Administra\u00e7\u00e3o Direta do Munic\u00edpio.\u00a0<\/span><\/p>\n\n\n\n<p><span style=\"font-weight: 400\"><a href=\"https:\/\/jundiai.sp.gov.br\/administracao-e-gestao-de-pessoas\/wp-content\/uploads\/sites\/16\/2025\/08\/sei_2501116_decreto_n-_35-286__de_28_de_julho_de_2025.pdf\">Dispon\u00edvel aqui<\/a><\/span><\/p>\n","protected":false},"excerpt":{"rendered":"<p>\u00c9 o hor\u00e1rio normal de trabalho realizado entre as 20h00 de um dia e \u00e0s 05h00 do dia seguinte, para os estatut\u00e1rios, e entre as 22h de um dia e \u00e0s 05h do dia seguinte, para os celetistas. Os servidores estatut\u00e1rios, celetistas e contratados por tempo determinado. O valor do adicional noturno \u00e9 pago acrescido [&hellip;]<\/p>\n","protected":false},"author":30,"featured_media":0,"parent":2384,"menu_order":0,"comment_status":"closed","ping_status":"closed","template":"","meta":{"footnotes":""},"class_list":["post-2400","page","type-page","status-publish","hentry"],"_links":{"self":[{"href":"https:\/\/jundiai.sp.gov.br\/administracao-e-gestao-de-pessoas\/wp-json\/wp\/v2\/pages\/2400","targetHints":{"allow":["GET"]}}],"collection":[{"href":"https:\/\/jundiai.sp.gov.br\/administracao-e-gestao-de-pessoas\/wp-json\/wp\/v2\/pages"}],"about":[{"href":"https:\/\/jundiai.sp.gov.br\/administracao-e-gestao-de-pessoas\/wp-json\/wp\/v2\/types\/page"}],"author":[{"embeddable":true,"href":"https:\/\/jundiai.sp.gov.br\/administracao-e-gestao-de-pessoas\/wp-json\/wp\/v2\/users\/30"}],"replies":[{"embeddable":true,"href":"https:\/\/jundiai.sp.gov.br\/administracao-e-gestao-de-pessoas\/wp-json\/wp\/v2\/comments?post=2400"}],"version-history":[{"count":13,"href":"https:\/\/jundiai.sp.gov.br\/administracao-e-gestao-de-pessoas\/wp-json\/wp\/v2\/pages\/2400\/revisions"}],"predecessor-version":[{"id":7261,"href":"https:\/\/jundiai.sp.gov.br\/administracao-e-gestao-de-pessoas\/wp-json\/wp\/v2\/pages\/2400\/revisions\/7261"}],"up":[{"embeddable":true,"href":"https:\/\/jundiai.sp.gov.br\/administracao-e-gestao-de-pessoas\/wp-json\/wp\/v2\/pages\/2384"}],"wp:attachment":[{"href":"https:\/\/jundiai.sp.gov.br\/administracao-e-gestao-de-pessoas\/wp-json\/wp\/v2\/media?parent=2400"}],"curies":[{"name":"wp","href":"https:\/\/api.w.org\/{rel}","templated":true}]}}