{"id":2403,"date":"2017-11-13T16:16:14","date_gmt":"2017-11-13T18:16:14","guid":{"rendered":"https:\/\/jundiai.sp.gov.br\/administracao-e-gestao-de-pessoas\/?page_id=2403"},"modified":"2026-03-19T11:43:26","modified_gmt":"2026-03-19T14:43:26","slug":"adicional-por-tempo-de-servico-quinquenio","status":"publish","type":"page","link":"https:\/\/jundiai.sp.gov.br\/administracao-e-gestao-de-pessoas\/gestao-de-pessoas-orienta\/adicional-por-tempo-de-servico-quinquenio\/","title":{"rendered":"ADICIONAL POR TEMPO DE SERVI\u00c7O (QUINQU\u00caNIO)"},"content":{"rendered":"\n<ul class=\"wp-block-list\">\n<li><b>O que \u00e9?<\/b><\/li>\n<\/ul>\n\n\n\n<p><span style=\"font-weight: 400;\">A cada 5 anos no servi\u00e7o p\u00fablico municipal o servidor recebe um adicional de 5% (cinco por cento) sobre seu cargo efetivo, at\u00e9 o limite de 35% (trinta e cinco por cento), cujo benef\u00edcio n\u00e3o altera o sal\u00e1rio base, j\u00e1 que \u00e9 lan\u00e7ado em conta espec\u00edfica (adicional por tempo de servi\u00e7o).<\/span><\/p>\n\n\n\n<ul class=\"wp-block-list\">\n<li><b>Quem tem direito?<\/b><\/li>\n<\/ul>\n\n\n\n<p><span style=\"font-weight: 400;\">Somente servidores estatut\u00e1rios e celetistas do quadro de empregos, n\u00e3o sendo necess\u00e1rio protocolar o pedido.<\/span><\/p>\n\n\n\n<ul class=\"wp-block-list\">\n<li><b>Quando \u00e9 devido o pagamento do Adicional por Tempo de Servi\u00e7o?<\/b><\/li>\n<\/ul>\n\n\n\n<p><span style=\"font-weight: 400;\">No m\u00eas em que completar 5 anos de efetivo exerc\u00edcio, salvo os motivos abaixo descritos.<\/span><\/p>\n\n\n\n<ul class=\"wp-block-list\">\n<li><b>Quais motivos ocasionam a altera\u00e7\u00e3o da data de recebimento do Adicional por Tempo de Servi\u00e7o?<\/b><\/li>\n<\/ul>\n\n\n\n<p><span style=\"font-weight: 400;\">&#8211; Licen\u00e7a para trato de interesse particular (Licen\u00e7a sem vencimentos);<\/span><\/p>\n\n\n\n<p><span style=\"font-weight: 400;\">&#8211; Faltas injustificadas e\/ou suspens\u00e3o;<\/span><\/p>\n\n\n\n<p><span style=\"font-weight: 400;\">&#8211; Licen\u00e7a para tratamento de pessoa da fam\u00edlia acima de 30 (trinta) dias.<\/span><\/p>\n\n\n\n<p><strong>Contato: Se\u00e7\u00e3o de C\u00e1lculo de Folha de Pagamento \u2013 Divis\u00e3o de Administra\u00e7\u00e3o de Pessoal -4589-8731<\/strong><\/p>\n\n\n\n<ul class=\"wp-block-list\">\n<li><b>Qual a Legisla\u00e7\u00e3o que trata do assunto?<\/b><\/li>\n<\/ul>\n\n\n\n<p><span style=\"font-weight: 400;\">&#8211; Lei Complementar n\u00ba 499, de 22 de dezembro de 2010, Estatuto dos Funcion\u00e1rios P\u00fablicos do Munic\u00edpio, Art. 101.<\/span><\/p>\n\n\n\n<p><a href=\"https:\/\/sapl.jundiai.sp.leg.br\/pysc\/download_norma_pysc?cod_norma=8545&amp;texto_consolidado=1\" target=\"_blank\" rel=\"noopener\">Dispon\u00edvel aqui<\/a><\/p>\n","protected":false},"excerpt":{"rendered":"<p>A cada 5 anos no servi\u00e7o p\u00fablico municipal o servidor recebe um adicional de 5% (cinco por cento) sobre seu cargo efetivo, at\u00e9 o limite de 35% (trinta e cinco por cento), cujo benef\u00edcio n\u00e3o altera o sal\u00e1rio base, j\u00e1 que \u00e9 lan\u00e7ado em conta espec\u00edfica (adicional por tempo de servi\u00e7o). Somente servidores estatut\u00e1rios e [&hellip;]<\/p>\n","protected":false},"author":30,"featured_media":0,"parent":2384,"menu_order":0,"comment_status":"closed","ping_status":"closed","template":"","meta":{"footnotes":""},"class_list":["post-2403","page","type-page","status-publish","hentry"],"_links":{"self":[{"href":"https:\/\/jundiai.sp.gov.br\/administracao-e-gestao-de-pessoas\/wp-json\/wp\/v2\/pages\/2403","targetHints":{"allow":["GET"]}}],"collection":[{"href":"https:\/\/jundiai.sp.gov.br\/administracao-e-gestao-de-pessoas\/wp-json\/wp\/v2\/pages"}],"about":[{"href":"https:\/\/jundiai.sp.gov.br\/administracao-e-gestao-de-pessoas\/wp-json\/wp\/v2\/types\/page"}],"author":[{"embeddable":true,"href":"https:\/\/jundiai.sp.gov.br\/administracao-e-gestao-de-pessoas\/wp-json\/wp\/v2\/users\/30"}],"replies":[{"embeddable":true,"href":"https:\/\/jundiai.sp.gov.br\/administracao-e-gestao-de-pessoas\/wp-json\/wp\/v2\/comments?post=2403"}],"version-history":[{"count":10,"href":"https:\/\/jundiai.sp.gov.br\/administracao-e-gestao-de-pessoas\/wp-json\/wp\/v2\/pages\/2403\/revisions"}],"predecessor-version":[{"id":7552,"href":"https:\/\/jundiai.sp.gov.br\/administracao-e-gestao-de-pessoas\/wp-json\/wp\/v2\/pages\/2403\/revisions\/7552"}],"up":[{"embeddable":true,"href":"https:\/\/jundiai.sp.gov.br\/administracao-e-gestao-de-pessoas\/wp-json\/wp\/v2\/pages\/2384"}],"wp:attachment":[{"href":"https:\/\/jundiai.sp.gov.br\/administracao-e-gestao-de-pessoas\/wp-json\/wp\/v2\/media?parent=2403"}],"curies":[{"name":"wp","href":"https:\/\/api.w.org\/{rel}","templated":true}]}}