{"id":2405,"date":"2017-11-13T16:22:29","date_gmt":"2017-11-13T18:22:29","guid":{"rendered":"https:\/\/jundiai.sp.gov.br\/administracao-e-gestao-de-pessoas\/?page_id=2405"},"modified":"2025-09-17T10:53:06","modified_gmt":"2025-09-17T13:53:06","slug":"afastamento-para-casamento-licenca-gala","status":"publish","type":"page","link":"https:\/\/jundiai.sp.gov.br\/administracao-e-gestao-de-pessoas\/gestao-de-pessoas-orienta\/afastamento-para-casamento-licenca-gala\/","title":{"rendered":"AFASTAMENTO PARA CASAMENTO (LICEN\u00c7A GALA)"},"content":{"rendered":"\n<ul class=\"wp-block-list\">\n<li><b>O que \u00e9?<\/b><\/li>\n<\/ul>\n\n\n\n<p><span style=\"font-weight: 400\">O per\u00edodo em que o servidor poder\u00e1 se afastar em virtude do casamento civil.<\/span><\/p>\n\n\n\n<ul class=\"wp-block-list\">\n<li><b>Quem tem direito?<\/b><\/li>\n<\/ul>\n\n\n\n<p>Qualquer servidor, observando o seguinte:<\/p>\n\n\n\n<p>\u2013&nbsp;Estatut\u00e1rios, Comissionados e Contratados por Tempo Determinado:<\/p>\n\n\n\n<p><span style=\"font-weight: 400\">08 (oito) dias seguidos remunerados, a contar da data do ato. <\/span><\/p>\n\n\n\n<p><span style=\"font-weight: 400\">&#8211; <\/span><span style=\"font-weight: 400\">Celetistas (CLT)<\/span><span style=\"font-weight: 400\">: <\/span><\/p>\n\n\n\n<p><span style=\"font-weight: 400\">03 (tr\u00eas) dias seguidos de aus\u00eancia remunerada, a contar da data do ato, sendo:<\/span><\/p>\n\n\n\n<p><span style=\"font-weight: 400\">&#8211; Casamento na Sexta-Feira:<\/span><\/p>\n\n\n\n<p><span style=\"font-weight: 400\">Licen\u00e7a: Sexta-Feira, S\u00e1bado e Domingo.<\/span><\/p>\n\n\n\n<p><span style=\"font-weight: 400\">&#8211; Casamento no S\u00e1bado:<\/span><\/p>\n\n\n\n<p><span style=\"font-weight: 400\">Licen\u00e7a: Segunda, Ter\u00e7a e Quarta-Feira.<\/span><\/p>\n\n\n\n<p><span style=\"font-weight: 400\">&#8211; Casamento na Segunda-Feira:<\/span><\/p>\n\n\n\n<p><span style=\"font-weight: 400\">Licen\u00e7a: Segunda, Ter\u00e7a e Quarta-Feira.<\/span><\/p>\n\n\n\n<ul class=\"wp-block-list\">\n<li><b>Como proceder? <\/b><\/li>\n<\/ul>\n\n\n\n<p>A\u00a0c\u00f3pia da certid\u00e3o de casamento dever\u00e1 ser enviada,\u00a0<u>via formul\u00e1rio eletr\u00f4nico<\/u>, pelo Respons\u00e1vel de Pessoal da Secretaria de lota\u00e7\u00e3o, com carimbo e assinatura de ci\u00eancia da chefia imediata no verso do documento, em at\u00e9 48h ap\u00f3s o primeiro dia de falta.<\/p>\n\n\n\n<p>Observar se na certid\u00e3o de casamento consta o n\u00famero do CPF do c\u00f4njuge, caso negativo, enviar, tamb\u00e9m, a c\u00f3pia do documento.<\/p>\n\n\n\n<p><strong><strong>Contato: Divis\u00e3o de Ponto e Frequ\u00eancia \u2013 4589-8745 \/ 4589-8743<\/strong><\/strong><\/p>\n\n\n\n<ul class=\"wp-block-list\">\n<li><b>Qual a Legisla\u00e7\u00e3o que trata do assunto?<\/b><\/li>\n<\/ul>\n\n\n\n<p><span style=\"font-weight: 400\">&#8211; Lei Complementar n\u00ba 499, de 22 de dezembro de 2010, Estatuto dos Funcion\u00e1rios P\u00fablicos do Munic\u00edpio, Art. 55, inciso II.<\/span><\/p>\n\n\n\n<p><a href=\"https:\/\/sapl.jundiai.sp.leg.br\/pysc\/download_norma_pysc?cod_norma=8545&amp;texto_consolidado=1\" target=\"_blank\" rel=\"noopener\">Dispon\u00edvel aqui<\/a><\/p>\n\n\n\n<p><span style=\"font-weight: 400\">&#8211; <span style=\"font-weight: 400\">Decreto Municipal n.\u00ba 35.286, de 28 de Julho de 2025, Manual de Gerenciamento de Frequ\u00eancia dos Servidores P\u00fablicos da Administra\u00e7\u00e3o Direta do Munic\u00edpio.&nbsp;<\/span><\/span><\/p>\n\n\n\n<p><span style=\"font-weight: 400\"><a href=\"https:\/\/jundiai.sp.gov.br\/administracao-e-gestao-de-pessoas\/wp-content\/uploads\/sites\/16\/2025\/08\/sei_2501116_decreto_n-_35-286__de_28_de_julho_de_2025.pdf\">Dispon\u00edvel aqui<\/a><\/span><\/p>\n\n\n\n<p><span style=\"font-weight: 400\">Para os celetistas: Consolida\u00e7\u00e3o das Leis do Trabalho \u2013 CLT, Art. 473.<\/span><\/p>\n","protected":false},"excerpt":{"rendered":"<p>O per\u00edodo em que o servidor poder\u00e1 se afastar em virtude do casamento civil. Qualquer servidor, observando o seguinte: \u2013&nbsp;Estatut\u00e1rios, Comissionados e Contratados por Tempo Determinado: 08 (oito) dias seguidos remunerados, a contar da data do ato. &#8211; Celetistas (CLT): 03 (tr\u00eas) dias seguidos de aus\u00eancia remunerada, a contar da data do ato, sendo: &#8211; [&hellip;]<\/p>\n","protected":false},"author":30,"featured_media":0,"parent":2384,"menu_order":0,"comment_status":"closed","ping_status":"closed","template":"","meta":{"footnotes":""},"class_list":["post-2405","page","type-page","status-publish","hentry"],"_links":{"self":[{"href":"https:\/\/jundiai.sp.gov.br\/administracao-e-gestao-de-pessoas\/wp-json\/wp\/v2\/pages\/2405","targetHints":{"allow":["GET"]}}],"collection":[{"href":"https:\/\/jundiai.sp.gov.br\/administracao-e-gestao-de-pessoas\/wp-json\/wp\/v2\/pages"}],"about":[{"href":"https:\/\/jundiai.sp.gov.br\/administracao-e-gestao-de-pessoas\/wp-json\/wp\/v2\/types\/page"}],"author":[{"embeddable":true,"href":"https:\/\/jundiai.sp.gov.br\/administracao-e-gestao-de-pessoas\/wp-json\/wp\/v2\/users\/30"}],"replies":[{"embeddable":true,"href":"https:\/\/jundiai.sp.gov.br\/administracao-e-gestao-de-pessoas\/wp-json\/wp\/v2\/comments?post=2405"}],"version-history":[{"count":16,"href":"https:\/\/jundiai.sp.gov.br\/administracao-e-gestao-de-pessoas\/wp-json\/wp\/v2\/pages\/2405\/revisions"}],"predecessor-version":[{"id":7330,"href":"https:\/\/jundiai.sp.gov.br\/administracao-e-gestao-de-pessoas\/wp-json\/wp\/v2\/pages\/2405\/revisions\/7330"}],"up":[{"embeddable":true,"href":"https:\/\/jundiai.sp.gov.br\/administracao-e-gestao-de-pessoas\/wp-json\/wp\/v2\/pages\/2384"}],"wp:attachment":[{"href":"https:\/\/jundiai.sp.gov.br\/administracao-e-gestao-de-pessoas\/wp-json\/wp\/v2\/media?parent=2405"}],"curies":[{"name":"wp","href":"https:\/\/api.w.org\/{rel}","templated":true}]}}