{"id":2410,"date":"2017-11-13T16:25:34","date_gmt":"2017-11-13T18:25:34","guid":{"rendered":"https:\/\/jundiai.sp.gov.br\/administracao-e-gestao-de-pessoas\/?page_id=2410"},"modified":"2025-09-17T10:56:21","modified_gmt":"2025-09-17T13:56:21","slug":"afastamento-por-falecimento-licenca-nojo","status":"publish","type":"page","link":"https:\/\/jundiai.sp.gov.br\/administracao-e-gestao-de-pessoas\/gestao-de-pessoas-orienta\/afastamento-por-falecimento-licenca-nojo\/","title":{"rendered":"AFASTAMENTO POR FALECIMENTO (LICEN\u00c7A NOJO)"},"content":{"rendered":"\n<ul class=\"wp-block-list\">\n<li><strong>O que \u00e9?<\/strong><\/li>\n<\/ul>\n\n\n\n<p>O per\u00edodo em que o servidor poder\u00e1 se afastar em virtude de falecimento de familiar.<\/p>\n\n\n\n<ul class=\"wp-block-list\">\n<li><strong>Quem tem direito?<\/strong><\/li>\n<\/ul>\n\n\n\n<p>Qualquer servidor, observando o seguinte:<\/p>\n\n\n\n<p>Estatut\u00e1rios, Comissionados e Contratados por Tempo Determinado:<\/p>\n\n\n\n<p>08 (oito) dias seguidos remunerados, a contar do falecimento, para pai, m\u00e3e, c\u00f4njuge, companheiro, padrasto, madrasta, filhos e irm\u00e3os.<\/p>\n\n\n\n<p>03 (tr\u00eas) dias seguidos remunerados, a contar do falecimento, para sogro, sogra, av\u00f3s, netos, tios, sobrinhos, cunhados e primos de 1\u00ba grau.<\/p>\n\n\n\n<p>\u2013&nbsp;Celetistas (CLT):<\/p>\n\n\n\n<p>02 (dois) dias&nbsp;consecutivos&nbsp;de aus\u00eancia remunerada, para C\u00f4njuge e Companheiro; ascendentes (pais, av\u00f3s, bisav\u00f3s, etc); descendentes (filhos, netos, bisnetos, etc) e irm\u00e3os.<\/p>\n\n\n\n<p>Se o falecimento ocorrer em dia trabalhado, o servidor poder\u00e1 se ausentar nos dois dias subsequentes, desde que seguidos.<\/p>\n\n\n\n<p>*&nbsp; Exemplo:<\/p>\n\n\n\n<p>\u2013 Falecimento na Sexta-Feira, sendo que o servidor trabalhou.<\/p>\n\n\n\n<p>Licen\u00e7a: Segunda e Ter\u00e7a-Feira da semana seguinte.<\/p>\n\n\n\n<p>\u2013 Falecimento na Sexta-Feira, sendo que o servidor N\u00c3O trabalhou.<\/p>\n\n\n\n<p>Licen\u00e7a: Sexta-Feira e S\u00e1bado.<\/p>\n\n\n\n<ul class=\"wp-block-list\">\n<li><strong>Como proceder? <\/strong><\/li>\n<\/ul>\n\n\n\n<p>A\u00a0c\u00f3pia da\u00a0certid\u00e3o\/declara\u00e7\u00e3o de \u00f3bito e do comprovante do grau de parentesco\u00a0dever\u00e3o ser enviados,\u00a0<u>via formul\u00e1rio eletr\u00f4nico<\/u>, pelo Respons\u00e1vel de Pessoal da Secretaria de lota\u00e7\u00e3o, com carimbo e assinatura de ci\u00eancia da chefia imediata no verso do documento,\u00a0em at\u00e9 48h ap\u00f3s o primeiro dia de falta.<\/p>\n\n\n\n<p>Caso seja necess\u00e1rio, a Se\u00e7\u00e3o de Atendimento ao Servidor far\u00e1 a solicita\u00e7\u00e3o de documenta\u00e7\u00e3o complementar para deferimento do Afastamento.<\/p>\n\n\n\n<p><strong>Informa\u00e7\u00f5es Adicionais:<\/strong><\/p>\n\n\n\n<p>Para a concess\u00e3o do afastamento, o parentesco ser\u00e1 considerado nos termos do C\u00f3digo Civil &#8211; Lei n.\u00ba 10.406\/2002.<\/p>\n\n\n\n<p><strong><strong>Contato: Divis\u00e3o de Ponto e Frequ\u00eancia \u2013 4589-8745 \/ 4589-8743<\/strong><\/strong><\/p>\n\n\n\n<ul class=\"wp-block-list\">\n<li><strong>Qual a Legisla\u00e7\u00e3o que trata do assunto?<\/strong><\/li>\n<\/ul>\n\n\n\n<p>&#8211; Lei Complementar n\u00ba 499, de 22 de dezembro de 2010, Estatuto dos Funcion\u00e1rios P\u00fablicos do Munic\u00edpio, Art. 55, incisos III e IV.<\/p>\n\n\n\n<p><a href=\"https:\/\/sapl.jundiai.sp.leg.br\/pysc\/download_norma_pysc?cod_norma=8545&amp;texto_consolidado=1\" target=\"_blank\" rel=\"noopener\">Dispon\u00edvel aqui<\/a><\/p>\n\n\n\n<p>&#8211; Decreto Municipal n.\u00ba 35.286, de 28 de Julho de 2025, Manual de Gerenciamento de Frequ\u00eancia dos Servidores P\u00fablicos da Administra\u00e7\u00e3o Direta do Munic\u00edpio.&nbsp;<\/p>\n\n\n\n<p><a href=\"https:\/\/jundiai.sp.gov.br\/administracao-e-gestao-de-pessoas\/wp-content\/uploads\/sites\/16\/2025\/08\/sei_2501116_decreto_n-_35-286__de_28_de_julho_de_2025.pdf\">Dispon\u00edvel aqui<\/a><\/p>\n\n\n\n<p>Para os celetistas: Consolida\u00e7\u00e3o das Leis do Trabalho \u2013 CLT, Art. 473.<\/p>\n","protected":false},"excerpt":{"rendered":"<p>O per\u00edodo em que o servidor poder\u00e1 se afastar em virtude de falecimento de familiar. Qualquer servidor, observando o seguinte: Estatut\u00e1rios, Comissionados e Contratados por Tempo Determinado: 08 (oito) dias seguidos remunerados, a contar do falecimento, para pai, m\u00e3e, c\u00f4njuge, companheiro, padrasto, madrasta, filhos e irm\u00e3os. 03 (tr\u00eas) dias seguidos remunerados, a contar do falecimento, [&hellip;]<\/p>\n","protected":false},"author":30,"featured_media":0,"parent":2384,"menu_order":0,"comment_status":"closed","ping_status":"closed","template":"","meta":{"footnotes":""},"class_list":["post-2410","page","type-page","status-publish","hentry"],"_links":{"self":[{"href":"https:\/\/jundiai.sp.gov.br\/administracao-e-gestao-de-pessoas\/wp-json\/wp\/v2\/pages\/2410","targetHints":{"allow":["GET"]}}],"collection":[{"href":"https:\/\/jundiai.sp.gov.br\/administracao-e-gestao-de-pessoas\/wp-json\/wp\/v2\/pages"}],"about":[{"href":"https:\/\/jundiai.sp.gov.br\/administracao-e-gestao-de-pessoas\/wp-json\/wp\/v2\/types\/page"}],"author":[{"embeddable":true,"href":"https:\/\/jundiai.sp.gov.br\/administracao-e-gestao-de-pessoas\/wp-json\/wp\/v2\/users\/30"}],"replies":[{"embeddable":true,"href":"https:\/\/jundiai.sp.gov.br\/administracao-e-gestao-de-pessoas\/wp-json\/wp\/v2\/comments?post=2410"}],"version-history":[{"count":20,"href":"https:\/\/jundiai.sp.gov.br\/administracao-e-gestao-de-pessoas\/wp-json\/wp\/v2\/pages\/2410\/revisions"}],"predecessor-version":[{"id":7333,"href":"https:\/\/jundiai.sp.gov.br\/administracao-e-gestao-de-pessoas\/wp-json\/wp\/v2\/pages\/2410\/revisions\/7333"}],"up":[{"embeddable":true,"href":"https:\/\/jundiai.sp.gov.br\/administracao-e-gestao-de-pessoas\/wp-json\/wp\/v2\/pages\/2384"}],"wp:attachment":[{"href":"https:\/\/jundiai.sp.gov.br\/administracao-e-gestao-de-pessoas\/wp-json\/wp\/v2\/media?parent=2410"}],"curies":[{"name":"wp","href":"https:\/\/api.w.org\/{rel}","templated":true}]}}