{"id":2421,"date":"2017-11-17T15:56:59","date_gmt":"2017-11-17T17:56:59","guid":{"rendered":"https:\/\/jundiai.sp.gov.br\/administracao-e-gestao-de-pessoas\/?page_id=2421"},"modified":"2025-09-30T12:52:50","modified_gmt":"2025-09-30T15:52:50","slug":"atos-legais","status":"publish","type":"page","link":"https:\/\/jundiai.sp.gov.br\/administracao-e-gestao-de-pessoas\/gestao-de-pessoas-orienta\/atos-legais\/","title":{"rendered":"ATOS LEGAIS"},"content":{"rendered":"<ul>\n<li><b>O que s\u00e3o?<\/b><\/li>\n<\/ul>\n<p><span style=\"font-weight: 400;\">Instrumentos utilizados pela Administra\u00e7\u00e3o P\u00fablica, que informam e d\u00e3o publicidade de suas a\u00e7\u00f5es, como: Leis, Decretos, Portarias, Editais etc. <\/span><\/p>\n<p><b>&#8211; Portaria<\/b><\/p>\n<p><span style=\"font-weight: 400;\">Ato administrativo interno, de natureza deliberativa ou informativa, que tem como objetivo expedir determina\u00e7\u00f5es gerais ou especiais, definindo situa\u00e7\u00f5es funcionais e outras relacionadas com os servidores p\u00fabicos. Podendo ser utilizada para:<\/span><\/p>\n<p><span style=\"font-weight: 400;\">&#8211; Nomea\u00e7\u00e3o;<\/span><\/p>\n<p><span style=\"font-weight: 400;\">&#8211; Exonera\u00e7\u00e3o;<\/span><\/p>\n<p><span style=\"font-weight: 400;\">&#8211; Aplica\u00e7\u00e3o de penalidades;<\/span><\/p>\n<p><span style=\"font-weight: 400;\">&#8211;<\/span>\u00a0Licen\u00e7a sem vencimentos;<\/p>\n<p><span style=\"font-weight: 400;\">&#8211; Designa\u00e7\u00e3o de membros para Comiss\u00f5es;<\/span><\/p>\n<p><span style=\"font-weight: 400;\">&#8211; Cess\u00e3o de servidores para outros \u00f3rg\u00e3os;<\/span><\/p>\n<p><span style=\"font-weight: 400;\">&#8211; Abertura de Sindic\u00e2ncia\/processo administrativo;<\/span><\/p>\n<p><span style=\"font-weight: 400;\">&#8211; Substitui\u00e7\u00f5es de servidores;<\/span><\/p>\n<p><span style=\"font-weight: 400;\">&#8211; Outros.<\/span><\/p>\n<p><b>&#8211; Edital<\/b><\/p>\n<p><span style=\"font-weight: 400;\">Ato administrativo interno em que s\u00e3o apresentadas convoca\u00e7\u00f5es, determina\u00e7\u00f5es, avisos, cita\u00e7\u00f5es etc. Na UGAGP \u00e9 utilizado para:<\/span><\/p>\n<p><span style=\"font-weight: 400;\">&#8211; Abertura de todas as etapas de concurso p\u00fablico;<\/span><\/p>\n<p><span style=\"font-weight: 400;\">&#8211; Convoca\u00e7\u00e3o de comparecimento;<\/span><\/p>\n<p><span style=\"font-weight: 400;\">&#8211; Ci\u00eancia de processos administrativos, concess\u00e3o de adicional por tempo de servi\u00e7o, progress\u00e3o e aprova\u00e7\u00e3o em est\u00e1gio probat\u00f3rio;<\/span><\/p>\n<p><span style=\"font-weight: 400;\">&#8211; Outros.<\/span><\/p>\n<p><b>Contato: Secretaria Adjunta de Gest\u00e3o de Pessoas \u2013\u00a0<a href=\"mailto:atendeservidor@jundiai.sp.gov.br\" target=\"_blank\" rel=\"noopener\">atendeservidor@jundiai.sp.gov.<wbr \/>br<\/a><\/b><\/p>\n","protected":false},"excerpt":{"rendered":"<p>O que s\u00e3o? Instrumentos utilizados pela Administra\u00e7\u00e3o P\u00fablica, que informam e d\u00e3o publicidade de suas a\u00e7\u00f5es, como: Leis, Decretos, Portarias, Editais etc. &#8211; Portaria Ato administrativo interno, de natureza deliberativa ou informativa, que tem como objetivo expedir determina\u00e7\u00f5es gerais ou especiais, definindo situa\u00e7\u00f5es funcionais e outras relacionadas com os servidores p\u00fabicos. Podendo ser utilizada para: [&hellip;]<\/p>\n","protected":false},"author":30,"featured_media":0,"parent":2384,"menu_order":0,"comment_status":"closed","ping_status":"closed","template":"","meta":{"footnotes":""},"class_list":["post-2421","page","type-page","status-publish","hentry"],"_links":{"self":[{"href":"https:\/\/jundiai.sp.gov.br\/administracao-e-gestao-de-pessoas\/wp-json\/wp\/v2\/pages\/2421","targetHints":{"allow":["GET"]}}],"collection":[{"href":"https:\/\/jundiai.sp.gov.br\/administracao-e-gestao-de-pessoas\/wp-json\/wp\/v2\/pages"}],"about":[{"href":"https:\/\/jundiai.sp.gov.br\/administracao-e-gestao-de-pessoas\/wp-json\/wp\/v2\/types\/page"}],"author":[{"embeddable":true,"href":"https:\/\/jundiai.sp.gov.br\/administracao-e-gestao-de-pessoas\/wp-json\/wp\/v2\/users\/30"}],"replies":[{"embeddable":true,"href":"https:\/\/jundiai.sp.gov.br\/administracao-e-gestao-de-pessoas\/wp-json\/wp\/v2\/comments?post=2421"}],"version-history":[{"count":2,"href":"https:\/\/jundiai.sp.gov.br\/administracao-e-gestao-de-pessoas\/wp-json\/wp\/v2\/pages\/2421\/revisions"}],"predecessor-version":[{"id":7426,"href":"https:\/\/jundiai.sp.gov.br\/administracao-e-gestao-de-pessoas\/wp-json\/wp\/v2\/pages\/2421\/revisions\/7426"}],"up":[{"embeddable":true,"href":"https:\/\/jundiai.sp.gov.br\/administracao-e-gestao-de-pessoas\/wp-json\/wp\/v2\/pages\/2384"}],"wp:attachment":[{"href":"https:\/\/jundiai.sp.gov.br\/administracao-e-gestao-de-pessoas\/wp-json\/wp\/v2\/media?parent=2421"}],"curies":[{"name":"wp","href":"https:\/\/api.w.org\/{rel}","templated":true}]}}