{"id":2432,"date":"2017-11-17T16:18:10","date_gmt":"2017-11-17T18:18:10","guid":{"rendered":"https:\/\/jundiai.sp.gov.br\/administracao-e-gestao-de-pessoas\/?page_id=2432"},"modified":"2026-02-19T10:19:12","modified_gmt":"2026-02-19T13:19:12","slug":"banco-de-horas","status":"publish","type":"page","link":"https:\/\/jundiai.sp.gov.br\/administracao-e-gestao-de-pessoas\/gestao-de-pessoas-orienta\/banco-de-horas\/","title":{"rendered":"BANCO DE HORAS"},"content":{"rendered":"\n<ul class=\"wp-block-list\">\n<li><strong>O que \u00e9?<\/strong><\/li>\n<\/ul>\n\n\n\n<p>O sistema de banco de horas se baseia na acumula\u00e7\u00e3o e posterior compensa\u00e7\u00e3o das horas extras dos servidores.&nbsp;Quando um servidor faz horas extras, elas s\u00e3o adicionadas ao saldo positivo do banco, e quando essas horas s\u00e3o compensadas, s\u00e3o subtra\u00eddas do saldo desta pessoa.&nbsp;O mesmo ocorre ao contr\u00e1rio: se o servidor n\u00e3o tem horas suficientes e sai mais cedo, as horas faltantes s\u00e3o adicionadas ao seu saldo negativo e ele deve trabalhar mais para compens\u00e1-las.<\/p>\n\n\n\n<p><em>Os bancos de horas, atualmente, s\u00e3o divididos em:<\/em><\/p>\n\n\n\n<p><strong><em>Banco (006)<\/em>&nbsp;\u2013 Compensa\u00e7\u00e3o Anual de Feriados:<\/strong><\/p>\n\n\n\n<p>Este banco refere-se \u00e0s horas extras realizadas para compensar as segundas-feiras que antecedem e as sextas-feiras que sucedem, os feriados e pontos facultativos.<br><br>As jornadas de trabalho referentes a estes dias devem ser compensadas no per\u00edodo de 1\u00ba de janeiro a 31 de dezembro de cada ano, conforme o Decreto de Feriados e Pontos Facultativos.<br><br><strong><em>Banco de Horas (008)<\/em>&nbsp;\u2013 <strong>in\u00edcio em 02\/2024 at\u00e9 02\/2025.<\/strong><\/strong><\/p>\n\n\n\n<p>Constam as horas extras realizadas por necessidade do servi\u00e7o, autorizadas mediante compensa\u00e7\u00e3o, das horas resultantes de faltas, sa\u00eddas antecipadas e atrasos devidamente justificados.<\/p>\n\n\n\n<p>As horas extras positivas e negativas que comp\u00f5em o banco de horas executadas at\u00e9 fevereiro de 2025 dever\u00e3o ser compensadas&nbsp;<strong><em>at\u00e9 31 de Outubro de 2025<\/em><\/strong><\/p>\n\n\n\n<p>Os Saldos de Banco de horas referente ao Banco de Horas Geral 008, que n\u00e3o forem compensadas at\u00e9 a data n\u00e3o ser\u00e3o prorrogados e nem pagos em pec\u00fania.&nbsp;<\/p>\n\n\n\n<p><strong><em>Banco de horas Anual (009) \u2013&nbsp;<\/em>inicio<em>&nbsp;em 03\/2025<\/em><\/strong><\/p>\n\n\n\n<p><strong>Da Apura\u00e7\u00e3o<\/strong>:<\/p>\n\n\n\n<ul class=\"wp-block-list\">\n<li>Passa a ser compreendido no per\u00edodo de Mar\u00e7o at\u00e9 Fevereiro do ano seguinte.<\/li>\n\n\n\n<li>\u00c9 de responsabilidade do servidor a observ\u00e2ncia do prazo e limite<\/li>\n\n\n\n<li>Ao final de cada per\u00edodo anual, o banco ser\u00e1 fechado, sendo o saldo negativo descontado em sal\u00e1rio e o saldo positivo n\u00e3o poder\u00e1 ser convertido em pec\u00fania.&nbsp;<\/li>\n<\/ul>\n\n\n\n<p><strong>Importante:<\/strong><\/p>\n\n\n\n<ul class=\"wp-block-list\">\n<li>Para evitar problemas, a recomenda\u00e7\u00e3o \u00e9 que os servidores procurem deixar o saldo do banco de horas zerado.<\/li>\n\n\n\n<li>Limite saldo positivo: 60h (As horas que excederem este limite n\u00e3o poder\u00e3o ser lan\u00e7adas para cr\u00e9dito, ficando em sistema como Horas Extras N\u00e3o Autorizadas)<\/li>\n\n\n\n<li>Limite saldo negativo di\u00e1rio: 16h&nbsp;(As horas que excederem este limite n\u00e3o poder\u00e3o ser lan\u00e7adas para d\u00e9bito, resultando em desconto salarial em caso de aus\u00eancia, sem previs\u00e3o legal de abono).<\/li>\n<\/ul>\n\n\n\n<ul class=\"wp-block-list\">\n<li><b>Quem tem direito?<\/b><\/li>\n<\/ul>\n\n\n\n<p><strong>Banco 008 e 009<\/strong>&nbsp;\u2013 servidores estatut\u00e1rios, celetistas e&nbsp; contratados por tempo determinado, que registram a frequ\u00eancia;<\/p>\n\n\n\n<p><strong>Banco 006<\/strong>&nbsp;\u2013 todos os servidores que registram a frequ\u00eancia.<\/p>\n\n\n\n<ul class=\"wp-block-list\">\n<li><b>Como consultar o saldo do Banco de Horas?<\/b><\/li>\n<\/ul>\n\n\n\n<p>No Portal do Servidor,&nbsp;na tela inicial, em &#8220;Acesso R\u00e1pido&#8221;, clicar no \u00edcone \u201cBanco de Horas&#8221;.<\/p>\n\n\n\n<p>Nessa tela \u00e9 poss\u00edvel consultar o Cart\u00e3o de Ponto e Saldo do Banco de Horas, conforme o m\u00eas de refer\u00eancia.<\/p>\n\n\n\n<ul class=\"wp-block-list\">\n<li><b>A quem recorrer sobre d\u00favidas quanto ao Banco de Horas?<\/b><\/li>\n<\/ul>\n\n\n\n<p>Inicialmente o servidor deve procurar o Respons\u00e1vel de Pessoal da pasta. Caso a d\u00favida persista, entrar em contato, com a SMAGP\/Divis\u00e3o de Ponto e Frequ\u00eancia, preferencialmente, por e-mail:&nbsp;<a href=\"mailto:ugagp_dpf@jundiai.sp.gov.br\" target=\"_blank\" rel=\"noreferrer noopener\">ugagp_dpf@jundiai.sp.gov.br<\/a><\/p>\n\n\n\n<ul class=\"wp-block-list\">\n<li><b>Qual a diferen\u00e7a de hora extra para compensa\u00e7\u00e3o entre 1:1 ou 1:1,5?<\/b><\/li>\n<\/ul>\n\n\n\n<p>\u2013 Horas extras e horas resultantes de faltas, sa\u00eddas antecipadas e atrasos devidamente justificados e autorizados pela Chefia, ser\u00e3o lan\u00e7ados no Banco de Horas do funcion\u00e1rio na propor\u00e7\u00e3o 1:1, desde que atendam a necessidade da Prefeitura, por necessidade do servidor.<\/p>\n\n\n\n<p>\u2013 Horas extras realizadas por necessidade do servi\u00e7o ser\u00e3o lan\u00e7adas na propor\u00e7\u00e3o 1:1,5, desde que o banco de horas n\u00e3o se encontre negativo.<\/p>\n\n\n\n<p><b>Contato: Divis\u00e3o de Ponto e Frequ\u00eancia &#8211; 4589-8743 \/ 4589-8745 \/ 4589-8733<\/b><\/p>\n\n\n\n<p><b>Qual a Legisla\u00e7\u00e3o que trata do assunto?<\/b><\/p>\n\n\n\n<p><span style=\"font-weight: 400\">&#8211; Decreto Municipal n.\u00ba 35.286, de 28 de Julho de 2025, Manual de Gerenciamento de Frequ\u00eancia dos Servidores P\u00fablicos da Administra\u00e7\u00e3o Direta do Munic\u00edpio.&nbsp;<\/span><\/p>\n\n\n\n<p><strong><a href=\"https:\/\/jundiai.sp.gov.br\/administracao-e-gestao-de-pessoas\/wp-content\/uploads\/sites\/16\/2026\/02\/decreto-35286-de-28-de-julho-de-2025-1.pdf\">Dispon\u00edvel aqui<\/a><\/strong><\/p>\n\n\n\n<p>&#8211; Decreto Municipal n.\u00ba 36.022, de 06 de fevereiro de 2026. Altera o per\u00edodo de apura\u00e7\u00e3o do Banco de Horas previsto no Decreto n\u00ba 35.286, de 28 de julho de 2025.\u00a0<\/p>\n\n\n\n<p><a href=\"https:\/\/jundiai.sp.gov.br\/administracao-e-gestao-de-pessoas\/wp-content\/uploads\/sites\/16\/2026\/02\/sei_2927276_decreto_n__36-022__de_06_de_fevereiro_de_2026.pdf\"><strong>Dispon\u00edvel aqui<\/strong><\/a><\/p>\n\n\n\n<p>&#8211; Decreto &#8211; Compensa\u00e7\u00e3o de emendas<\/p>\n\n\n\n<p><a href=\"https:\/\/jundiai.sp.gov.br\/administracao-e-gestao-de-pessoas\/gestao-de-pessoas\/servidores\/legislacao-2\/frequencia-compensacao-das-emendas-e-banco-de-horas\/\"><strong>Dispon\u00edvel aqui <\/strong><\/a><\/p>\n\n\n\n<p><\/p>\n","protected":false},"excerpt":{"rendered":"<p>O sistema de banco de horas se baseia na acumula\u00e7\u00e3o e posterior compensa\u00e7\u00e3o das horas extras dos servidores.&nbsp;Quando um servidor faz horas extras, elas s\u00e3o adicionadas ao saldo positivo do banco, e quando essas horas s\u00e3o compensadas, s\u00e3o subtra\u00eddas do saldo desta pessoa.&nbsp;O mesmo ocorre ao contr\u00e1rio: se o servidor n\u00e3o tem horas suficientes e [&hellip;]<\/p>\n","protected":false},"author":30,"featured_media":0,"parent":2384,"menu_order":0,"comment_status":"closed","ping_status":"closed","template":"","meta":{"footnotes":""},"class_list":["post-2432","page","type-page","status-publish","hentry"],"_links":{"self":[{"href":"https:\/\/jundiai.sp.gov.br\/administracao-e-gestao-de-pessoas\/wp-json\/wp\/v2\/pages\/2432","targetHints":{"allow":["GET"]}}],"collection":[{"href":"https:\/\/jundiai.sp.gov.br\/administracao-e-gestao-de-pessoas\/wp-json\/wp\/v2\/pages"}],"about":[{"href":"https:\/\/jundiai.sp.gov.br\/administracao-e-gestao-de-pessoas\/wp-json\/wp\/v2\/types\/page"}],"author":[{"embeddable":true,"href":"https:\/\/jundiai.sp.gov.br\/administracao-e-gestao-de-pessoas\/wp-json\/wp\/v2\/users\/30"}],"replies":[{"embeddable":true,"href":"https:\/\/jundiai.sp.gov.br\/administracao-e-gestao-de-pessoas\/wp-json\/wp\/v2\/comments?post=2432"}],"version-history":[{"count":31,"href":"https:\/\/jundiai.sp.gov.br\/administracao-e-gestao-de-pessoas\/wp-json\/wp\/v2\/pages\/2432\/revisions"}],"predecessor-version":[{"id":7536,"href":"https:\/\/jundiai.sp.gov.br\/administracao-e-gestao-de-pessoas\/wp-json\/wp\/v2\/pages\/2432\/revisions\/7536"}],"up":[{"embeddable":true,"href":"https:\/\/jundiai.sp.gov.br\/administracao-e-gestao-de-pessoas\/wp-json\/wp\/v2\/pages\/2384"}],"wp:attachment":[{"href":"https:\/\/jundiai.sp.gov.br\/administracao-e-gestao-de-pessoas\/wp-json\/wp\/v2\/media?parent=2432"}],"curies":[{"name":"wp","href":"https:\/\/api.w.org\/{rel}","templated":true}]}}