{"id":2440,"date":"2017-11-17T16:23:16","date_gmt":"2017-11-17T18:23:16","guid":{"rendered":"https:\/\/jundiai.sp.gov.br\/administracao-e-gestao-de-pessoas\/?page_id=2440"},"modified":"2025-09-17T11:15:56","modified_gmt":"2025-09-17T14:15:56","slug":"concurso-publico","status":"publish","type":"page","link":"https:\/\/jundiai.sp.gov.br\/administracao-e-gestao-de-pessoas\/gestao-de-pessoas-orienta\/concurso-publico\/","title":{"rendered":"Concurso P\u00fablico"},"content":{"rendered":"\n<p><b>O que \u00e9?<\/b><\/p>\n\n\n\n<p><span style=\"font-weight: 400;\">\u00c9 um processo de provas ou de provas e t\u00edtulos que permite o acesso a cargo p\u00fablico de modo amplo e democr\u00e1tico. \u00c9 um procedimento impessoal no qual \u00e9 assegurada igualdade de oportunidades a todos interessados em concorrer para exercer as atribui\u00e7\u00f5es oferecidas pelo Munic\u00edpio.<\/span><\/p>\n\n\n\n<div style=\"height:30px\" aria-hidden=\"true\" class=\"wp-block-spacer\"><\/div>\n\n\n\n<p><b>Qual a validade de um Concurso?<\/b><\/p>\n\n\n\n<p><span style=\"font-weight: 400;\">Tem validade por at\u00e9 2 (dois) anos, podendo ser prorrogado por igual per\u00edodo.<\/span><\/p>\n\n\n\n<div style=\"height:30px\" aria-hidden=\"true\" class=\"wp-block-spacer\"><\/div>\n\n\n\n<p><b>Como acompanhar o andamento do Concurso?<\/b><\/p>\n\n\n\n<p>Atrav\u00e9s do site da Prefeitura,\u00a0<a href=\"https:\/\/jundiai.sp.gov.br\/administracao-e-gestao-de-pessoas\/concursos\/\" target=\"_blank\" rel=\"noreferrer noopener\">Secretaria Municipal de Administra\u00e7\u00e3o e Gest\u00e3o de Pessoas<\/a>, ou atrav\u00e9s das publica\u00e7\u00f5es na Imprensa Oficial do Munic\u00edpio.<\/p>\n\n\n\n<div style=\"height:30px\" aria-hidden=\"true\" class=\"wp-block-spacer\"><\/div>\n\n\n\n<p><strong>Informa\u00e7\u00f5es Adicionais<\/strong><\/p>\n\n\n\n<p>Observar o disposto da&nbsp;Lei Complementar Federal N\u00ba 173, de 27 de Maio de 2020 \u2013&nbsp;<a href=\"https:\/\/jundiai.sp.gov.br\/administracao-e-gestao-de-pessoas\/gestao-de-pessoas-orienta\/lei-complementar-federal-no-173-de-27-de-maio-de-2020-lei-do-congelamento\/\">\u201cLei do Congelamento\u201d<\/a><\/p>\n\n\n\n<p>Contato: Divis\u00e3o de Recrutamento e Sele\u00e7\u00e3o \u2013 (11) 4589-9316 \/ 9315 \/ 9314 \/ 9313 \/ 9312<\/p>\n","protected":false},"excerpt":{"rendered":"<p>O que \u00e9? \u00c9 um processo de provas ou de provas e t\u00edtulos que permite o acesso a cargo p\u00fablico de modo amplo e democr\u00e1tico. \u00c9 um procedimento impessoal no qual \u00e9 assegurada igualdade de oportunidades a todos interessados em concorrer para exercer as atribui\u00e7\u00f5es oferecidas pelo Munic\u00edpio. Qual a validade de um Concurso? Tem [&hellip;]<\/p>\n","protected":false},"author":30,"featured_media":0,"parent":2384,"menu_order":0,"comment_status":"closed","ping_status":"closed","template":"","meta":{"footnotes":""},"class_list":["post-2440","page","type-page","status-publish","hentry"],"_links":{"self":[{"href":"https:\/\/jundiai.sp.gov.br\/administracao-e-gestao-de-pessoas\/wp-json\/wp\/v2\/pages\/2440","targetHints":{"allow":["GET"]}}],"collection":[{"href":"https:\/\/jundiai.sp.gov.br\/administracao-e-gestao-de-pessoas\/wp-json\/wp\/v2\/pages"}],"about":[{"href":"https:\/\/jundiai.sp.gov.br\/administracao-e-gestao-de-pessoas\/wp-json\/wp\/v2\/types\/page"}],"author":[{"embeddable":true,"href":"https:\/\/jundiai.sp.gov.br\/administracao-e-gestao-de-pessoas\/wp-json\/wp\/v2\/users\/30"}],"replies":[{"embeddable":true,"href":"https:\/\/jundiai.sp.gov.br\/administracao-e-gestao-de-pessoas\/wp-json\/wp\/v2\/comments?post=2440"}],"version-history":[{"count":16,"href":"https:\/\/jundiai.sp.gov.br\/administracao-e-gestao-de-pessoas\/wp-json\/wp\/v2\/pages\/2440\/revisions"}],"predecessor-version":[{"id":7338,"href":"https:\/\/jundiai.sp.gov.br\/administracao-e-gestao-de-pessoas\/wp-json\/wp\/v2\/pages\/2440\/revisions\/7338"}],"up":[{"embeddable":true,"href":"https:\/\/jundiai.sp.gov.br\/administracao-e-gestao-de-pessoas\/wp-json\/wp\/v2\/pages\/2384"}],"wp:attachment":[{"href":"https:\/\/jundiai.sp.gov.br\/administracao-e-gestao-de-pessoas\/wp-json\/wp\/v2\/media?parent=2440"}],"curies":[{"name":"wp","href":"https:\/\/api.w.org\/{rel}","templated":true}]}}