{"id":2443,"date":"2017-11-17T16:32:21","date_gmt":"2017-11-17T18:32:21","guid":{"rendered":"https:\/\/jundiai.sp.gov.br\/administracao-e-gestao-de-pessoas\/?page_id=2443"},"modified":"2025-09-17T11:16:52","modified_gmt":"2025-09-17T14:16:52","slug":"cracha","status":"publish","type":"page","link":"https:\/\/jundiai.sp.gov.br\/administracao-e-gestao-de-pessoas\/gestao-de-pessoas-orienta\/cracha\/","title":{"rendered":"CRACH\u00c1"},"content":{"rendered":"<p><strong>Como proceder diante da necessidade de um Crach\u00e1?<\/strong><\/p>\n<p style=\"font-weight: 400;\">O crach\u00e1 inicial \u00e9 fornecido gratuitamente, mediante solicita\u00e7\u00e3o junto \u00e0 SMAGP\/Divis\u00e3o de Ponto e Frequ\u00eancia, atrav\u00e9s do formul\u00e1rio eletr\u00f4nico<a href=\"https:\/\/docs.google.com\/forms\/d\/e\/1FAIpQLSe-trCWXqrhNy8UJAYrxIpMUhQDxK_ivBHNqxhYSke25oZOOw\/viewform\">\u00a0<strong><u>Solicita\u00e7\u00e3o de Crach\u00e1<\/u><\/strong><\/a><\/p>\n<p style=\"font-weight: 400;\">Havendo necessidade de nova emiss\u00e3o por motivo de perda, dano ou extravio, ser\u00e1 cobrada uma taxa de R$ 20,00 (vinte reais). A solicita\u00e7\u00e3o tamb\u00e9m dever\u00e1 ser enviada para a SMAGP\/ Divis\u00e3o de Ponto e Frequ\u00eancia, por meio do formul\u00e1rio eletr\u00f4nico acima.<\/p>\n<p><b>Contato: Divis\u00e3o de Ponto e Frequ\u00eancia &#8211; 4589-8745 \/ 4589-8743 \/ 4589-8733<\/b><\/p>\n<p><b>Qual a Legisla\u00e7\u00e3o que trata do assunto?<\/b><\/p>\n<p>\u2013 Decreto Municipal n.\u00ba 35.286, de 28 de Julho de 2025, Manual de Gerenciamento de Frequ\u00eancia dos Servidores P\u00fablicos da Administra\u00e7\u00e3o Direta do Munic\u00edpio.<\/p>\n<p><a href=\"https:\/\/jundiai.sp.gov.br\/administracao-e-gestao-de-pessoas\/wp-content\/uploads\/sites\/16\/2025\/08\/sei_2501116_decreto_n-_35-286__de_28_de_julho_de_2025.pdf\">Dispon\u00edvel aqui<\/a><\/p>\n","protected":false},"excerpt":{"rendered":"<p>Como proceder diante da necessidade de um Crach\u00e1? O crach\u00e1 inicial \u00e9 fornecido gratuitamente, mediante solicita\u00e7\u00e3o junto \u00e0 SMAGP\/Divis\u00e3o de Ponto e Frequ\u00eancia, atrav\u00e9s do formul\u00e1rio eletr\u00f4nico\u00a0Solicita\u00e7\u00e3o de Crach\u00e1 Havendo necessidade de nova emiss\u00e3o por motivo de perda, dano ou extravio, ser\u00e1 cobrada uma taxa de R$ 20,00 (vinte reais). A solicita\u00e7\u00e3o tamb\u00e9m dever\u00e1 ser [&hellip;]<\/p>\n","protected":false},"author":30,"featured_media":0,"parent":2384,"menu_order":0,"comment_status":"closed","ping_status":"closed","template":"","meta":{"footnotes":""},"class_list":["post-2443","page","type-page","status-publish","hentry"],"_links":{"self":[{"href":"https:\/\/jundiai.sp.gov.br\/administracao-e-gestao-de-pessoas\/wp-json\/wp\/v2\/pages\/2443","targetHints":{"allow":["GET"]}}],"collection":[{"href":"https:\/\/jundiai.sp.gov.br\/administracao-e-gestao-de-pessoas\/wp-json\/wp\/v2\/pages"}],"about":[{"href":"https:\/\/jundiai.sp.gov.br\/administracao-e-gestao-de-pessoas\/wp-json\/wp\/v2\/types\/page"}],"author":[{"embeddable":true,"href":"https:\/\/jundiai.sp.gov.br\/administracao-e-gestao-de-pessoas\/wp-json\/wp\/v2\/users\/30"}],"replies":[{"embeddable":true,"href":"https:\/\/jundiai.sp.gov.br\/administracao-e-gestao-de-pessoas\/wp-json\/wp\/v2\/comments?post=2443"}],"version-history":[{"count":13,"href":"https:\/\/jundiai.sp.gov.br\/administracao-e-gestao-de-pessoas\/wp-json\/wp\/v2\/pages\/2443\/revisions"}],"predecessor-version":[{"id":7339,"href":"https:\/\/jundiai.sp.gov.br\/administracao-e-gestao-de-pessoas\/wp-json\/wp\/v2\/pages\/2443\/revisions\/7339"}],"up":[{"embeddable":true,"href":"https:\/\/jundiai.sp.gov.br\/administracao-e-gestao-de-pessoas\/wp-json\/wp\/v2\/pages\/2384"}],"wp:attachment":[{"href":"https:\/\/jundiai.sp.gov.br\/administracao-e-gestao-de-pessoas\/wp-json\/wp\/v2\/media?parent=2443"}],"curies":[{"name":"wp","href":"https:\/\/api.w.org\/{rel}","templated":true}]}}