{"id":2453,"date":"2017-11-17T16:36:49","date_gmt":"2017-11-17T18:36:49","guid":{"rendered":"https:\/\/jundiai.sp.gov.br\/administracao-e-gestao-de-pessoas\/?page_id=2453"},"modified":"2025-09-26T16:37:16","modified_gmt":"2025-09-26T19:37:16","slug":"descricao-de-cargo","status":"publish","type":"page","link":"https:\/\/jundiai.sp.gov.br\/administracao-e-gestao-de-pessoas\/gestao-de-pessoas-orienta\/descricao-de-cargo\/","title":{"rendered":"DESCRI\u00c7\u00c3O DE CARGO"},"content":{"rendered":"\n<ul class=\"wp-block-list\">\n<li><b>O que \u00e9?<\/b><\/li>\n<\/ul>\n\n\n\n<p><span style=\"font-weight: 400;\">\u00c9 o documento em que constam as atribui\u00e7\u00f5es, forma\u00e7\u00e3o, exig\u00eancias, habilidades e conhecimentos de cada cargo.<\/span><\/p>\n\n\n\n<ul class=\"wp-block-list\">\n<li><b>Onde consultar as descri\u00e7\u00f5es de cargo?<\/b><\/li>\n<\/ul>\n\n\n\n<p><span style=\"font-weight: 400;\">Na Lei n.\u00ba 7.827\/2012, Plano de Cargos, Sal\u00e1rios e Vencimentos, dispon\u00edvel no site da Prefeitura: <\/span><\/p>\n\n\n\n<p><a href=\"https:\/\/jundiai.sp.gov.br\/administracao-e-gestao-de-pessoas\/servidores\/legislacao-plano-de-cargos\">https:\/\/jundiai.sp.gov.br\/administracao-e-gestao-de-pessoas\/servidores\/legislacao-plano-de-cargos<\/a><\/p>\n\n\n\n<p><b>Contato: Divis\u00e3o de Cargos e Sal\u00e1rios \u2013 4589-8944 \/ 4589-8974<\/b><\/p>\n\n\n\n<p><b>Qual a Legisla\u00e7\u00e3o que trata do assunto?<\/b><\/p>\n\n\n\n<p><span style=\"font-weight: 400;\">&#8211; Lei n.\u00ba 7.827, de 29 de mar\u00e7o de 2012, Plano de Cargos, Sal\u00e1rios e Vencimentos. <\/span><\/p>\n\n\n\n<p><a href=\"http:\/\/sapl.camarajundiai.sp.gov.br\/sapl_documentos\/norma_juridica\/7799_texto_consolidado.pdf\"><span style=\"font-weight: 400;\">Dispon\u00edvel aqui<\/span><\/a><\/p>\n","protected":false},"excerpt":{"rendered":"<p>\u00c9 o documento em que constam as atribui\u00e7\u00f5es, forma\u00e7\u00e3o, exig\u00eancias, habilidades e conhecimentos de cada cargo. Na Lei n.\u00ba 7.827\/2012, Plano de Cargos, Sal\u00e1rios e Vencimentos, dispon\u00edvel no site da Prefeitura: https:\/\/jundiai.sp.gov.br\/administracao-e-gestao-de-pessoas\/servidores\/legislacao-plano-de-cargos Contato: Divis\u00e3o de Cargos e Sal\u00e1rios \u2013 4589-8944 \/ 4589-8974 Qual a Legisla\u00e7\u00e3o que trata do assunto? &#8211; Lei n.\u00ba 7.827, de 29 [&hellip;]<\/p>\n","protected":false},"author":30,"featured_media":0,"parent":2384,"menu_order":0,"comment_status":"closed","ping_status":"closed","template":"","meta":{"footnotes":""},"class_list":["post-2453","page","type-page","status-publish","hentry"],"_links":{"self":[{"href":"https:\/\/jundiai.sp.gov.br\/administracao-e-gestao-de-pessoas\/wp-json\/wp\/v2\/pages\/2453","targetHints":{"allow":["GET"]}}],"collection":[{"href":"https:\/\/jundiai.sp.gov.br\/administracao-e-gestao-de-pessoas\/wp-json\/wp\/v2\/pages"}],"about":[{"href":"https:\/\/jundiai.sp.gov.br\/administracao-e-gestao-de-pessoas\/wp-json\/wp\/v2\/types\/page"}],"author":[{"embeddable":true,"href":"https:\/\/jundiai.sp.gov.br\/administracao-e-gestao-de-pessoas\/wp-json\/wp\/v2\/users\/30"}],"replies":[{"embeddable":true,"href":"https:\/\/jundiai.sp.gov.br\/administracao-e-gestao-de-pessoas\/wp-json\/wp\/v2\/comments?post=2453"}],"version-history":[{"count":5,"href":"https:\/\/jundiai.sp.gov.br\/administracao-e-gestao-de-pessoas\/wp-json\/wp\/v2\/pages\/2453\/revisions"}],"predecessor-version":[{"id":7392,"href":"https:\/\/jundiai.sp.gov.br\/administracao-e-gestao-de-pessoas\/wp-json\/wp\/v2\/pages\/2453\/revisions\/7392"}],"up":[{"embeddable":true,"href":"https:\/\/jundiai.sp.gov.br\/administracao-e-gestao-de-pessoas\/wp-json\/wp\/v2\/pages\/2384"}],"wp:attachment":[{"href":"https:\/\/jundiai.sp.gov.br\/administracao-e-gestao-de-pessoas\/wp-json\/wp\/v2\/media?parent=2453"}],"curies":[{"name":"wp","href":"https:\/\/api.w.org\/{rel}","templated":true}]}}