{"id":2456,"date":"2017-11-17T16:37:44","date_gmt":"2017-11-17T18:37:44","guid":{"rendered":"https:\/\/jundiai.sp.gov.br\/administracao-e-gestao-de-pessoas\/?page_id=2456"},"modified":"2023-04-12T12:25:10","modified_gmt":"2023-04-12T15:25:10","slug":"deveres-do-servidor","status":"publish","type":"page","link":"https:\/\/jundiai.sp.gov.br\/administracao-e-gestao-de-pessoas\/gestao-de-pessoas-orienta\/deveres-do-servidor\/","title":{"rendered":"DEVERES DO SERVIDOR"},"content":{"rendered":"<p><span style=\"font-weight: 400;\">S\u00e3o deveres do servidor:<\/span><\/p>\n<p><span style=\"font-weight: 400;\">&#8211; Exercer com zelo e dedica\u00e7\u00e3o as suas atribui\u00e7\u00f5es;<\/span><\/p>\n<p><span style=\"font-weight: 400;\">&#8211; Ser leal \u00e0s institui\u00e7\u00f5es a que servir;<\/span><\/p>\n<p><span style=\"font-weight: 400;\">&#8211; Observar as normas legais e regulamentares;<\/span><\/p>\n<p><span style=\"font-weight: 400;\">&#8211; Cumprir as ordens superiores, exceto quando manifestamente ilegais;<\/span><\/p>\n<p><span style=\"font-weight: 400;\">&#8211; Atender com presteza:<\/span><\/p>\n<ol>\n<li><span style=\"font-weight: 400;\">a) ao p\u00fablico em geral, prestando as informa\u00e7\u00f5es requeridas, ressalvadas as protegidas por sigilo;<\/span><\/li>\n<li><span style=\"font-weight: 400;\">b) aos pedidos de expedi\u00e7\u00e3o de certid\u00f5es para defesa de direito ou esclarecimento de situa\u00e7\u00f5es de interesses pessoais;<\/span><\/li>\n<li><span style=\"font-weight: 400;\">c) \u00e0s requisi\u00e7\u00f5es para a defesa da Fazenda P\u00fablica;<\/span><\/li>\n<\/ol>\n<p><span style=\"font-weight: 400;\">&#8211; Levar ao conhecimento da autoridade superior as irregularidades de que tiver ci\u00eancia em raz\u00e3o do cargo;<\/span><\/p>\n<p><span style=\"font-weight: 400;\">&#8211; Zelar pela economia do material e a conserva\u00e7\u00e3o do patrim\u00f4nio p\u00fablico;<\/span><\/p>\n<p><span style=\"font-weight: 400;\">&#8211; Guardar sigilo sobre assunto da reparti\u00e7\u00e3o;<\/span><\/p>\n<p><span style=\"font-weight: 400;\">&#8211; Manter conduta compat\u00edvel com a moralidade administrativa;<\/span><\/p>\n<p><span style=\"font-weight: 400;\">&#8211; Ser ass\u00edduo e pontual ao servi\u00e7o;<\/span><\/p>\n<p><span style=\"font-weight: 400;\">&#8211; Tratar com urbanidade as pessoas;<\/span><\/p>\n<p><span style=\"font-weight: 400;\">&#8211; Representar contra ilegalidade, omiss\u00e3o ou abuso de poder;<\/span><\/p>\n<p><span style=\"font-weight: 400;\">&#8211; N\u00e3o dar causa, por a\u00e7\u00e3o ou omiss\u00e3o, \u00e0 situa\u00e7\u00e3o que o inabilite ou impe\u00e7a o exerc\u00edcio regular do cargo de que \u00e9 titular. <\/span><\/p>\n<p><strong>Contato: Divis\u00e3o de Apoio T\u00e9cnico \u2013 4589-8740 \/ 4589-8741<\/strong><\/p>\n<p><b>Qual a Legisla\u00e7\u00e3o que trata do Assunto?<\/b><\/p>\n<p><span style=\"font-weight: 400;\">&#8211; Lei Complementar n\u00ba 499, de 22 de dezembro de 2010, Estatuto dos Funcion\u00e1rios P\u00fablicos do Munic\u00edpio, Art. 128.<\/span><\/p>\n<p><a href=\"https:\/\/sapl.jundiai.sp.leg.br\/pysc\/download_norma_pysc?cod_norma=8545&amp;texto_consolidado=1\" target=\"_blank\" rel=\"noopener\">Dispon\u00edvel aqui<\/a><\/p>\n","protected":false},"excerpt":{"rendered":"<p>S\u00e3o deveres do servidor: &#8211; Exercer com zelo e dedica\u00e7\u00e3o as suas atribui\u00e7\u00f5es; &#8211; Ser leal \u00e0s institui\u00e7\u00f5es a que servir; &#8211; Observar as normas legais e regulamentares; &#8211; Cumprir as ordens superiores, exceto quando manifestamente ilegais; &#8211; Atender com presteza: a) ao p\u00fablico em geral, prestando as informa\u00e7\u00f5es requeridas, ressalvadas as protegidas por sigilo; [&hellip;]<\/p>\n","protected":false},"author":30,"featured_media":0,"parent":2384,"menu_order":0,"comment_status":"closed","ping_status":"closed","template":"","meta":{"footnotes":""},"class_list":["post-2456","page","type-page","status-publish","hentry"],"_links":{"self":[{"href":"https:\/\/jundiai.sp.gov.br\/administracao-e-gestao-de-pessoas\/wp-json\/wp\/v2\/pages\/2456","targetHints":{"allow":["GET"]}}],"collection":[{"href":"https:\/\/jundiai.sp.gov.br\/administracao-e-gestao-de-pessoas\/wp-json\/wp\/v2\/pages"}],"about":[{"href":"https:\/\/jundiai.sp.gov.br\/administracao-e-gestao-de-pessoas\/wp-json\/wp\/v2\/types\/page"}],"author":[{"embeddable":true,"href":"https:\/\/jundiai.sp.gov.br\/administracao-e-gestao-de-pessoas\/wp-json\/wp\/v2\/users\/30"}],"replies":[{"embeddable":true,"href":"https:\/\/jundiai.sp.gov.br\/administracao-e-gestao-de-pessoas\/wp-json\/wp\/v2\/comments?post=2456"}],"version-history":[{"count":7,"href":"https:\/\/jundiai.sp.gov.br\/administracao-e-gestao-de-pessoas\/wp-json\/wp\/v2\/pages\/2456\/revisions"}],"predecessor-version":[{"id":6814,"href":"https:\/\/jundiai.sp.gov.br\/administracao-e-gestao-de-pessoas\/wp-json\/wp\/v2\/pages\/2456\/revisions\/6814"}],"up":[{"embeddable":true,"href":"https:\/\/jundiai.sp.gov.br\/administracao-e-gestao-de-pessoas\/wp-json\/wp\/v2\/pages\/2384"}],"wp:attachment":[{"href":"https:\/\/jundiai.sp.gov.br\/administracao-e-gestao-de-pessoas\/wp-json\/wp\/v2\/media?parent=2456"}],"curies":[{"name":"wp","href":"https:\/\/api.w.org\/{rel}","templated":true}]}}