{"id":2460,"date":"2017-11-17T16:39:14","date_gmt":"2017-11-17T18:39:14","guid":{"rendered":"https:\/\/jundiai.sp.gov.br\/administracao-e-gestao-de-pessoas\/?page_id=2460"},"modified":"2026-03-11T15:08:34","modified_gmt":"2026-03-11T18:08:34","slug":"divisao-de-servico-social","status":"publish","type":"page","link":"https:\/\/jundiai.sp.gov.br\/administracao-e-gestao-de-pessoas\/gestao-de-pessoas-orienta\/divisao-de-servico-social\/","title":{"rendered":"SERVI\u00c7O SOCIAL"},"content":{"rendered":"\n<ul class=\"wp-block-list\">\n<li><b>O que \u00e9?<\/b><\/li>\n<\/ul>\n\n\n\n<p><span style=\"font-weight: 400;\">A Divis\u00e3o de Servi\u00e7o Social promove o atendimento aos servidores com escuta qualificada, orienta\u00e7\u00f5es, elabora\u00e7\u00e3o de estudos, relat\u00f3rios sociais e encaminhamentos, conforme a necessidade apresentada, orientando o acesso dos servidores aos servi\u00e7os p\u00fablicos e benef\u00edcios previsto em Lei, buscando justi\u00e7a social e transforma\u00e7\u00e3o de realidades adversas.\u00a0Atua ainda na gest\u00e3o estrat\u00e9gica de pessoas, intermediando os processos de permutas e de vac\u00e2ncias, ampliando a mobilidade e a satisfa\u00e7\u00e3o do servidor no trabalho. Desenvolve programas e atividades voltados \u00e0 integra\u00e7\u00e3o, qualidade de vida, melhoria da comunica\u00e7\u00e3o interpessoal e da comunica\u00e7\u00e3o interna.<\/span><\/p>\n\n\n\n<ul class=\"wp-block-list\">\n<li><b>Quais os programas e atividades desenvolvidos?<\/b><\/li>\n<\/ul>\n\n\n\n<p>\u2013&nbsp;<strong>Qualidade de vida (Integra\u00e7\u00e3o do Eu)<\/strong>. O&nbsp;Programa \u00e9 composto de:<\/p>\n\n\n\n<p>1.&nbsp;&nbsp;&nbsp;Yoga \u2013 turmas \u00e0s 3\u00aa e 5\u00aa feiras, na sala multiuso do Pa\u00e7o Municipal. Os interessados devem fazer inscri\u00e7\u00e3o no Servi\u00e7o Social e aguardar a chamada.<\/p>\n\n\n\n<p>2.&nbsp;&nbsp;&nbsp;Treinamento Funcional \u2013 turmas \u00e0s segundas-feiras. Os interessados devem fazer inscri\u00e7\u00e3o no Servi\u00e7o Social e aguardar a chamada.<\/p>\n\n\n\n<p>3.&nbsp;&nbsp;&nbsp;Gin\u00e1stica Laboral \u2013 Acontece no Pa\u00e7o Municipal e tem parceria com a Secretaria de Esportes<\/p>\n\n\n\n<p><strong>\u2013&nbsp;<\/strong>&nbsp;&nbsp;<strong>Mulheres de Valor<\/strong>: Realizado anualmente para comemorar o Dia Internacional da Mulher, com a\u00e7\u00f5es de valoriza\u00e7\u00e3o da mulher na sociedade e no trabalho.<\/p>\n\n\n\n<p><strong>\u2013 Semana do Servidor com mais Qualidade de vida<\/strong>&nbsp;(<strong>Comemora\u00e7\u00e3o ao dia do Servidor P\u00fablico)&nbsp;<\/strong>\u2013 Acontece anualmente no m\u00eas de outubro com atividades voltadas ao autocuidado, arte e cultura.<\/p>\n\n\n\n<p><strong>\u2013 &nbsp;Pr\u00e1ticas Restaurativas junto aos servidores<\/strong>: prop\u00f5e contribuir com a cria\u00e7\u00e3o de ambientes de trabalho mais harm\u00f4nicos, participativos e produtivos, onde os conflitos sejam tratados de maneira pac\u00edfica e transformadora. O programa possui tr\u00eas eixos: Preventivo, para grupos pr\u00e9-definidos, com objetivo de fortalecer a conviv\u00eancia e oferecer espa\u00e7o seguro para a conversa de temas previamente estabelecidos; Situa\u00e7\u00f5es de conflitos, com oferta de c\u00edrculos restaurativos para situa\u00e7\u00f5es de conflito interpessoal; Situa\u00e7\u00e3o de abertura de PADS (Processos Administrativos Disciplinares) com oferta de c\u00edrculos restaurativos para situa\u00e7\u00f5es que deram origem a sindic\u00e2ncias.<\/p>\n\n\n\n<p><strong>\u2013 Comunica\u00e7\u00e3o Interna:&nbsp;<\/strong>Informativos via Email Gest\u00e3o de Pessoas Informa onde s\u00e3o enviados avisos e comunica\u00e7\u00f5es de procedimentos da gest\u00e3o de pessoas, e divulga\u00e7\u00e3o de eventos com objetivo de facilitar a comunica\u00e7\u00e3o interna com os servidores. Publica\u00e7\u00e3o de posts motivacionais e educativos, tais como: \u201cL\u00edngua Afiada\u201d, \u201cGotas de Bem Estar\u201d, \u201cMinuto sa\u00fade\u201d e \u201cServidor Consciente\u201d.&nbsp; Cartazes e avisos nos quadros ao lado dos rel\u00f3gios de ponto no Pa\u00e7o Municipal.<\/p>\n\n\n\n<p><strong>\u2013 &nbsp;Banco de permutas e vac\u00e2ncias<\/strong><\/p>\n\n\n\n<p>Atua\u00e7\u00e3o das Assistentes Sociais nas transfer\u00eancias. Vide&nbsp;<em>Gest\u00e3o de Pessoas Orienta tema: \u201c<a href=\"https:\/\/jundiai.sp.gov.br\/administracao-e-gestao-de-pessoas\/gestao-de-pessoas-orienta\/transferencia-de-unidade-de-gestao\/\" target=\"_blank\" rel=\"noreferrer noopener\">Transfer\u00eancias entre Secretarias<\/a>&#8220;<\/em>.<\/p>\n\n\n\n<ul class=\"wp-block-list\">\n<li><strong>Como buscar atendimento?<\/strong><\/li>\n<\/ul>\n\n\n\n<p>O atendimento do Servi\u00e7o Social aos servidores se d\u00e1 no Pa\u00e7o Municipal 3\u00ba andar \u2013 ala norte, das 8h \u00e0s 18h. \u00c9 importante fazer o agendamento pr\u00e9vio:<\/p>\n\n\n\n<p>&#8211; Telefones 4589 &#8211; 8750 e 4589 &#8211; 8734&nbsp;\/&nbsp;Whatsapp: (11) 4589 &#8211; 8750<\/p>\n","protected":false},"excerpt":{"rendered":"<p>A Divis\u00e3o de Servi\u00e7o Social promove o atendimento aos servidores com escuta qualificada, orienta\u00e7\u00f5es, elabora\u00e7\u00e3o de estudos, relat\u00f3rios sociais e encaminhamentos, conforme a necessidade apresentada, orientando o acesso dos servidores aos servi\u00e7os p\u00fablicos e benef\u00edcios previsto em Lei, buscando justi\u00e7a social e transforma\u00e7\u00e3o de realidades adversas.\u00a0Atua ainda na gest\u00e3o estrat\u00e9gica de pessoas, intermediando os processos [&hellip;]<\/p>\n","protected":false},"author":30,"featured_media":0,"parent":2384,"menu_order":0,"comment_status":"closed","ping_status":"closed","template":"","meta":{"footnotes":""},"class_list":["post-2460","page","type-page","status-publish","hentry"],"_links":{"self":[{"href":"https:\/\/jundiai.sp.gov.br\/administracao-e-gestao-de-pessoas\/wp-json\/wp\/v2\/pages\/2460","targetHints":{"allow":["GET"]}}],"collection":[{"href":"https:\/\/jundiai.sp.gov.br\/administracao-e-gestao-de-pessoas\/wp-json\/wp\/v2\/pages"}],"about":[{"href":"https:\/\/jundiai.sp.gov.br\/administracao-e-gestao-de-pessoas\/wp-json\/wp\/v2\/types\/page"}],"author":[{"embeddable":true,"href":"https:\/\/jundiai.sp.gov.br\/administracao-e-gestao-de-pessoas\/wp-json\/wp\/v2\/users\/30"}],"replies":[{"embeddable":true,"href":"https:\/\/jundiai.sp.gov.br\/administracao-e-gestao-de-pessoas\/wp-json\/wp\/v2\/comments?post=2460"}],"version-history":[{"count":6,"href":"https:\/\/jundiai.sp.gov.br\/administracao-e-gestao-de-pessoas\/wp-json\/wp\/v2\/pages\/2460\/revisions"}],"predecessor-version":[{"id":7544,"href":"https:\/\/jundiai.sp.gov.br\/administracao-e-gestao-de-pessoas\/wp-json\/wp\/v2\/pages\/2460\/revisions\/7544"}],"up":[{"embeddable":true,"href":"https:\/\/jundiai.sp.gov.br\/administracao-e-gestao-de-pessoas\/wp-json\/wp\/v2\/pages\/2384"}],"wp:attachment":[{"href":"https:\/\/jundiai.sp.gov.br\/administracao-e-gestao-de-pessoas\/wp-json\/wp\/v2\/media?parent=2460"}],"curies":[{"name":"wp","href":"https:\/\/api.w.org\/{rel}","templated":true}]}}