{"id":2473,"date":"2017-11-21T17:17:56","date_gmt":"2017-11-21T19:17:56","guid":{"rendered":"https:\/\/jundiai.sp.gov.br\/administracao-e-gestao-de-pessoas\/?page_id=2473"},"modified":"2023-04-12T12:26:32","modified_gmt":"2023-04-12T15:26:32","slug":"dsr-descanso-semanal-remunerado","status":"publish","type":"page","link":"https:\/\/jundiai.sp.gov.br\/administracao-e-gestao-de-pessoas\/gestao-de-pessoas-orienta\/dsr-descanso-semanal-remunerado\/","title":{"rendered":"DSR \u2013 DESCANSO SEMANAL REMUNERADO"},"content":{"rendered":"<ul>\n<li><b>O que \u00e9?<\/b><\/li>\n<\/ul>\n<p><span style=\"font-weight: 400;\">\u00c9 o Descanso Semanal Remunerado (Domingos e Feriados), pago sobre as horas extraordin\u00e1rias ou descontado em caso de falta injustificada.<\/span><\/p>\n<ul>\n<li><b>Quem tem direito ao pagamento\/desconto do DSR?<\/b><\/li>\n<\/ul>\n<p><span style=\"font-weight: 400;\">Para pagamento: os servidores que realizam horas extraordin\u00e1rias, mediante autoriza\u00e7\u00e3o expressa das chefias imediata e mediata.<\/span><\/p>\n<p><span style=\"font-weight: 400;\">Para desconto: qualquer servidor que apresentar faltas injustificadas. <\/span><\/p>\n<p><b>Contato: Divis\u00e3o de Ponto e Frequ\u00eancia &#8211; 4589-8743 \/ 4589-8745 \/ 4589-8733<\/b><\/p>\n<p><b>Qual a Legisla\u00e7\u00e3o que trata do assunto?<\/b><\/p>\n<p><span style=\"font-weight: 400;\">&#8211; Lei Complementar n\u00ba 499, de 22 de dezembro de 2010, Estatuto dos Funcion\u00e1rios P\u00fablicos do Munic\u00edpio, Art. 93.<\/span><\/p>\n<p><a href=\"https:\/\/sapl.jundiai.sp.leg.br\/pysc\/download_norma_pysc?cod_norma=8545&amp;texto_consolidado=1\" target=\"_blank\" rel=\"noopener\">Dispon\u00edvel aqui<\/a><\/p>\n<p><span style=\"font-weight: 400;\">&#8211; Consolida\u00e7\u00e3o das Leis do Trabalho \u2013 CLT.\u00a0<\/span><\/p>\n","protected":false},"excerpt":{"rendered":"<p>O que \u00e9? \u00c9 o Descanso Semanal Remunerado (Domingos e Feriados), pago sobre as horas extraordin\u00e1rias ou descontado em caso de falta injustificada. Quem tem direito ao pagamento\/desconto do DSR? Para pagamento: os servidores que realizam horas extraordin\u00e1rias, mediante autoriza\u00e7\u00e3o expressa das chefias imediata e mediata. Para desconto: qualquer servidor que apresentar faltas injustificadas. Contato: [&hellip;]<\/p>\n","protected":false},"author":30,"featured_media":0,"parent":2384,"menu_order":0,"comment_status":"closed","ping_status":"closed","template":"","meta":{"footnotes":""},"class_list":["post-2473","page","type-page","status-publish","hentry"],"_links":{"self":[{"href":"https:\/\/jundiai.sp.gov.br\/administracao-e-gestao-de-pessoas\/wp-json\/wp\/v2\/pages\/2473","targetHints":{"allow":["GET"]}}],"collection":[{"href":"https:\/\/jundiai.sp.gov.br\/administracao-e-gestao-de-pessoas\/wp-json\/wp\/v2\/pages"}],"about":[{"href":"https:\/\/jundiai.sp.gov.br\/administracao-e-gestao-de-pessoas\/wp-json\/wp\/v2\/types\/page"}],"author":[{"embeddable":true,"href":"https:\/\/jundiai.sp.gov.br\/administracao-e-gestao-de-pessoas\/wp-json\/wp\/v2\/users\/30"}],"replies":[{"embeddable":true,"href":"https:\/\/jundiai.sp.gov.br\/administracao-e-gestao-de-pessoas\/wp-json\/wp\/v2\/comments?post=2473"}],"version-history":[{"count":5,"href":"https:\/\/jundiai.sp.gov.br\/administracao-e-gestao-de-pessoas\/wp-json\/wp\/v2\/pages\/2473\/revisions"}],"predecessor-version":[{"id":6816,"href":"https:\/\/jundiai.sp.gov.br\/administracao-e-gestao-de-pessoas\/wp-json\/wp\/v2\/pages\/2473\/revisions\/6816"}],"up":[{"embeddable":true,"href":"https:\/\/jundiai.sp.gov.br\/administracao-e-gestao-de-pessoas\/wp-json\/wp\/v2\/pages\/2384"}],"wp:attachment":[{"href":"https:\/\/jundiai.sp.gov.br\/administracao-e-gestao-de-pessoas\/wp-json\/wp\/v2\/media?parent=2473"}],"curies":[{"name":"wp","href":"https:\/\/api.w.org\/{rel}","templated":true}]}}