{"id":2480,"date":"2017-11-21T17:23:22","date_gmt":"2017-11-21T19:23:22","guid":{"rendered":"https:\/\/jundiai.sp.gov.br\/administracao-e-gestao-de-pessoas\/?page_id=2480"},"modified":"2023-01-31T13:52:50","modified_gmt":"2023-01-31T16:52:50","slug":"exercicio-frequencia","status":"publish","type":"page","link":"https:\/\/jundiai.sp.gov.br\/administracao-e-gestao-de-pessoas\/gestao-de-pessoas-orienta\/exercicio-frequencia\/","title":{"rendered":"EXERC\u00cdCIO (FREQU\u00caNCIA)"},"content":{"rendered":"<ul>\n<li><b>O que \u00e9?<\/b><\/li>\n<\/ul>\n<p><span style=\"font-weight: 400;\">\u00c9 o acompanhamento dos hor\u00e1rios de trabalho realizados. <\/span><\/p>\n<ul>\n<li><b>Como \u00e9 feito?<\/b><\/li>\n<\/ul>\n<p><span style=\"font-weight: 400;\">Atrav\u00e9s da apura\u00e7\u00e3o di\u00e1ria da freq\u00fc\u00eancia pelo Sistema do Ponto Eletr\u00f4nico ou Folha Ponto, apurando atrasos, aus\u00eancias, horas extraordin\u00e1rias, e outras ocorr\u00eancias.<\/span><\/p>\n<p><span style=\"font-weight: 400;\">Importante frisar que o pagamento do sal\u00e1rio \u00e9 efetuado dentro do m\u00eas, ficando para o m\u00eas subsequente apenas os reflexos acima mencionados.<\/span><\/p>\n<p><b>Contato: Divis\u00e3o de Ponto e Frequ\u00eancia &#8211; 4589-8745 \/ 4589-8743 \/ 4589-8733<\/b><\/p>\n","protected":false},"excerpt":{"rendered":"<p>O que \u00e9? \u00c9 o acompanhamento dos hor\u00e1rios de trabalho realizados. Como \u00e9 feito? Atrav\u00e9s da apura\u00e7\u00e3o di\u00e1ria da freq\u00fc\u00eancia pelo Sistema do Ponto Eletr\u00f4nico ou Folha Ponto, apurando atrasos, aus\u00eancias, horas extraordin\u00e1rias, e outras ocorr\u00eancias. Importante frisar que o pagamento do sal\u00e1rio \u00e9 efetuado dentro do m\u00eas, ficando para o m\u00eas subsequente apenas os [&hellip;]<\/p>\n","protected":false},"author":30,"featured_media":0,"parent":2384,"menu_order":0,"comment_status":"closed","ping_status":"closed","template":"","meta":{"footnotes":""},"class_list":["post-2480","page","type-page","status-publish","hentry"],"_links":{"self":[{"href":"https:\/\/jundiai.sp.gov.br\/administracao-e-gestao-de-pessoas\/wp-json\/wp\/v2\/pages\/2480","targetHints":{"allow":["GET"]}}],"collection":[{"href":"https:\/\/jundiai.sp.gov.br\/administracao-e-gestao-de-pessoas\/wp-json\/wp\/v2\/pages"}],"about":[{"href":"https:\/\/jundiai.sp.gov.br\/administracao-e-gestao-de-pessoas\/wp-json\/wp\/v2\/types\/page"}],"author":[{"embeddable":true,"href":"https:\/\/jundiai.sp.gov.br\/administracao-e-gestao-de-pessoas\/wp-json\/wp\/v2\/users\/30"}],"replies":[{"embeddable":true,"href":"https:\/\/jundiai.sp.gov.br\/administracao-e-gestao-de-pessoas\/wp-json\/wp\/v2\/comments?post=2480"}],"version-history":[{"count":1,"href":"https:\/\/jundiai.sp.gov.br\/administracao-e-gestao-de-pessoas\/wp-json\/wp\/v2\/pages\/2480\/revisions"}],"predecessor-version":[{"id":2481,"href":"https:\/\/jundiai.sp.gov.br\/administracao-e-gestao-de-pessoas\/wp-json\/wp\/v2\/pages\/2480\/revisions\/2481"}],"up":[{"embeddable":true,"href":"https:\/\/jundiai.sp.gov.br\/administracao-e-gestao-de-pessoas\/wp-json\/wp\/v2\/pages\/2384"}],"wp:attachment":[{"href":"https:\/\/jundiai.sp.gov.br\/administracao-e-gestao-de-pessoas\/wp-json\/wp\/v2\/media?parent=2480"}],"curies":[{"name":"wp","href":"https:\/\/api.w.org\/{rel}","templated":true}]}}