{"id":2500,"date":"2017-11-22T15:06:58","date_gmt":"2017-11-22T17:06:58","guid":{"rendered":"https:\/\/jundiai.sp.gov.br\/administracao-e-gestao-de-pessoas\/?page_id=2500"},"modified":"2025-10-03T17:49:14","modified_gmt":"2025-10-03T20:49:14","slug":"horas-extraordinarias-horas-extras","status":"publish","type":"page","link":"https:\/\/jundiai.sp.gov.br\/administracao-e-gestao-de-pessoas\/gestao-de-pessoas-orienta\/horas-extraordinarias-horas-extras\/","title":{"rendered":"HORAS EXTRAORDIN\u00c1RIAS (HORAS EXTRAS)"},"content":{"rendered":"\n<ul class=\"wp-block-list\">\n<li><b>O que s\u00e3o?<\/b><\/li>\n<\/ul>\n\n\n\n<p><span style=\"font-weight: 400\">S\u00e3o as horas realizadas fora do hor\u00e1rio normal de trabalho.<\/span><\/p>\n\n\n\n<ul class=\"wp-block-list\">\n<li><b>Quem tem direito?<\/b><\/li>\n<\/ul>\n\n\n\n<p><span style=\"font-weight: 400\">Os servidores estatutarios, celtistas e contratados por tempo determinado, mediante autoriza\u00e7\u00e3o expressa das chefias imediata e mediata e que n\u00e3o possuam banco de horas negativo.<\/span><\/p>\n\n\n\n<ul class=\"wp-block-list\">\n<li><b>Quais os tipos de horas extraordin\u00e1rias? &nbsp;<\/b><\/li>\n<\/ul>\n\n\n\n<p><b>Estatut\u00e1rio e Contrato por Tempo Determinado:<\/b><\/p>\n\n\n\n<p><span style=\"font-weight: 400\">Hora extra 50% &#8211; \u00e9 realizada de segunda-feira a s\u00e1bado, no hor\u00e1rio das 5h \u00e0s 20h;<\/span><\/p>\n\n\n\n<p><span style=\"font-weight: 400\">Hora extra 80% &#8211; \u00e9 a realizada entre \u00e0s 20h de um dia e \u00e0s 5h do dia seguinte;<\/span><\/p>\n\n\n\n<p><span style=\"font-weight: 400\">Hora extra 100% &#8211; \u00e9 realizada em domingos, feriados e pontos facultativos.<\/span><\/p>\n\n\n\n<p><b>CLT:<\/b><\/p>\n\n\n\n<p><span style=\"font-weight: 400\">Hora extra 50% &#8211; \u00e9 a realizada de segunda feira a s\u00e1bado no hor\u00e1rio das 5h \u00e0s 22h;<\/span><\/p>\n\n\n\n<p><span style=\"font-weight: 400\">Hora extra 80% &#8211; \u00e9 a realizada entre as 22h de um dia e as 5h do dia seguinte;<\/span><\/p>\n\n\n\n<p><span style=\"font-weight: 400\">Hora extra 100% &#8211; \u00e9 a realizada em domingos, feriados e pontos facultativos.<\/span><\/p>\n\n\n\n<p><strong>OBS: Nos dias de emenda de feriados, as horas trabalhadas n\u00e3o s\u00e3o contabilizadas como hora extra, exceto as realizadas fora do hor\u00e1rio de trabalho.<br><br><\/strong><br> <strong>OBS.1 : Servidores cumprindo regime 12\u00d736 \u2013 Jornada diferenciada, consultar o Art. 178 do Estatuto dos Funcion\u00e1rios P\u00fablicos (Pagamento de Horas Extras diferenciado). <\/strong><\/p>\n\n\n\n<p><b><br>\nContato: Divis\u00e3o de Ponto e Frequ\u00eancia &#8211; 4589-8743 \/ 4589-8745 \/ 4589-8733<\/b><\/p>\n\n\n\n<p><b>Qual a Legisla\u00e7\u00e3o que trata do assunto?<\/b><\/p>\n\n\n\n<p><span style=\"font-weight: 400\">&#8211; Lei Complementar n\u00ba 499, de 22 de dezembro de 2010, Estatuto dos Funcion\u00e1rios P\u00fablicos do Munic\u00edpio, Art. 104, 105 e 178.<\/span><\/p>\n\n\n\n<p><a href=\"https:\/\/sapl.jundiai.sp.leg.br\/pysc\/download_norma_pysc?cod_norma=8545&amp;texto_consolidado=1\" target=\"_blank\" rel=\"noopener\">Dispon\u00edvel aqui<\/a><\/p>\n\n\n\n<p><span style=\"font-weight: 400\">&#8211; <\/span>Decreto Municipal n.\u00ba 35.286, de 28 de Julho de 2025, Manual de Gerenciamento de Frequ\u00eancia dos Servidores P\u00fablicos da Administra\u00e7\u00e3o Direta do Munic\u00edpio.&nbsp;<\/p>\n\n\n\n<p><span style=\"font-weight: 400\"><a href=\"https:\/\/jundiai.sp.gov.br\/administracao-e-gestao-de-pessoas\/wp-content\/uploads\/sites\/16\/2025\/08\/sei_2501116_decreto_n-_35-286__de_28_de_julho_de_2025.pdf\">Dispon\u00edvel aqui<\/a><\/span><\/p>\n\n\n\n<p><\/p>\n","protected":false},"excerpt":{"rendered":"<p>S\u00e3o as horas realizadas fora do hor\u00e1rio normal de trabalho. Os servidores estatutarios, celtistas e contratados por tempo determinado, mediante autoriza\u00e7\u00e3o expressa das chefias imediata e mediata e que n\u00e3o possuam banco de horas negativo. Estatut\u00e1rio e Contrato por Tempo Determinado: Hora extra 50% &#8211; \u00e9 realizada de segunda-feira a s\u00e1bado, no hor\u00e1rio das 5h [&hellip;]<\/p>\n","protected":false},"author":30,"featured_media":0,"parent":2384,"menu_order":0,"comment_status":"closed","ping_status":"closed","template":"","meta":{"footnotes":""},"class_list":["post-2500","page","type-page","status-publish","hentry"],"_links":{"self":[{"href":"https:\/\/jundiai.sp.gov.br\/administracao-e-gestao-de-pessoas\/wp-json\/wp\/v2\/pages\/2500","targetHints":{"allow":["GET"]}}],"collection":[{"href":"https:\/\/jundiai.sp.gov.br\/administracao-e-gestao-de-pessoas\/wp-json\/wp\/v2\/pages"}],"about":[{"href":"https:\/\/jundiai.sp.gov.br\/administracao-e-gestao-de-pessoas\/wp-json\/wp\/v2\/types\/page"}],"author":[{"embeddable":true,"href":"https:\/\/jundiai.sp.gov.br\/administracao-e-gestao-de-pessoas\/wp-json\/wp\/v2\/users\/30"}],"replies":[{"embeddable":true,"href":"https:\/\/jundiai.sp.gov.br\/administracao-e-gestao-de-pessoas\/wp-json\/wp\/v2\/comments?post=2500"}],"version-history":[{"count":12,"href":"https:\/\/jundiai.sp.gov.br\/administracao-e-gestao-de-pessoas\/wp-json\/wp\/v2\/pages\/2500\/revisions"}],"predecessor-version":[{"id":7429,"href":"https:\/\/jundiai.sp.gov.br\/administracao-e-gestao-de-pessoas\/wp-json\/wp\/v2\/pages\/2500\/revisions\/7429"}],"up":[{"embeddable":true,"href":"https:\/\/jundiai.sp.gov.br\/administracao-e-gestao-de-pessoas\/wp-json\/wp\/v2\/pages\/2384"}],"wp:attachment":[{"href":"https:\/\/jundiai.sp.gov.br\/administracao-e-gestao-de-pessoas\/wp-json\/wp\/v2\/media?parent=2500"}],"curies":[{"name":"wp","href":"https:\/\/api.w.org\/{rel}","templated":true}]}}