{"id":2513,"date":"2017-11-22T15:21:27","date_gmt":"2017-11-22T17:21:27","guid":{"rendered":"https:\/\/jundiai.sp.gov.br\/administracao-e-gestao-de-pessoas\/?page_id=2513"},"modified":"2025-10-06T11:05:11","modified_gmt":"2025-10-06T14:05:11","slug":"licenca-para-trato-de-interesse-particular-licenca-sem-vencimentos","status":"publish","type":"page","link":"https:\/\/jundiai.sp.gov.br\/administracao-e-gestao-de-pessoas\/gestao-de-pessoas-orienta\/licenca-para-trato-de-interesse-particular-licenca-sem-vencimentos\/","title":{"rendered":"LICEN\u00c7A PARA TRATO DE INTERESSE PARTICULAR (LICEN\u00c7A SEM VENCIMENTOS)"},"content":{"rendered":"\n<ul class=\"wp-block-list\">\n<li><b>O que \u00e9?<\/b><\/li>\n<\/ul>\n\n\n\n<p><span style=\"font-weight: 400;\">Afastamento sem remunera\u00e7\u00e3o para tratar de assuntos particulares, mediante autoriza\u00e7\u00e3o da Administra\u00e7\u00e3o.<\/span><\/p>\n\n\n\n<p><span style=\"font-weight: 400;\">A Licen\u00e7a poder\u00e1 ser concedida pelo prazo de at\u00e9 02 (dois) anos, podendo solicitar prorroga\u00e7\u00e3o por igual per\u00edodo, a crit\u00e9rio da Administra\u00e7\u00e3o.<\/span><\/p>\n\n\n\n<ul class=\"wp-block-list\">\n<li><b>Quem tem direito?<\/b><\/li>\n<\/ul>\n\n\n\n<p><span style=\"font-weight: 400;\">Somente servidores estatut\u00e1rios<\/span><\/p>\n\n\n\n<ul class=\"wp-block-list\">\n<li><b>Como requerer?<\/b><\/li>\n<\/ul>\n\n\n\n<p>O Servidor poder\u00e1 solicitar atrav\u00e9s de preenchimento do Requerimento de Protocolo, dispon\u00edvel no site da Prefeitura e juntada de documento comprobat\u00f3rio, caso haja justificativa; que devem ser enviados para o e-mail&nbsp;<a href=\"mailto:atendeservidor@jundiai.sp.gov.br\" target=\"_blank\" rel=\"noreferrer noopener\">atendeservidor@jundiai.sp.gov.br<\/a>&nbsp;da SMAGP\/ Se\u00e7\u00e3o de Atendimento ao Servidor, o qual dever\u00e1 ser submetido \u00e0 anu\u00eancia da chefia.<\/p>\n\n\n\n<ul class=\"wp-block-list\">\n<li><b>O que acarreta?<\/b><\/li>\n<\/ul>\n\n\n\n<p><span style=\"font-weight: 400;\">Perda de:<\/span><\/p>\n\n\n\n<p><span style=\"font-weight: 400;\">&#8211; O direito ao gozo das Faltas Abonadas;<\/span><\/p>\n\n\n\n<p><span style=\"font-weight: 400;\">&#8211; O aux\u00edlio-transporte pelo per\u00edodo do afastamento;<\/span><\/p>\n\n\n\n<p><span style=\"font-weight: 400;\">&#8211; F\u00e9rias regulamentares;<\/span><\/p>\n\n\n\n<p><span style=\"font-weight: 400;\">&#8211; F\u00e9rias-pr\u00eamio, iniciar\u00e1 nova contagem no retorno;<\/span><\/p>\n\n\n\n<p><span style=\"font-weight: 400;\">&#8211; Aux\u00edlio-alimenta\u00e7\u00e3o;<\/span><\/p>\n\n\n\n<p><span style=\"font-weight: 400;\">&#8211; Progress\u00e3o (refer\u00eancia), at\u00e9 o m\u00e1ximo de 30 (trinta) dias, a cada ano, de acordo com o per\u00edodo do servidor.<\/span><\/p>\n\n\n\n<p><strong>Contato: Divis\u00e3o de Apoio T\u00e9cnico \u2013 4589-8740 \/ 4589-8741<\/strong><\/p>\n\n\n\n<p><b>Qual a Legisla\u00e7\u00e3o que trata do Assunto?<\/b><\/p>\n\n\n\n<p><span style=\"font-weight: 400;\">&#8211; Lei Complementar n\u00ba 499, de 22 de dezembro de 2010, Estatuto dos Funcion\u00e1rios P\u00fablicos do Munic\u00edpio, Art. 86 e 87.<\/span><\/p>\n\n\n\n<p><a href=\"https:\/\/sapl.jundiai.sp.leg.br\/pysc\/download_norma_pysc?cod_norma=8545&amp;texto_consolidado=1\" target=\"_blank\" rel=\"noopener\">Dispon\u00edvel aqui<\/a><\/p>\n\n\n\n<p><b>Anexos:<\/b><\/p>\n\n\n\n<p><span style=\"font-weight: 400;\">&#8211; Formul\u00e1rio Requerimento de Protocolo.<\/span><\/p>\n\n\n\n<p><span style=\"font-weight: 400;\"><a href=\"https:\/\/jundiai.sp.gov.br\/administracao-e-gestao-de-pessoas\/wp-content\/uploads\/sites\/16\/2025\/10\/requerimento-de-protocolo.pdf\" target=\"_blank\" rel=\"noreferrer noopener\">Dispon\u00edvel aqui<\/a><\/span><\/p>\n","protected":false},"excerpt":{"rendered":"<p>Afastamento sem remunera\u00e7\u00e3o para tratar de assuntos particulares, mediante autoriza\u00e7\u00e3o da Administra\u00e7\u00e3o. A Licen\u00e7a poder\u00e1 ser concedida pelo prazo de at\u00e9 02 (dois) anos, podendo solicitar prorroga\u00e7\u00e3o por igual per\u00edodo, a crit\u00e9rio da Administra\u00e7\u00e3o. Somente servidores estatut\u00e1rios O Servidor poder\u00e1 solicitar atrav\u00e9s de preenchimento do Requerimento de Protocolo, dispon\u00edvel no site da Prefeitura e juntada [&hellip;]<\/p>\n","protected":false},"author":30,"featured_media":0,"parent":2384,"menu_order":0,"comment_status":"closed","ping_status":"closed","template":"","meta":{"footnotes":""},"class_list":["post-2513","page","type-page","status-publish","hentry"],"_links":{"self":[{"href":"https:\/\/jundiai.sp.gov.br\/administracao-e-gestao-de-pessoas\/wp-json\/wp\/v2\/pages\/2513","targetHints":{"allow":["GET"]}}],"collection":[{"href":"https:\/\/jundiai.sp.gov.br\/administracao-e-gestao-de-pessoas\/wp-json\/wp\/v2\/pages"}],"about":[{"href":"https:\/\/jundiai.sp.gov.br\/administracao-e-gestao-de-pessoas\/wp-json\/wp\/v2\/types\/page"}],"author":[{"embeddable":true,"href":"https:\/\/jundiai.sp.gov.br\/administracao-e-gestao-de-pessoas\/wp-json\/wp\/v2\/users\/30"}],"replies":[{"embeddable":true,"href":"https:\/\/jundiai.sp.gov.br\/administracao-e-gestao-de-pessoas\/wp-json\/wp\/v2\/comments?post=2513"}],"version-history":[{"count":14,"href":"https:\/\/jundiai.sp.gov.br\/administracao-e-gestao-de-pessoas\/wp-json\/wp\/v2\/pages\/2513\/revisions"}],"predecessor-version":[{"id":7433,"href":"https:\/\/jundiai.sp.gov.br\/administracao-e-gestao-de-pessoas\/wp-json\/wp\/v2\/pages\/2513\/revisions\/7433"}],"up":[{"embeddable":true,"href":"https:\/\/jundiai.sp.gov.br\/administracao-e-gestao-de-pessoas\/wp-json\/wp\/v2\/pages\/2384"}],"wp:attachment":[{"href":"https:\/\/jundiai.sp.gov.br\/administracao-e-gestao-de-pessoas\/wp-json\/wp\/v2\/media?parent=2513"}],"curies":[{"name":"wp","href":"https:\/\/api.w.org\/{rel}","templated":true}]}}