{"id":2518,"date":"2017-11-22T15:23:59","date_gmt":"2017-11-22T17:23:59","guid":{"rendered":"https:\/\/jundiai.sp.gov.br\/administracao-e-gestao-de-pessoas\/?page_id=2518"},"modified":"2025-09-17T11:34:27","modified_gmt":"2025-09-17T14:34:27","slug":"movimentacao-de-pessoal","status":"publish","type":"page","link":"https:\/\/jundiai.sp.gov.br\/administracao-e-gestao-de-pessoas\/gestao-de-pessoas-orienta\/movimentacao-de-pessoal\/","title":{"rendered":"MOVIMENTA\u00c7\u00c3O DE PESSOAL"},"content":{"rendered":"\n<ul class=\"wp-block-list\">\n<li><b>O que \u00e9?<\/b><\/li>\n<\/ul>\n\n\n\n<p><span style=\"font-weight: 400;\">\u00c9 a mudan\u00e7a de local de trabalho, que pode ser de uma Secretaria para outra, ou dentro da mesma Secretaria.<\/span><\/p>\n\n\n\n<ul class=\"wp-block-list\">\n<li><strong><strong>Como proceder? <\/strong><\/strong><\/li>\n<\/ul>\n\n\n\n<p>Se ocorrer dentro da mesma Secretaria, o Diretor do Departamento ou Respons\u00e1vel de Pessoal deve preencher o Formul\u00e1rio \u201cAltera\u00e7\u00e3o de Local de Trabalho na Secretaria\u201d, dispon\u00edvel no link abaixo, solicitando a altera\u00e7\u00e3o com os dados do servidor, c\u00f3digo e nome do local.<\/p>\n\n\n\n<p>Formul\u00e1rio \u2013&nbsp;<a href=\"https:\/\/docs.google.com\/forms\/d\/e\/1FAIpQLSfgdQKv5KxtdoAj2IAGs_mOXWdrVSw5Ij1Y2Eo8HqCu_vQoQQ\/viewform\" target=\"_blank\" rel=\"noreferrer noopener\">clique<\/a><\/p>\n\n\n\n<p>Se for uma altera\u00e7\u00e3o entre Secretarias, deve ser preenchido o Formul\u00e1rio de Movimenta\u00e7\u00e3o de Pessoal, no SEI \u2013 Sistema Eletr\u00f4nico de Informa\u00e7\u00f5es, com a assinatura dos Secret\u00e1rios, Diretores e Chefia Imediata das duas Secretarias, e ap\u00f3s, enviar para a SMAGP\/ Divis\u00e3o de Engenharia e Seguran\u00e7a do Trabalho, para efetiva\u00e7\u00e3o. As movimenta\u00e7\u00f5es dever\u00e3o ser comunicadas at\u00e9 o dia 20 (vinte) do m\u00eas anterior \u00e0 movimenta\u00e7\u00e3o, considerando como in\u00edcio o primeiro dia \u00fatil do m\u00eas.<br> <\/p>\n\n\n\n<p><b>Contato: Divis\u00e3o de Engenharia e Seguran\u00e7a do Trabalho \u2013 4589-8755<\/b><\/p>\n\n\n\n<ul class=\"wp-block-list\">\n<li><b>O que acarreta o n\u00e3o cumprimento do prazo?<\/b><\/li>\n<\/ul>\n\n\n\n<p><span style=\"font-weight: 400;\">&#8211; Inconsist\u00eancia no ponto eletr\u00f4nico;<\/span><\/p>\n\n\n\n<p><span style=\"font-weight: 400;\">&#8211; Inconsist\u00eancia no pagamento dos adicionais de insalubridade, periculosidade e risco de vida.<\/span><\/p>\n\n\n\n<p><b>Qual a Legisla\u00e7\u00e3o que trata do assunto?<\/b><\/p>\n\n\n\n<p><span style=\"font-weight: 400;\">&#8211; <a href=\"https:\/\/jundiai.sp.gov.br\/administracao-e-gestao-de-pessoas\/wp-content\/uploads\/sites\/16\/2017\/05\/Decreto-n%C2%BA-26.915-Freq%C3%AAncia-1.pdf\" target=\"_blank\" rel=\"noopener\">Decreto Municipal n.\u00ba 26.915, de 27 de Abril de 2017, Art. 39 a 44.<\/a> Manual de Gerenciamento de Frequ\u00eancia dos Servidores P\u00fablicos da Administra\u00e7\u00e3o Direta do Munic\u00edpio.<\/span><\/p>\n\n\n\n<p>\u2013 Decreto 33.720 de 17 de janeiro de 2024<br>Altera o Manual de Gerenciamento de Frequ\u00eancia<\/p>\n\n\n\n<p><a href=\"https:\/\/jundiai.sp.gov.br\/administracao-e-gestao-de-pessoas\/wp-content\/uploads\/sites\/16\/2024\/02\/sei_pmj-1304952-decreto.pdf\" data-type=\"link\" data-id=\"https:\/\/jundiai.sp.gov.br\/administracao-e-gestao-de-pessoas\/wp-content\/uploads\/sites\/16\/2024\/02\/sei_pmj-1304952-decreto.pdf\" target=\"_blank\" rel=\"noreferrer noopener\">Dispon\u00edvel aqui<br><\/a><\/p>\n\n\n\n<p><strong>Anexos&nbsp;<\/strong><\/p>\n\n\n\n<p>&#8211; <a href=\"https:\/\/jundiai.sp.gov.br\/administracao-e-gestao-de-pessoas\/wp-content\/uploads\/sites\/16\/2023\/12\/movimentacao-de-pessoal-entre-unidades-instrucao.pdf\">Movimenta\u00e7\u00e3o de Pessoal entre Unidades &#8211; Instru\u00e7\u00e3o<\/a><\/p>\n","protected":false},"excerpt":{"rendered":"<p>\u00c9 a mudan\u00e7a de local de trabalho, que pode ser de uma Secretaria para outra, ou dentro da mesma Secretaria. Se ocorrer dentro da mesma Secretaria, o Diretor do Departamento ou Respons\u00e1vel de Pessoal deve preencher o Formul\u00e1rio \u201cAltera\u00e7\u00e3o de Local de Trabalho na Secretaria\u201d, dispon\u00edvel no link abaixo, solicitando a altera\u00e7\u00e3o com os dados [&hellip;]<\/p>\n","protected":false},"author":30,"featured_media":0,"parent":2384,"menu_order":0,"comment_status":"closed","ping_status":"closed","template":"","meta":{"footnotes":""},"class_list":["post-2518","page","type-page","status-publish","hentry"],"_links":{"self":[{"href":"https:\/\/jundiai.sp.gov.br\/administracao-e-gestao-de-pessoas\/wp-json\/wp\/v2\/pages\/2518","targetHints":{"allow":["GET"]}}],"collection":[{"href":"https:\/\/jundiai.sp.gov.br\/administracao-e-gestao-de-pessoas\/wp-json\/wp\/v2\/pages"}],"about":[{"href":"https:\/\/jundiai.sp.gov.br\/administracao-e-gestao-de-pessoas\/wp-json\/wp\/v2\/types\/page"}],"author":[{"embeddable":true,"href":"https:\/\/jundiai.sp.gov.br\/administracao-e-gestao-de-pessoas\/wp-json\/wp\/v2\/users\/30"}],"replies":[{"embeddable":true,"href":"https:\/\/jundiai.sp.gov.br\/administracao-e-gestao-de-pessoas\/wp-json\/wp\/v2\/comments?post=2518"}],"version-history":[{"count":20,"href":"https:\/\/jundiai.sp.gov.br\/administracao-e-gestao-de-pessoas\/wp-json\/wp\/v2\/pages\/2518\/revisions"}],"predecessor-version":[{"id":7358,"href":"https:\/\/jundiai.sp.gov.br\/administracao-e-gestao-de-pessoas\/wp-json\/wp\/v2\/pages\/2518\/revisions\/7358"}],"up":[{"embeddable":true,"href":"https:\/\/jundiai.sp.gov.br\/administracao-e-gestao-de-pessoas\/wp-json\/wp\/v2\/pages\/2384"}],"wp:attachment":[{"href":"https:\/\/jundiai.sp.gov.br\/administracao-e-gestao-de-pessoas\/wp-json\/wp\/v2\/media?parent=2518"}],"curies":[{"name":"wp","href":"https:\/\/api.w.org\/{rel}","templated":true}]}}