{"id":2520,"date":"2017-11-22T15:36:17","date_gmt":"2017-11-22T17:36:17","guid":{"rendered":"https:\/\/jundiai.sp.gov.br\/administracao-e-gestao-de-pessoas\/?page_id=2520"},"modified":"2025-08-11T11:38:31","modified_gmt":"2025-08-11T14:38:31","slug":"percurso","status":"publish","type":"page","link":"https:\/\/jundiai.sp.gov.br\/administracao-e-gestao-de-pessoas\/gestao-de-pessoas-orienta\/percurso\/","title":{"rendered":"PERCURSO"},"content":{"rendered":"<ul>\n<li><b>O que \u00e9?<\/b><\/li>\n<\/ul>\n<p><span style=\"font-weight: 400;\">O tempo concedido ao servidor para consultas e exames durante sua jornada de trabalho, justificado com a apresenta\u00e7\u00e3o da declara\u00e7\u00e3o ou atestado m\u00e9dico. Ser\u00e1 de at\u00e9 uma hora antes e uma hora ap\u00f3s do hor\u00e1rio informado pelo m\u00e9dico, para efeito de <\/span><span style=\"font-weight: 400;\">locomo\u00e7\u00e3o.<\/span><\/p>\n<p><b>Contato: Divis\u00e3o de Ponto e Frequ\u00eancia &#8211; 4589-8745 \/ 4589-8743 \/ 4589-8733<\/b><\/p>\n<p><b>Qual a Legisla\u00e7\u00e3o que trata do assunto?<\/b><\/p>\n<p><span style=\"font-weight: 400;\">&#8211; Decreto Municipal n.\u00ba 35.286, de 28 de Julho de 2025, Manual de Gerenciamento de Frequ\u00eancia dos Servidores P\u00fablicos da Administra\u00e7\u00e3o Direta do Munic\u00edpio.\u00a0<\/span><\/p>\n<p><a href=\"https:\/\/jundiai.sp.gov.br\/administracao-e-gestao-de-pessoas\/wp-content\/uploads\/sites\/16\/2025\/08\/sei_2501116_decreto_n-_35-286__de_28_de_julho_de_2025.pdf\"><span style=\"font-weight: 400;\">Dispon\u00edvel aqui<\/span><\/a><\/p>\n","protected":false},"excerpt":{"rendered":"<p>O que \u00e9? O tempo concedido ao servidor para consultas e exames durante sua jornada de trabalho, justificado com a apresenta\u00e7\u00e3o da declara\u00e7\u00e3o ou atestado m\u00e9dico. Ser\u00e1 de at\u00e9 uma hora antes e uma hora ap\u00f3s do hor\u00e1rio informado pelo m\u00e9dico, para efeito de locomo\u00e7\u00e3o. Contato: Divis\u00e3o de Ponto e Frequ\u00eancia &#8211; 4589-8745 \/ 4589-8743 [&hellip;]<\/p>\n","protected":false},"author":30,"featured_media":0,"parent":2384,"menu_order":0,"comment_status":"closed","ping_status":"closed","template":"","meta":{"footnotes":""},"class_list":["post-2520","page","type-page","status-publish","hentry"],"_links":{"self":[{"href":"https:\/\/jundiai.sp.gov.br\/administracao-e-gestao-de-pessoas\/wp-json\/wp\/v2\/pages\/2520","targetHints":{"allow":["GET"]}}],"collection":[{"href":"https:\/\/jundiai.sp.gov.br\/administracao-e-gestao-de-pessoas\/wp-json\/wp\/v2\/pages"}],"about":[{"href":"https:\/\/jundiai.sp.gov.br\/administracao-e-gestao-de-pessoas\/wp-json\/wp\/v2\/types\/page"}],"author":[{"embeddable":true,"href":"https:\/\/jundiai.sp.gov.br\/administracao-e-gestao-de-pessoas\/wp-json\/wp\/v2\/users\/30"}],"replies":[{"embeddable":true,"href":"https:\/\/jundiai.sp.gov.br\/administracao-e-gestao-de-pessoas\/wp-json\/wp\/v2\/comments?post=2520"}],"version-history":[{"count":4,"href":"https:\/\/jundiai.sp.gov.br\/administracao-e-gestao-de-pessoas\/wp-json\/wp\/v2\/pages\/2520\/revisions"}],"predecessor-version":[{"id":7279,"href":"https:\/\/jundiai.sp.gov.br\/administracao-e-gestao-de-pessoas\/wp-json\/wp\/v2\/pages\/2520\/revisions\/7279"}],"up":[{"embeddable":true,"href":"https:\/\/jundiai.sp.gov.br\/administracao-e-gestao-de-pessoas\/wp-json\/wp\/v2\/pages\/2384"}],"wp:attachment":[{"href":"https:\/\/jundiai.sp.gov.br\/administracao-e-gestao-de-pessoas\/wp-json\/wp\/v2\/media?parent=2520"}],"curies":[{"name":"wp","href":"https:\/\/api.w.org\/{rel}","templated":true}]}}