{"id":2522,"date":"2017-11-22T15:37:21","date_gmt":"2017-11-22T17:37:21","guid":{"rendered":"https:\/\/jundiai.sp.gov.br\/administracao-e-gestao-de-pessoas\/?page_id=2522"},"modified":"2025-10-01T12:18:04","modified_gmt":"2025-10-01T15:18:04","slug":"perfil-profissiografico-previdenciario-ppp","status":"publish","type":"page","link":"https:\/\/jundiai.sp.gov.br\/administracao-e-gestao-de-pessoas\/gestao-de-pessoas-orienta\/perfil-profissiografico-previdenciario-ppp\/","title":{"rendered":"PERFIL PROFISSIOGR\u00c1FICO PREVIDENCI\u00c1RIO &#8211; PPP"},"content":{"rendered":"\n<ul class=\"wp-block-list\">\n<li><strong>O que \u00e9 o Perfil Profissiogr\u00e1fico Previdenci\u00e1rio (PPP)?<\/strong><\/li>\n<\/ul>\n\n\n\n<p>O PPP \u00e9 um documento obrigat\u00f3rio exigido pelo INSS com o hist\u00f3rico laboral do empregado, que deve ser fornecido por ocasi\u00e3o de seu desligamento ou quando o INSS assim o exigir para contagem de tempo para aposentadoria.<\/p>\n\n\n\n<ul class=\"wp-block-list\">\n<li><strong>Quem tem direito ao PPP?<\/strong><\/li>\n<\/ul>\n\n\n\n<p>Todo servidor que exer\u00e7a ou tenha exercido atividades em condi\u00e7\u00f5es insalubres, pelo regime celetista (CLT).<\/p>\n\n\n\n<ul class=\"wp-block-list\">\n<li><strong>Como solicitar o PPP?<\/strong><\/li>\n<\/ul>\n\n\n\n<p>O Servidor poder\u00e1 solicitar atrav\u00e9s de preenchimento do Requerimento de Protocolo, dispon\u00edvel no site da Prefeitura, que deve ser enviado para o e-mail&nbsp;<a href=\"mailto:dest@jundiai.sp.gov.br\" target=\"_blank\" rel=\"noreferrer noopener\">dest@jundiai.sp.gov.br<\/a>&nbsp;da SMAGP\/ Divis\u00e3o de Engenharia e Seguran\u00e7a do Trabalho.<\/p>\n\n\n\n<p><strong>Contato: Divis\u00e3o de Engenharia e Seguran\u00e7a do Trabalho \u2013 4589-8755 \/ 4589-8887<\/strong><\/p>\n\n\n\n<p><strong>Qual a Legisla\u00e7\u00e3o que trata do assunto?<\/strong><\/p>\n\n\n\n<p>&#8211; Lei Federal n.\u00ba 8.213, de 24\/07\/1991, Art. 58.<\/p>\n\n\n\n<p><strong>Anexos:<\/strong><\/p>\n\n\n\n<p>&#8211; Formul\u00e1rio Requerimento de Protocolo.<\/p>\n\n\n\n<p><a href=\"https:\/\/jundiai.sp.gov.br\/administracao-e-gestao-de-pessoas\/wp-content\/uploads\/sites\/16\/2020\/03\/requerimento-de-protocolo.pdf\">Dispon\u00edvel aqui<\/a><\/p>\n","protected":false},"excerpt":{"rendered":"<p>O PPP \u00e9 um documento obrigat\u00f3rio exigido pelo INSS com o hist\u00f3rico laboral do empregado, que deve ser fornecido por ocasi\u00e3o de seu desligamento ou quando o INSS assim o exigir para contagem de tempo para aposentadoria. Todo servidor que exer\u00e7a ou tenha exercido atividades em condi\u00e7\u00f5es insalubres, pelo regime celetista (CLT). O Servidor poder\u00e1 [&hellip;]<\/p>\n","protected":false},"author":30,"featured_media":0,"parent":2384,"menu_order":0,"comment_status":"closed","ping_status":"closed","template":"","meta":{"footnotes":""},"class_list":["post-2522","page","type-page","status-publish","hentry"],"_links":{"self":[{"href":"https:\/\/jundiai.sp.gov.br\/administracao-e-gestao-de-pessoas\/wp-json\/wp\/v2\/pages\/2522","targetHints":{"allow":["GET"]}}],"collection":[{"href":"https:\/\/jundiai.sp.gov.br\/administracao-e-gestao-de-pessoas\/wp-json\/wp\/v2\/pages"}],"about":[{"href":"https:\/\/jundiai.sp.gov.br\/administracao-e-gestao-de-pessoas\/wp-json\/wp\/v2\/types\/page"}],"author":[{"embeddable":true,"href":"https:\/\/jundiai.sp.gov.br\/administracao-e-gestao-de-pessoas\/wp-json\/wp\/v2\/users\/30"}],"replies":[{"embeddable":true,"href":"https:\/\/jundiai.sp.gov.br\/administracao-e-gestao-de-pessoas\/wp-json\/wp\/v2\/comments?post=2522"}],"version-history":[{"count":10,"href":"https:\/\/jundiai.sp.gov.br\/administracao-e-gestao-de-pessoas\/wp-json\/wp\/v2\/pages\/2522\/revisions"}],"predecessor-version":[{"id":7427,"href":"https:\/\/jundiai.sp.gov.br\/administracao-e-gestao-de-pessoas\/wp-json\/wp\/v2\/pages\/2522\/revisions\/7427"}],"up":[{"embeddable":true,"href":"https:\/\/jundiai.sp.gov.br\/administracao-e-gestao-de-pessoas\/wp-json\/wp\/v2\/pages\/2384"}],"wp:attachment":[{"href":"https:\/\/jundiai.sp.gov.br\/administracao-e-gestao-de-pessoas\/wp-json\/wp\/v2\/media?parent=2522"}],"curies":[{"name":"wp","href":"https:\/\/api.w.org\/{rel}","templated":true}]}}