{"id":2526,"date":"2017-11-22T15:39:34","date_gmt":"2017-11-22T17:39:34","guid":{"rendered":"https:\/\/jundiai.sp.gov.br\/administracao-e-gestao-de-pessoas\/?page_id=2526"},"modified":"2024-01-24T11:46:43","modified_gmt":"2024-01-24T14:46:43","slug":"proibicoes-ao-servidor","status":"publish","type":"page","link":"https:\/\/jundiai.sp.gov.br\/administracao-e-gestao-de-pessoas\/gestao-de-pessoas-orienta\/proibicoes-ao-servidor\/","title":{"rendered":"PROIBI\u00c7\u00d5ES AO SERVIDOR"},"content":{"rendered":"\n<p><span style=\"font-weight: 400;\">Ao servidor \u00e9 proibido:<\/span><\/p>\n\n\n\n<p><span style=\"font-weight: 400;\">&#8211; Ausentar-se do servi\u00e7o durante o expediente, sem pr\u00e9via autoriza\u00e7\u00e3o do chefe imediato;<\/span><\/p>\n\n\n\n<p><span style=\"font-weight: 400;\">&#8211; Retirar, sem pr\u00e9via anu\u00eancia da autoridade competente, qualquer documento ou objeto da reparti\u00e7\u00e3o;<\/span><\/p>\n\n\n\n<p><span style=\"font-weight: 400;\">&#8211; Recusar f\u00e9 a documentos p\u00fablicos;<\/span><\/p>\n\n\n\n<p><span style=\"font-weight: 400;\">&#8211; Opor resist\u00eancia injustificada ao andamento de documento, processo ou execu\u00e7\u00e3o de servi\u00e7o;<\/span><\/p>\n\n\n\n<p><span style=\"font-weight: 400;\">&#8211; Promover manifesta\u00e7\u00e3o de apre\u00e7o ou desapre\u00e7o no recinto da reparti\u00e7\u00e3o;<\/span><\/p>\n\n\n\n<p><span style=\"font-weight: 400;\">&#8211; Cometer a pessoa estranha \u00e0 reparti\u00e7\u00e3o, fora dos casos previstos em lei, o desempenho de atribui\u00e7\u00e3o que seja de sua responsabilidade ou de seu subordinado;<\/span><\/p>\n\n\n\n<p><span style=\"font-weight: 400;\">&#8211; Coagir ou aliciar subordinados no sentido de filiarem-se a associa\u00e7\u00e3o profissional ou sindical, ou a partido pol\u00edtico;<\/span><\/p>\n\n\n\n<p><span style=\"font-weight: 400;\">&#8211; Manter sob sua chefia imediata, em cargo ou fun\u00e7\u00e3o de confian\u00e7a, c\u00f4njuge, companheiro ou parente em linha reta, colateral ou por afinidade, at\u00e9 o terceiro grau, inclusive;<\/span><\/p>\n\n\n\n<p><span style=\"font-weight: 400;\">&#8211; Valer-se do cargo para lograr proveito pessoal ou de outrem, em detrimento da dignidade da fun\u00e7\u00e3o p\u00fablica;<\/span><\/p>\n\n\n\n<p><span style=\"font-weight: 400;\">&#8211; Atuar, como procurador ou intermedi\u00e1rio, junto a reparti\u00e7\u00f5es p\u00fablicas municipais, salvo quando se tratar de benef\u00edcios previdenci\u00e1rios ou assistenciais de parentes at\u00e9 o segundo grau e de c\u00f4njuge ou companheiro;<\/span><\/p>\n\n\n\n<p><span style=\"font-weight: 400;\">&#8211; Receber propina, comiss\u00e3o ou vantagem de qualquer esp\u00e9cie, em raz\u00e3o de suas atribui\u00e7\u00f5es;<\/span><\/p>\n\n\n\n<p><span style=\"font-weight: 400;\">&#8211; Praticar usura sob qualquer de suas formas;<\/span><\/p>\n\n\n\n<p><span style=\"font-weight: 400;\">&#8211; Proceder de forma desidiosa;<\/span><\/p>\n\n\n\n<p><span style=\"font-weight: 400;\">&#8211; Utilizar pessoal ou recursos materiais de reparti\u00e7\u00e3o em servi\u00e7os ou atividades particulares;<\/span><\/p>\n\n\n\n<p><span style=\"font-weight: 400;\">&#8211; Cometer a outro servidor atribui\u00e7\u00f5es estranhas ao cargo que ocupa, exceto em situa\u00e7\u00f5es de emerg\u00eancia e transit\u00f3rias;<\/span><\/p>\n\n\n\n<p><span style=\"font-weight: 400;\">&#8211; Exercer quaisquer atividades que sejam incompat\u00edveis com o exerc\u00edcio do cargo ou fun\u00e7\u00e3o e com o hor\u00e1rio de trabalho;<\/span><\/p>\n\n\n\n<p><span style=\"font-weight: 400;\">&#8211; Recusar-se, injustificadamente, a atualizar seus dados cadastrais, quando solicitado;<\/span><\/p>\n\n\n\n<p><span style=\"font-weight: 400;\">&#8211; Praticar ass\u00e9dio moral sob qualquer de suas formas. <\/span><\/p>\n\n\n\n<p><strong>Contato: Divis\u00e3o de Apoio T\u00e9cnico \u2013 4589-8740 \/ 4589-8741&nbsp;<\/strong><\/p>\n\n\n\n<p><b>Qual a Legisla\u00e7\u00e3o que trata do assunto?<\/b><\/p>\n\n\n\n<p><span style=\"font-weight: 400;\">&#8211; Lei Complementar n\u00ba 499, de 22 de dezembro de 2010, Estatuto dos Funcion\u00e1rios P\u00fablicos do Munic\u00edpio, Art. 129.<\/span><\/p>\n\n\n\n<p><a href=\"https:\/\/sapl.jundiai.sp.leg.br\/pysc\/download_norma_pysc?cod_norma=8545&amp;texto_consolidado=1\" target=\"_blank\" rel=\"noopener\">Dispon\u00edvel aqui<\/a><\/p>\n","protected":false},"excerpt":{"rendered":"<p>Ao servidor \u00e9 proibido: &#8211; Ausentar-se do servi\u00e7o durante o expediente, sem pr\u00e9via autoriza\u00e7\u00e3o do chefe imediato; &#8211; Retirar, sem pr\u00e9via anu\u00eancia da autoridade competente, qualquer documento ou objeto da reparti\u00e7\u00e3o; &#8211; Recusar f\u00e9 a documentos p\u00fablicos; &#8211; Opor resist\u00eancia injustificada ao andamento de documento, processo ou execu\u00e7\u00e3o de servi\u00e7o; &#8211; Promover manifesta\u00e7\u00e3o de apre\u00e7o [&hellip;]<\/p>\n","protected":false},"author":30,"featured_media":0,"parent":2384,"menu_order":0,"comment_status":"closed","ping_status":"closed","template":"","meta":{"footnotes":""},"class_list":["post-2526","page","type-page","status-publish","hentry"],"_links":{"self":[{"href":"https:\/\/jundiai.sp.gov.br\/administracao-e-gestao-de-pessoas\/wp-json\/wp\/v2\/pages\/2526","targetHints":{"allow":["GET"]}}],"collection":[{"href":"https:\/\/jundiai.sp.gov.br\/administracao-e-gestao-de-pessoas\/wp-json\/wp\/v2\/pages"}],"about":[{"href":"https:\/\/jundiai.sp.gov.br\/administracao-e-gestao-de-pessoas\/wp-json\/wp\/v2\/types\/page"}],"author":[{"embeddable":true,"href":"https:\/\/jundiai.sp.gov.br\/administracao-e-gestao-de-pessoas\/wp-json\/wp\/v2\/users\/30"}],"replies":[{"embeddable":true,"href":"https:\/\/jundiai.sp.gov.br\/administracao-e-gestao-de-pessoas\/wp-json\/wp\/v2\/comments?post=2526"}],"version-history":[{"count":7,"href":"https:\/\/jundiai.sp.gov.br\/administracao-e-gestao-de-pessoas\/wp-json\/wp\/v2\/pages\/2526\/revisions"}],"predecessor-version":[{"id":7018,"href":"https:\/\/jundiai.sp.gov.br\/administracao-e-gestao-de-pessoas\/wp-json\/wp\/v2\/pages\/2526\/revisions\/7018"}],"up":[{"embeddable":true,"href":"https:\/\/jundiai.sp.gov.br\/administracao-e-gestao-de-pessoas\/wp-json\/wp\/v2\/pages\/2384"}],"wp:attachment":[{"href":"https:\/\/jundiai.sp.gov.br\/administracao-e-gestao-de-pessoas\/wp-json\/wp\/v2\/media?parent=2526"}],"curies":[{"name":"wp","href":"https:\/\/api.w.org\/{rel}","templated":true}]}}