{"id":2529,"date":"2017-11-22T15:40:47","date_gmt":"2017-11-22T17:40:47","guid":{"rendered":"https:\/\/jundiai.sp.gov.br\/administracao-e-gestao-de-pessoas\/?page_id=2529"},"modified":"2025-10-06T11:04:58","modified_gmt":"2025-10-06T14:04:58","slug":"reducao-de-jornada-para-servidor-que-possua-como-dependente-pessoa-portadora-de-deficiencia","status":"publish","type":"page","link":"https:\/\/jundiai.sp.gov.br\/administracao-e-gestao-de-pessoas\/gestao-de-pessoas-orienta\/reducao-de-jornada-para-servidor-que-possua-como-dependente-pessoa-portadora-de-deficiencia\/","title":{"rendered":"REDU\u00c7\u00c3O DE JORNADA PARA SERVIDOR QUE POSSUA COMO DEPENDENTE PESSOA PORTADORA DE DEFICI\u00caNCIA"},"content":{"rendered":"\n<ul class=\"wp-block-list\">\n<li><b>O que \u00e9?<\/b><\/li>\n<\/ul>\n\n\n\n<p><span style=\"font-weight: 400;\">Redu\u00e7\u00e3o da jornada de trabalho para 30 (trinta) horas semanais, sem preju\u00edzo do sal\u00e1rio, a servidor que, comprovadamente, seja pai, m\u00e3e, tutor, curador ou respons\u00e1vel pela cria\u00e7\u00e3o e prote\u00e7\u00e3o de pessoas com defici\u00eancia, que sejam menores de 18 anos ou totalmente inv\u00e1lidas de qualquer idade, incapazes de prover seu pr\u00f3prio sustento, consideradas dependentes sob o aspecto s\u00f3cio-educacional e econ\u00f4mico e que exijam o atendimento direto pelo servidor.<\/span><\/p>\n\n\n\n<ul class=\"wp-block-list\">\n<li><strong>Quem tem direito?<\/strong><br><br>Somente servidores que realizam jornada de 40 (quarenta) horas semanais, ap\u00f3s comprova\u00e7\u00e3o por meio de avalia\u00e7\u00e3o m\u00e9dica e social.<\/li>\n\n\n\n<li><b>Como requerer?<\/b><\/li>\n<\/ul>\n\n\n\n<p>O Servidor poder\u00e1 solicitar atrav\u00e9s de preenchimento do Requerimento de Protocolo, dispon\u00edvel no site da Prefeitura, que ser enviado para o e-mail&nbsp;<a href=\"mailto:atendeservidor@jundiai.sp.gov.br\" target=\"_blank\" rel=\"noopener\">atendeservidor@jundiai.sp.gov.<wbr>br<\/a>&nbsp;da SMAGP\/ Se\u00e7\u00e3o de Atendimento ao Servidor.<\/p>\n\n\n\n<ul class=\"wp-block-list\">\n<li><strong>Qual a documenta\u00e7\u00e3o necess\u00e1ria?<\/strong><\/li>\n<\/ul>\n\n\n\n<p>\u2013&nbsp; Formul\u00e1rio de Requerimento de Protocolo contendo a ci\u00eancia das chefias imediata e mediata (assinatura e carimbo);<\/p>\n\n\n\n<p>\u2013 Documento de identidade do dependente;<\/p>\n\n\n\n<p>\u2013 Atestado m\u00e9dico em que conste a especificidade, grau de defici\u00eancia e necessidade de tratamento especial mediante assist\u00eancia;<\/p>\n\n\n\n<p>&#8211; Comprovante de matr\u00edcula informando o turno escolar em que o dependente est\u00e1 matriculado, caso frequente unidade escolar;<\/p>\n\n\n\n<p>&#8211; Comprovante das terapias a que o dependente se submete.<\/p>\n\n\n\n<p><b>Informa\u00e7\u00f5es Adicionais<\/b><\/p>\n\n\n\n<p><span style=\"font-weight: 400;\">&#8211; O benef\u00edcio ser\u00e1 concedido pelo prazo de 01 (um) ano, podendo ser renovado sucessivamente por iguais per\u00edodos, submetendo-se a nova avalia\u00e7\u00e3o m\u00e9dica e social.<\/span><\/p>\n\n\n\n<p><span style=\"font-weight: 400;\">&#8211; Quando pais ou respons\u00e1veis pelo deficiente, ambos forem servidores p\u00fablicos, somente um deles poder\u00e1 fazer uso da redu\u00e7\u00e3o.<\/span><\/p>\n\n\n\n<p><strong>Contato: Divis\u00e3o de Apoio T\u00e9cnico \u2013 4589-8740 \/ 4589-8741<\/strong><\/p>\n\n\n\n<p><b>Qual a Legisla\u00e7\u00e3o que trata do assunto?<\/b><\/p>\n\n\n\n<p><span style=\"font-weight: 400;\">&#8211; Lei n\u00ba 8.834, de 20 de setembro de 2017.<\/span><\/p>\n\n\n\n<p><a href=\"https:\/\/jundiai.sp.gov.br\/administracao-e-gestao-de-pessoas\/wp-content\/uploads\/sites\/16\/2017\/09\/8-8342017-reducao-de-carga-horaria1.pdf\"><span style=\"font-weight: 400;\">Dispon\u00edvel aqui<\/span><\/a><\/p>\n\n\n\n<p><b>Anexos:<\/b><\/p>\n\n\n\n<p><span style=\"font-weight: 400;\">&#8211; Formul\u00e1rio Requerimento de Protocolo.<\/span><\/p>\n\n\n\n<p><span style=\"font-weight: 400;\"><a href=\"https:\/\/jundiai.sp.gov.br\/administracao-e-gestao-de-pessoas\/wp-content\/uploads\/sites\/16\/2025\/10\/requerimento-de-protocolo.pdf\" target=\"_blank\" rel=\"noreferrer noopener\">Dispon\u00edvel aqui<\/a><\/span><\/p>\n","protected":false},"excerpt":{"rendered":"<p>Redu\u00e7\u00e3o da jornada de trabalho para 30 (trinta) horas semanais, sem preju\u00edzo do sal\u00e1rio, a servidor que, comprovadamente, seja pai, m\u00e3e, tutor, curador ou respons\u00e1vel pela cria\u00e7\u00e3o e prote\u00e7\u00e3o de pessoas com defici\u00eancia, que sejam menores de 18 anos ou totalmente inv\u00e1lidas de qualquer idade, incapazes de prover seu pr\u00f3prio sustento, consideradas dependentes sob o [&hellip;]<\/p>\n","protected":false},"author":30,"featured_media":0,"parent":2384,"menu_order":0,"comment_status":"closed","ping_status":"closed","template":"","meta":{"footnotes":""},"class_list":["post-2529","page","type-page","status-publish","hentry"],"_links":{"self":[{"href":"https:\/\/jundiai.sp.gov.br\/administracao-e-gestao-de-pessoas\/wp-json\/wp\/v2\/pages\/2529","targetHints":{"allow":["GET"]}}],"collection":[{"href":"https:\/\/jundiai.sp.gov.br\/administracao-e-gestao-de-pessoas\/wp-json\/wp\/v2\/pages"}],"about":[{"href":"https:\/\/jundiai.sp.gov.br\/administracao-e-gestao-de-pessoas\/wp-json\/wp\/v2\/types\/page"}],"author":[{"embeddable":true,"href":"https:\/\/jundiai.sp.gov.br\/administracao-e-gestao-de-pessoas\/wp-json\/wp\/v2\/users\/30"}],"replies":[{"embeddable":true,"href":"https:\/\/jundiai.sp.gov.br\/administracao-e-gestao-de-pessoas\/wp-json\/wp\/v2\/comments?post=2529"}],"version-history":[{"count":17,"href":"https:\/\/jundiai.sp.gov.br\/administracao-e-gestao-de-pessoas\/wp-json\/wp\/v2\/pages\/2529\/revisions"}],"predecessor-version":[{"id":7447,"href":"https:\/\/jundiai.sp.gov.br\/administracao-e-gestao-de-pessoas\/wp-json\/wp\/v2\/pages\/2529\/revisions\/7447"}],"up":[{"embeddable":true,"href":"https:\/\/jundiai.sp.gov.br\/administracao-e-gestao-de-pessoas\/wp-json\/wp\/v2\/pages\/2384"}],"wp:attachment":[{"href":"https:\/\/jundiai.sp.gov.br\/administracao-e-gestao-de-pessoas\/wp-json\/wp\/v2\/media?parent=2529"}],"curies":[{"name":"wp","href":"https:\/\/api.w.org\/{rel}","templated":true}]}}