{"id":2532,"date":"2017-11-22T15:42:05","date_gmt":"2017-11-22T17:42:05","guid":{"rendered":"https:\/\/jundiai.sp.gov.br\/administracao-e-gestao-de-pessoas\/?page_id=2532"},"modified":"2025-09-17T13:37:29","modified_gmt":"2025-09-17T16:37:29","slug":"sexta-parte","status":"publish","type":"page","link":"https:\/\/jundiai.sp.gov.br\/administracao-e-gestao-de-pessoas\/gestao-de-pessoas-orienta\/sexta-parte\/","title":{"rendered":"SEXTA-PARTE"},"content":{"rendered":"\n<p><b><b>O que \u00e9?<\/b><\/b><\/p>\n\n\n\n<p>Ao completar 25 (vinte e cinco) anos de tempo de servi\u00e7o, prestados no Servi\u00e7o P\u00fablico do Munic\u00edpio de Jundia\u00ed, o funcion\u00e1rio receber\u00e1 uma vantagem em dinheiro correspondente a 1\/6 do seu sal\u00e1rio base, n\u00e3o alterando o sal\u00e1rio base, j\u00e1 que \u00e9 lan\u00e7ado em conta espec\u00edfica.<\/p>\n\n\n\n<div style=\"height:30px\" aria-hidden=\"true\" class=\"wp-block-spacer\"><\/div>\n\n\n\n<p><strong>Quem tem direito?<\/strong><\/p>\n\n\n\n<p>Somente servidores estatut\u00e1rios.<\/p>\n\n\n\n<div style=\"height:30px\" aria-hidden=\"true\" class=\"wp-block-spacer\"><\/div>\n\n\n\n<p><strong>Quando \u00e9 devido o pagamento da Sexta Parte?<\/strong><\/p>\n\n\n\n<p>No m\u00eas em que completar 25 anos de efetivo exerc\u00edcio, salvo os motivos abaixo descritos.&nbsp;<\/p>\n\n\n\n<div style=\"height:30px\" aria-hidden=\"true\" class=\"wp-block-spacer\"><\/div>\n\n\n\n<p><strong>Quais motivos ocasionam a altera\u00e7\u00e3o da data de recebimento?<\/strong><\/p>\n\n\n\n<p>Quando verificado nos 25 (vinte e cinco) anos, as seguintes ocorr\u00eancias:<\/p>\n\n\n\n<ul class=\"wp-block-list\">\n<li>Licen\u00e7a para trato de interesse particular (Licen\u00e7a sem vencimentos);<\/li>\n\n\n\n<li>Faltas injustificadas e\/ou suspens\u00e3o;<\/li>\n\n\n\n<li>Licen\u00e7a para tratamento de pessoa da fam\u00edlia acima de 30 (trinta) dias (Licen\u00e7a Fam\u00edlia sem remunera\u00e7\u00e3o).<\/li>\n<\/ul>\n\n\n\n<div style=\"height:30px\" aria-hidden=\"true\" class=\"wp-block-spacer\"><\/div>\n\n\n\n<p><strong>Informa\u00e7\u00f5es Adicionais<\/strong><\/p>\n\n\n\n<p>Observar o disposto da&nbsp;Lei Complementar Federal N\u00ba 173, de 27 de Maio de 2020 \u2013&nbsp;<a href=\"https:\/\/jundiai.sp.gov.br\/administracao-e-gestao-de-pessoas\/gestao-de-pessoas-orienta\/lei-complementar-federal-no-173-de-27-de-maio-de-2020-lei-do-congelamento\/\">\u201cLei do Congelamento\u201d<\/a><\/p>\n\n\n\n<p><strong>Se\u00e7\u00e3o de C\u00e1lculo de Folha de Pagamento \u2013 Divis\u00e3o de Administra\u00e7\u00e3o de Pessoal &#8211; 4589-8731 \/ 4589-8749<\/strong><\/p>\n\n\n\n<div style=\"height:30px\" aria-hidden=\"true\" class=\"wp-block-spacer\"><\/div>\n\n\n\n<p><strong>&nbsp;Qual a Legisla\u00e7\u00e3o que trata do assunto?<\/strong><\/p>\n\n\n\n<p>Lei Complementar n\u00ba 499, de 22 de dezembro de 2010, Estatuto dos Funcion\u00e1rios P\u00fablicos do Munic\u00edpio, Art. 115, <a href=\"https:\/\/sapl.jundiai.sp.leg.br\/pysc\/download_norma_pysc?cod_norma=8545&amp;texto_consolidado=1\" target=\"_blank\" rel=\"noopener\">dispon\u00edvel aqui<\/a><\/p>\n","protected":false},"excerpt":{"rendered":"<p>O que \u00e9? Ao completar 25 (vinte e cinco) anos de tempo de servi\u00e7o, prestados no Servi\u00e7o P\u00fablico do Munic\u00edpio de Jundia\u00ed, o funcion\u00e1rio receber\u00e1 uma vantagem em dinheiro correspondente a 1\/6 do seu sal\u00e1rio base, n\u00e3o alterando o sal\u00e1rio base, j\u00e1 que \u00e9 lan\u00e7ado em conta espec\u00edfica. Quem tem direito? Somente servidores estatut\u00e1rios. Quando [&hellip;]<\/p>\n","protected":false},"author":30,"featured_media":0,"parent":2384,"menu_order":0,"comment_status":"closed","ping_status":"closed","template":"","meta":{"footnotes":""},"class_list":["post-2532","page","type-page","status-publish","hentry"],"_links":{"self":[{"href":"https:\/\/jundiai.sp.gov.br\/administracao-e-gestao-de-pessoas\/wp-json\/wp\/v2\/pages\/2532","targetHints":{"allow":["GET"]}}],"collection":[{"href":"https:\/\/jundiai.sp.gov.br\/administracao-e-gestao-de-pessoas\/wp-json\/wp\/v2\/pages"}],"about":[{"href":"https:\/\/jundiai.sp.gov.br\/administracao-e-gestao-de-pessoas\/wp-json\/wp\/v2\/types\/page"}],"author":[{"embeddable":true,"href":"https:\/\/jundiai.sp.gov.br\/administracao-e-gestao-de-pessoas\/wp-json\/wp\/v2\/users\/30"}],"replies":[{"embeddable":true,"href":"https:\/\/jundiai.sp.gov.br\/administracao-e-gestao-de-pessoas\/wp-json\/wp\/v2\/comments?post=2532"}],"version-history":[{"count":28,"href":"https:\/\/jundiai.sp.gov.br\/administracao-e-gestao-de-pessoas\/wp-json\/wp\/v2\/pages\/2532\/revisions"}],"predecessor-version":[{"id":7374,"href":"https:\/\/jundiai.sp.gov.br\/administracao-e-gestao-de-pessoas\/wp-json\/wp\/v2\/pages\/2532\/revisions\/7374"}],"up":[{"embeddable":true,"href":"https:\/\/jundiai.sp.gov.br\/administracao-e-gestao-de-pessoas\/wp-json\/wp\/v2\/pages\/2384"}],"wp:attachment":[{"href":"https:\/\/jundiai.sp.gov.br\/administracao-e-gestao-de-pessoas\/wp-json\/wp\/v2\/media?parent=2532"}],"curies":[{"name":"wp","href":"https:\/\/api.w.org\/{rel}","templated":true}]}}