{"id":2534,"date":"2017-11-22T15:43:09","date_gmt":"2017-11-22T17:43:09","guid":{"rendered":"https:\/\/jundiai.sp.gov.br\/administracao-e-gestao-de-pessoas\/?page_id=2534"},"modified":"2025-09-17T17:24:15","modified_gmt":"2025-09-17T20:24:15","slug":"substituicao-de-cargo-ou-funcao-de-confianca","status":"publish","type":"page","link":"https:\/\/jundiai.sp.gov.br\/administracao-e-gestao-de-pessoas\/gestao-de-pessoas-orienta\/substituicao-de-cargo-ou-funcao-de-confianca\/","title":{"rendered":"SUBSTITUI\u00c7\u00c3O DE CARGO OU FUN\u00c7\u00c3O DE CONFIAN\u00c7A"},"content":{"rendered":"\n<ul class=\"wp-block-list\">\n<li><b>O que \u00e9?<\/b><\/li>\n<\/ul>\n\n\n\n<p><span style=\"font-weight: 400;\">Durante o afastamento tempor\u00e1rio do titular de cargo com atribui\u00e7\u00f5es de dire\u00e7\u00e3o, coordena\u00e7\u00e3o e chefia ou de fun\u00e7\u00e3o de confian\u00e7a, poder\u00e1 ser designado um substituto.<\/span><\/p>\n\n\n\n<ul class=\"wp-block-list\">\n<li><b>Quem tem direito?<\/b><\/li>\n<\/ul>\n\n\n\n<p><span style=\"font-weight: 400;\">Somente servidores estatut\u00e1rios.<\/span><\/p>\n\n\n\n<ul class=\"wp-block-list\">\n<li><b>Como proceder?<\/b><\/li>\n<\/ul>\n\n\n\n<p>Mediante indica\u00e7\u00e3o do Secret\u00e1rio, com as devidas justificativas, dever\u00e1 preencher o Formul\u00e1rio Pr\u00f3prio, atrav\u00e9s do SEI, que ser\u00e1 submetido \u00e0 an\u00e1lise legal pela SMAGP:<\/p>\n\n\n\n<p>Processo: \u201cSolicita\u00e7\u00e3o de Substitui\u00e7\u00e3o de Cargo \/ Fun\u00e7\u00e3o\u201d \u2013 Documento: \u201cSolicita\u00e7\u00e3o de Substitui\u00e7\u00e3o de Cargo \/ Fun\u00e7\u00e3o (Formul\u00e1rio)\u201d \u2013 Encaminhar para: SMAGP\/SAGP.<\/p>\n\n\n\n<p>*** Conforme determinado pela Instru\u00e7\u00e3o Normativa UGAGP n.\u00ba 002\/2018, as solicita\u00e7\u00f5es de substitui\u00e7\u00e3o dever\u00e3o ser encaminhadas \u00e0 SMAGP, at\u00e9 o \u00faltimo dia \u00fatil do m\u00eas anterior ao da substitui\u00e7\u00e3o.<\/p>\n\n\n\n<ul class=\"wp-block-list\">\n<li><b>Quais as op\u00e7\u00f5es<\/b><\/li>\n<\/ul>\n\n\n\n<p><span style=\"font-weight: 400;\">&#8211; Para Cargos com atribui\u00e7\u00f5es de dire\u00e7\u00e3o, coordena\u00e7\u00e3o e chefia: somente os servidores estatut\u00e1rios poder\u00e3o exercer em substitui\u00e7\u00e3o os cargos em comiss\u00e3o, desde que possuam a forma\u00e7\u00e3o exigida e estejam lotados na mesma Secretaria do substitu\u00eddo, por prazo tempor\u00e1rio, sendo o afastamento de no m\u00ednimo 10 (dez) dias, inclusive.<\/span><\/p>\n\n\n\n<p>\u2013 Para&nbsp;Fun\u00e7\u00f5es de Confian\u00e7a e Gratifica\u00e7\u00f5es Especiais (Coordenador, Apoiador Institucional, Apoiador T\u00e9cnico e Gerente de Equipamento): somente os servidores estatut\u00e1rios poder\u00e3o exercer em substitui\u00e7\u00e3o, desde que lotados no mesmo setor do substitu\u00eddo, por prazo tempor\u00e1rio, sendo o afastamento de no m\u00ednimo 20 (vinte) dias, inclusive.<\/p>\n\n\n\n<p><strong>Contato: Divis\u00e3o de Apoio T\u00e9cnico \u2013 4589-8740 \/ 4589-8741<\/strong><\/p>\n\n\n\n<p><b>Qual a Legisla\u00e7\u00e3o que trata do assunto?<\/b><\/p>\n\n\n\n<p><span style=\"font-weight: 400;\">&#8211; Lei Complementar n\u00ba 499, de 22 de dezembro de 2010, Estatuto dos Funcion\u00e1rios P\u00fablicos do Munic\u00edpio, Art. 11.<\/span><\/p>\n\n\n\n<p><a rel=\"noreferrer noopener\" href=\"https:\/\/sapl.jundiai.sp.leg.br\/pysc\/download_norma_pysc?cod_norma=8545&amp;texto_consolidado=1\" target=\"_blank\">Dispon\u00edvel aqui<\/a><\/p>\n\n\n\n<p><b>Anexos:<\/b><\/p>\n\n\n\n<p><span style=\"font-weight: 400;\">&#8211; Substitui\u00e7\u00e3o de Cargo ou Fun\u00e7\u00e3o de Confian\u00e7a &#8211; Instru\u00e7\u00f5es<\/span><\/p>\n\n\n\n<p><span style=\"font-weight: 400;\"><strong><a href=\"https:\/\/jundiai.sp.gov.br\/administracao-e-gestao-de-pessoas\/wp-content\/uploads\/sites\/16\/2023\/12\/substituicao-de-cargo-ou-funcao-de-confianca-instrucoes-1.pdf\">Dispon\u00edvel aqui<\/a><\/strong><\/span><\/p>\n\n\n\n<p><span style=\"font-style: inherit;\">\u2013 Instru\u00e7\u00e3o normativa n\u00ba 002, de 12 de setembro de 2018.<\/span><\/p>\n\n\n\n<p><span style=\"font-style: inherit; font-weight: 400;\"><b><a href=\"https:\/\/jundiai.sp.gov.br\/administracao-e-gestao-de-pessoas\/wp-content\/uploads\/sites\/16\/2018\/09\/instrucao-normativa-n-o-002_2018.pdf\" target=\"_blank\" rel=\"noreferrer noopener\">Dispon\u00edvel aqui<\/a><\/b><\/span><\/p>\n","protected":false},"excerpt":{"rendered":"<p>Durante o afastamento tempor\u00e1rio do titular de cargo com atribui\u00e7\u00f5es de dire\u00e7\u00e3o, coordena\u00e7\u00e3o e chefia ou de fun\u00e7\u00e3o de confian\u00e7a, poder\u00e1 ser designado um substituto. Somente servidores estatut\u00e1rios. Mediante indica\u00e7\u00e3o do Secret\u00e1rio, com as devidas justificativas, dever\u00e1 preencher o Formul\u00e1rio Pr\u00f3prio, atrav\u00e9s do SEI, que ser\u00e1 submetido \u00e0 an\u00e1lise legal pela SMAGP: Processo: \u201cSolicita\u00e7\u00e3o de [&hellip;]<\/p>\n","protected":false},"author":30,"featured_media":0,"parent":2384,"menu_order":0,"comment_status":"closed","ping_status":"closed","template":"","meta":{"footnotes":""},"class_list":["post-2534","page","type-page","status-publish","hentry"],"_links":{"self":[{"href":"https:\/\/jundiai.sp.gov.br\/administracao-e-gestao-de-pessoas\/wp-json\/wp\/v2\/pages\/2534","targetHints":{"allow":["GET"]}}],"collection":[{"href":"https:\/\/jundiai.sp.gov.br\/administracao-e-gestao-de-pessoas\/wp-json\/wp\/v2\/pages"}],"about":[{"href":"https:\/\/jundiai.sp.gov.br\/administracao-e-gestao-de-pessoas\/wp-json\/wp\/v2\/types\/page"}],"author":[{"embeddable":true,"href":"https:\/\/jundiai.sp.gov.br\/administracao-e-gestao-de-pessoas\/wp-json\/wp\/v2\/users\/30"}],"replies":[{"embeddable":true,"href":"https:\/\/jundiai.sp.gov.br\/administracao-e-gestao-de-pessoas\/wp-json\/wp\/v2\/comments?post=2534"}],"version-history":[{"count":23,"href":"https:\/\/jundiai.sp.gov.br\/administracao-e-gestao-de-pessoas\/wp-json\/wp\/v2\/pages\/2534\/revisions"}],"predecessor-version":[{"id":7376,"href":"https:\/\/jundiai.sp.gov.br\/administracao-e-gestao-de-pessoas\/wp-json\/wp\/v2\/pages\/2534\/revisions\/7376"}],"up":[{"embeddable":true,"href":"https:\/\/jundiai.sp.gov.br\/administracao-e-gestao-de-pessoas\/wp-json\/wp\/v2\/pages\/2384"}],"wp:attachment":[{"href":"https:\/\/jundiai.sp.gov.br\/administracao-e-gestao-de-pessoas\/wp-json\/wp\/v2\/media?parent=2534"}],"curies":[{"name":"wp","href":"https:\/\/api.w.org\/{rel}","templated":true}]}}