{"id":2614,"date":"2018-01-24T18:16:33","date_gmt":"2018-01-24T20:16:33","guid":{"rendered":"https:\/\/jundiai.sp.gov.br\/administracao-e-gestao-de-pessoas\/?page_id=2614"},"modified":"2025-09-17T10:55:00","modified_gmt":"2025-09-17T13:55:00","slug":"afastamento-por-convocacao-judicial","status":"publish","type":"page","link":"https:\/\/jundiai.sp.gov.br\/administracao-e-gestao-de-pessoas\/gestao-de-pessoas-orienta\/afastamento-por-convocacao-judicial\/","title":{"rendered":"AFASTAMENTO POR CONVOCA\u00c7\u00c3O JUDICIAL"},"content":{"rendered":"<ul>\n<li><b>O que \u00e9?<\/b><\/li>\n<\/ul>\n<p><span style=\"font-weight: 400;\">\u00c9 o per\u00edodo, remunerado, em que o servidor poder\u00e1 se ausentar em raz\u00e3o de convoca\u00e7\u00e3o \/ intima\u00e7\u00e3o judicial.<\/span><b>\u00a0<\/b><\/p>\n<ul>\n<li><b>Quem tem direito?<\/b><\/li>\n<\/ul>\n<p><span style=\"font-weight: 400;\">Qualquer servidor.<\/span><\/p>\n<ul>\n<li><b>Como proceder?<\/b><\/li>\n<\/ul>\n<p>A c\u00f3pia da Intima\u00e7\u00e3o do Poder Judici\u00e1rio e Declara\u00e7\u00e3o de Comparecimento dever\u00e3o ser enviadas, via formul\u00e1rio eletr\u00f4nico, pelo Respons\u00e1vel de Pessoal da Secretaria de lota\u00e7\u00e3o, com carimbo e assinatura de ci\u00eancia da chefia imediata no verso do documento, em at\u00e9 48h ap\u00f3s o dia da falta.<\/p>\n<p><b>Qual a Legisla\u00e7\u00e3o que trata do assunto?<\/b><\/p>\n<p><span style=\"font-weight: 400;\">&#8211; Consolida\u00e7\u00e3o das Leis do Trabalho \u2013 CLT, Art. 473, <\/span><span style=\"font-weight: 400;\">inciso VIII\u00a0e Art. 822.<\/span><\/p>\n<p><span style=\"font-weight: 400;\">&#8211; Decreto Municipal n.\u00ba 35.286, de 28 de Julho de 2025, Manual de Gerenciamento de Frequ\u00eancia dos Servidores P\u00fablicos da Administra\u00e7\u00e3o Direta do Munic\u00edpio.<\/span><\/p>\n<p><a href=\"https:\/\/jundiai.sp.gov.br\/administracao-e-gestao-de-pessoas\/wp-content\/uploads\/sites\/16\/2025\/08\/sei_2501116_decreto_n-_35-286__de_28_de_julho_de_2025.pdf\"><span style=\"font-weight: 400;\">Dispon\u00edvel aqui<\/span><\/a><\/p>\n<p>&nbsp;<\/p>\n","protected":false},"excerpt":{"rendered":"<p>O que \u00e9? \u00c9 o per\u00edodo, remunerado, em que o servidor poder\u00e1 se ausentar em raz\u00e3o de convoca\u00e7\u00e3o \/ intima\u00e7\u00e3o judicial.\u00a0 Quem tem direito? Qualquer servidor. Como proceder? A c\u00f3pia da Intima\u00e7\u00e3o do Poder Judici\u00e1rio e Declara\u00e7\u00e3o de Comparecimento dever\u00e3o ser enviadas, via formul\u00e1rio eletr\u00f4nico, pelo Respons\u00e1vel de Pessoal da Secretaria de lota\u00e7\u00e3o, com carimbo [&hellip;]<\/p>\n","protected":false},"author":30,"featured_media":0,"parent":2384,"menu_order":0,"comment_status":"closed","ping_status":"closed","template":"","meta":{"footnotes":""},"class_list":["post-2614","page","type-page","status-publish","hentry"],"_links":{"self":[{"href":"https:\/\/jundiai.sp.gov.br\/administracao-e-gestao-de-pessoas\/wp-json\/wp\/v2\/pages\/2614","targetHints":{"allow":["GET"]}}],"collection":[{"href":"https:\/\/jundiai.sp.gov.br\/administracao-e-gestao-de-pessoas\/wp-json\/wp\/v2\/pages"}],"about":[{"href":"https:\/\/jundiai.sp.gov.br\/administracao-e-gestao-de-pessoas\/wp-json\/wp\/v2\/types\/page"}],"author":[{"embeddable":true,"href":"https:\/\/jundiai.sp.gov.br\/administracao-e-gestao-de-pessoas\/wp-json\/wp\/v2\/users\/30"}],"replies":[{"embeddable":true,"href":"https:\/\/jundiai.sp.gov.br\/administracao-e-gestao-de-pessoas\/wp-json\/wp\/v2\/comments?post=2614"}],"version-history":[{"count":12,"href":"https:\/\/jundiai.sp.gov.br\/administracao-e-gestao-de-pessoas\/wp-json\/wp\/v2\/pages\/2614\/revisions"}],"predecessor-version":[{"id":7331,"href":"https:\/\/jundiai.sp.gov.br\/administracao-e-gestao-de-pessoas\/wp-json\/wp\/v2\/pages\/2614\/revisions\/7331"}],"up":[{"embeddable":true,"href":"https:\/\/jundiai.sp.gov.br\/administracao-e-gestao-de-pessoas\/wp-json\/wp\/v2\/pages\/2384"}],"wp:attachment":[{"href":"https:\/\/jundiai.sp.gov.br\/administracao-e-gestao-de-pessoas\/wp-json\/wp\/v2\/media?parent=2614"}],"curies":[{"name":"wp","href":"https:\/\/api.w.org\/{rel}","templated":true}]}}