{"id":2618,"date":"2018-01-24T18:21:37","date_gmt":"2018-01-24T20:21:37","guid":{"rendered":"https:\/\/jundiai.sp.gov.br\/administracao-e-gestao-de-pessoas\/?page_id=2618"},"modified":"2025-09-17T10:55:40","modified_gmt":"2025-09-17T13:55:40","slug":"afastamento-por-convocacao-para-trabalho-nas-eleicoes-abono-eleitoral","status":"publish","type":"page","link":"https:\/\/jundiai.sp.gov.br\/administracao-e-gestao-de-pessoas\/gestao-de-pessoas-orienta\/afastamento-por-convocacao-para-trabalho-nas-eleicoes-abono-eleitoral\/","title":{"rendered":"AFASTAMENTO POR CONVOCA\u00c7\u00c3O PARA TRABALHO NAS ELEI\u00c7\u00d5ES (ABONO ELEITORAL)"},"content":{"rendered":"<ul>\n<li><b>O que \u00e9?<\/b><\/li>\n<\/ul>\n<p><span style=\"font-weight: 400;\">O per\u00edodo em que o servidor poder\u00e1 ser dispensado do servi\u00e7o, sem preju\u00edzo dos vencimentos, em virtude de ter trabalhado nas elei\u00e7\u00f5es. Sendo que tem direito ao dobro dos dias de convoca\u00e7\u00e3o.<\/span><\/p>\n<ul>\n<li><b>Quem tem direito?<\/b><\/li>\n<\/ul>\n<p>Qualquer servidor, desde que j\u00e1 tenha v\u00ednculo laboral com a Prefeitura a \u00e9poca da convoca\u00e7\u00e3o para trabalho nas elei\u00e7\u00f5es.<\/p>\n<ul>\n<li><b>Como proceder?<\/b><\/li>\n<\/ul>\n<p>A\u00a0c\u00f3pia da Declara\u00e7\u00e3o do Tribunal de Justi\u00e7a Eleitoral dever\u00e1 ser enviada,\u00a0<u>via formul\u00e1rio eletr\u00f4nico<\/u>, pelo Respons\u00e1vel de Pessoal da Secretaria de lota\u00e7\u00e3o, com carimbo e assinatura de ci\u00eancia da chefia imediata no verso do documento,\u00a0\u00a0em at\u00e9 48h ap\u00f3s o dia da falta.<\/p>\n<p><strong>Contato: Divis\u00e3o de Ponto e Frequ\u00eancia \u2013 4589-8745 \/ 4589-8743<\/strong><\/p>\n<p><b>Qual a Legisla\u00e7\u00e3o que trata do assunto?<\/b><\/p>\n<p><span style=\"font-weight: 400;\">&#8211; Lei Federal n.\u00ba 9.504, de 30 de setembro de 1997, Art. 98. Estabelece normas para as elei\u00e7\u00f5es.<\/span><\/p>\n<p>\u2013 Resolu\u00e7\u00e3o n.\u00ba 22.747, de 27 de mar\u00e7o de 2008. Instru\u00e7\u00f5es para aplica\u00e7\u00e3o do Art. 98 da Lei n\u00ba 9.504\/1997.<\/p>\n<p><span style=\"font-weight: 400;\">&#8211; Lei Complementar n\u00ba 499, de 22 de dezembro de 2010, Estatuto dos Funcion\u00e1rios P\u00fablicos do Munic\u00edpio, Art. 55, inciso XIX.<\/span><\/p>\n<p><a href=\"https:\/\/sapl.jundiai.sp.leg.br\/pysc\/download_norma_pysc?cod_norma=8545&amp;texto_consolidado=1\" target=\"_blank\" rel=\"noopener\">Dispon\u00edvel aqui<\/a><\/p>\n<p><span style=\"font-weight: 400;\">&#8211; Decreto Municipal n.\u00ba 35.286, de 28 de Julho de 2025, Manual de Gerenciamento de Frequ\u00eancia dos Servidores P\u00fablicos da Administra\u00e7\u00e3o Direta do Munic\u00edpio.\u00a0<\/span><\/p>\n<p><a href=\"https:\/\/jundiai.sp.gov.br\/administracao-e-gestao-de-pessoas\/wp-content\/uploads\/sites\/16\/2025\/08\/sei_2501116_decreto_n-_35-286__de_28_de_julho_de_2025.pdf\"><span style=\"font-weight: 400;\">Dispon\u00edvel aqui<\/span><\/a><\/p>\n","protected":false},"excerpt":{"rendered":"<p>O que \u00e9? O per\u00edodo em que o servidor poder\u00e1 ser dispensado do servi\u00e7o, sem preju\u00edzo dos vencimentos, em virtude de ter trabalhado nas elei\u00e7\u00f5es. Sendo que tem direito ao dobro dos dias de convoca\u00e7\u00e3o. Quem tem direito? Qualquer servidor, desde que j\u00e1 tenha v\u00ednculo laboral com a Prefeitura a \u00e9poca da convoca\u00e7\u00e3o para trabalho [&hellip;]<\/p>\n","protected":false},"author":30,"featured_media":0,"parent":2384,"menu_order":0,"comment_status":"closed","ping_status":"closed","template":"","meta":{"footnotes":""},"class_list":["post-2618","page","type-page","status-publish","hentry"],"_links":{"self":[{"href":"https:\/\/jundiai.sp.gov.br\/administracao-e-gestao-de-pessoas\/wp-json\/wp\/v2\/pages\/2618","targetHints":{"allow":["GET"]}}],"collection":[{"href":"https:\/\/jundiai.sp.gov.br\/administracao-e-gestao-de-pessoas\/wp-json\/wp\/v2\/pages"}],"about":[{"href":"https:\/\/jundiai.sp.gov.br\/administracao-e-gestao-de-pessoas\/wp-json\/wp\/v2\/types\/page"}],"author":[{"embeddable":true,"href":"https:\/\/jundiai.sp.gov.br\/administracao-e-gestao-de-pessoas\/wp-json\/wp\/v2\/users\/30"}],"replies":[{"embeddable":true,"href":"https:\/\/jundiai.sp.gov.br\/administracao-e-gestao-de-pessoas\/wp-json\/wp\/v2\/comments?post=2618"}],"version-history":[{"count":12,"href":"https:\/\/jundiai.sp.gov.br\/administracao-e-gestao-de-pessoas\/wp-json\/wp\/v2\/pages\/2618\/revisions"}],"predecessor-version":[{"id":7332,"href":"https:\/\/jundiai.sp.gov.br\/administracao-e-gestao-de-pessoas\/wp-json\/wp\/v2\/pages\/2618\/revisions\/7332"}],"up":[{"embeddable":true,"href":"https:\/\/jundiai.sp.gov.br\/administracao-e-gestao-de-pessoas\/wp-json\/wp\/v2\/pages\/2384"}],"wp:attachment":[{"href":"https:\/\/jundiai.sp.gov.br\/administracao-e-gestao-de-pessoas\/wp-json\/wp\/v2\/media?parent=2618"}],"curies":[{"name":"wp","href":"https:\/\/api.w.org\/{rel}","templated":true}]}}