{"id":2621,"date":"2018-01-24T18:23:41","date_gmt":"2018-01-24T20:23:41","guid":{"rendered":"https:\/\/jundiai.sp.gov.br\/administracao-e-gestao-de-pessoas\/?page_id=2621"},"modified":"2025-09-26T16:38:18","modified_gmt":"2025-09-26T19:38:18","slug":"exoneracao-estatutarios-e-celetistas-estaveis","status":"publish","type":"page","link":"https:\/\/jundiai.sp.gov.br\/administracao-e-gestao-de-pessoas\/gestao-de-pessoas-orienta\/exoneracao-estatutarios-e-celetistas-estaveis\/","title":{"rendered":"EXONERA\u00c7\u00c3O (ESTATUT\u00c1RIOS E CELETISTAS EST\u00c1VEIS)"},"content":{"rendered":"\n<ul class=\"wp-block-list\">\n<li><b>Quais os Procedimentos e Etapas para solicitar exonera\u00e7\u00e3o?<\/b><\/li>\n<\/ul>\n\n\n\n<ul class=\"wp-block-list\">\n<li>Inicialmente deve-se entrar em contato ou comparecer a SMAGP para obter informa\u00e7\u00f5es sobre a data da exonera\u00e7\u00e3o, modelo do pedido e orienta\u00e7\u00f5es;<br><br><\/li>\n\n\n\n<li>\u00c9 necess\u00e1rio realizar o Exame demissional, quando o per\u00edodo trabalhado for superior a 135 dias. Assim, a SMAGP far\u00e1 as orienta\u00e7\u00f5es e agendamento dos exames, se necess\u00e1rio, que dever\u00e3o ser homologados pelo M\u00e9dico do Trabalho;<br><br><\/li>\n\n\n\n<li>Se o exame resultar \u201capto\u201d, ser\u00e1 orientado a comparecer, trazendo a carta de exonera\u00e7\u00e3o, que deve ser feita a pr\u00f3prio punho, assinada, contendo tamb\u00e9m a assinatura da chefia imediata;<br><br><\/li>\n\n\n\n<li>No caso de servidores da SME-Secretaria Municipal de Educa\u00e7\u00e3o e SMPS \u2013 Secretaria Municipal de Prote\u00e7\u00e3o da Sa\u00fade, a carta deve conter, tamb\u00e9m, a assinatura do respons\u00e1vel da Secretaria, al\u00e9m da chefia imediata;<br><br><\/li>\n\n\n\n<li>Entregue a documenta\u00e7\u00e3o, o servidor estatut\u00e1rio receber\u00e1 os valores devidos no pagamento mensal seguinte ao pedido e, no caso de celetista, at\u00e9 10 dias corridos a data de demiss\u00e3o.<\/li>\n<\/ul>\n","protected":false},"excerpt":{"rendered":"","protected":false},"author":30,"featured_media":0,"parent":2384,"menu_order":0,"comment_status":"closed","ping_status":"closed","template":"","meta":{"footnotes":""},"class_list":["post-2621","page","type-page","status-publish","hentry"],"_links":{"self":[{"href":"https:\/\/jundiai.sp.gov.br\/administracao-e-gestao-de-pessoas\/wp-json\/wp\/v2\/pages\/2621","targetHints":{"allow":["GET"]}}],"collection":[{"href":"https:\/\/jundiai.sp.gov.br\/administracao-e-gestao-de-pessoas\/wp-json\/wp\/v2\/pages"}],"about":[{"href":"https:\/\/jundiai.sp.gov.br\/administracao-e-gestao-de-pessoas\/wp-json\/wp\/v2\/types\/page"}],"author":[{"embeddable":true,"href":"https:\/\/jundiai.sp.gov.br\/administracao-e-gestao-de-pessoas\/wp-json\/wp\/v2\/users\/30"}],"replies":[{"embeddable":true,"href":"https:\/\/jundiai.sp.gov.br\/administracao-e-gestao-de-pessoas\/wp-json\/wp\/v2\/comments?post=2621"}],"version-history":[{"count":7,"href":"https:\/\/jundiai.sp.gov.br\/administracao-e-gestao-de-pessoas\/wp-json\/wp\/v2\/pages\/2621\/revisions"}],"predecessor-version":[{"id":7393,"href":"https:\/\/jundiai.sp.gov.br\/administracao-e-gestao-de-pessoas\/wp-json\/wp\/v2\/pages\/2621\/revisions\/7393"}],"up":[{"embeddable":true,"href":"https:\/\/jundiai.sp.gov.br\/administracao-e-gestao-de-pessoas\/wp-json\/wp\/v2\/pages\/2384"}],"wp:attachment":[{"href":"https:\/\/jundiai.sp.gov.br\/administracao-e-gestao-de-pessoas\/wp-json\/wp\/v2\/media?parent=2621"}],"curies":[{"name":"wp","href":"https:\/\/api.w.org\/{rel}","templated":true}]}}