{"id":2967,"date":"2018-08-29T15:03:46","date_gmt":"2018-08-29T18:03:46","guid":{"rendered":"https:\/\/jundiai.sp.gov.br\/administracao-e-gestao-de-pessoas\/?page_id=2967"},"modified":"2025-10-06T11:06:38","modified_gmt":"2025-10-06T14:06:38","slug":"adicional-de-formacao-academica","status":"publish","type":"page","link":"https:\/\/jundiai.sp.gov.br\/administracao-e-gestao-de-pessoas\/gestao-de-pessoas-orienta\/adicional-de-formacao-academica\/","title":{"rendered":"ADICIONAL DE FORMA\u00c7\u00c3O ACAD\u00caMICA"},"content":{"rendered":"\n<p><strong>O que \u00e9?<\/strong><br><\/p>\n\n\n\n<p>\u00c9 um adicional pago aos servidores dos cargos do quadro de magist\u00e9rio, pela obten\u00e7\u00e3o de titula\u00e7\u00e3o, sendo:<\/p>\n\n\n\n<p>&#8211; P\u00f3s-gradua\u00e7\u00e3o \u2013 especializa\u00e7\u00e3o na \u00e1rea de Educa\u00e7\u00e3o ou MBA com \u00eanfase em Gest\u00e3o Educacional, com carga hor\u00e1ria m\u00ednima de 360 horas. (5% sobre o vencimento base do servidor);<br>\n&#8211; Mestrado \u2013 na \u00e1rea de Educa\u00e7\u00e3o (10% sobre o vencimento base do servidor);<br>\n&#8211; Doutorado \u2013 na \u00e1rea de Educa\u00e7\u00e3o (15% sobre o vencimento base do servidor);<\/p>\n\n\n\n<p>* Os percentuais n\u00e3o s\u00e3o cumulativos para efeitos de recebimento, dessa forma, o t\u00edtulo posterior substitui o anterior, prevalecendo o \u00faltimo e de maior percentual.<\/p>\n\n\n\n<p><strong>Quem tem direito?<\/strong><br><br>Somente servidores efetivos ocupantes dos cargos do quadro de magist\u00e9rio (PEB I e II, Professores I e Diretores de Escola), ap\u00f3s aprova\u00e7\u00e3o em est\u00e1gio probat\u00f3rio, desde que a titula\u00e7\u00e3o seja afeta a sua \u00e1rea de atua\u00e7\u00e3o.<br><br><strong>Quem n\u00e3o pode pleitear?<\/strong><br><br><div class=\"gmail_default\">\u2013 Servidores em est\u00e1gio probat\u00f3rio;<br><br>\u2013 Servidores cedidos;<br><br>\u2013 Servidores readaptados, na forma do artigo 38 da Lei Complementar n.\u00ba 499\/2010, que estejam exercendo fun\u00e7\u00e3o administrativa;<br><br>\u2013 Servidores em disponibilidade na forma do artigo 118 da Lei Complementar n.\u00ba 499\/2010;<br><br>\u2013 Servidores que estejam desempenhando fun\u00e7\u00f5es fora da Secretaria Municipal de Educa\u00e7\u00e3o;<br><br>\u2013 Servidores afastados em raz\u00e3o dos motivos elencados no artigo 55, incisos V a XIII, XVI a XVIII e XXI, al\u00e9m do art. 69, todos da Lei Complementar n.\u00ba 499\/2010.<\/div><\/p>\n\n\n\n<p><strong>Como requerer?<\/strong><br><br>O Servidor poder\u00e1 solicitar atrav\u00e9s do preenchimento do Requerimento de Protocolo, dispon\u00edvel no site da Prefeitura, original e c\u00f3pia do certificado da titula\u00e7\u00e3o, entregues na SME, para confer\u00eancia e an\u00e1lise.<\/p>\n\n\n\n<p><strong>Qual a documenta\u00e7\u00e3o necess\u00e1ria?<\/strong><br><br>\u2013 Formul\u00e1rio de Requerimento de Protocolo;<br><br>\u2013 Original e C\u00f3pia do Certificado da Titula\u00e7\u00e3o.<br><br>* Ser\u00e3o aceitos os t\u00edtulos obtidos a partir do per\u00edodo de 5 (cinco) anos anteriores \u00e0 vig\u00eancia da Lei Complementar n.\u00ba 511\/2012, ou seja, 01\/03\/2007. Desde que n\u00e3o tenham sido incorporados na forma de seu art. 52 (antigo Adicional por T\u00edtulo de Forma\u00e7\u00e3o Profissional \u2013 extinto em 2012).<br><br>Contato: SME &#8211; Secretaria Municipal de Educa\u00e7\u00e3o &#8211;&nbsp;4588-5345 \/&nbsp;4588-5351<\/p>\n\n\n\n<p><strong>Qual a Legisla\u00e7\u00e3o que trata do assunto?<\/strong><\/p>\n\n\n\n<p>\u2013 Lei Complementar n\u00ba 511, de 29 de mar\u00e7o de 2012, Estatuto do Magist\u00e9rio P\u00fablico Municipal, Art. 42-A.<br>\n<a href=\"http:\/\/sapl.camarajundiai.sp.gov.br\/sapl_documentos\/norma_juridica\/8557_texto_consolidado.pdf\">Dispon\u00edvel aqui<\/a><\/p>\n\n\n\n<p>\u2013 Lei Complementar n\u00ba 499, de 22 de dezembro de 2010, Estatuto dos Funcion\u00e1rios P\u00fablicos do Munic\u00edpio.<br>\n<a href=\"https:\/\/sapl.jundiai.sp.leg.br\/pysc\/download_norma_pysc?cod_norma=8545&amp;texto_consolidado=1\" target=\"_blank\" rel=\"noopener\">Dispon\u00edvel aqui<\/a><\/p>\n\n\n\n<p><strong>Anexos:<\/strong><br> \u2013 Formul\u00e1rio Requerimento de Protocolo.<br><a href=\"https:\/\/jundiai.sp.gov.br\/administracao-e-gestao-de-pessoas\/wp-content\/uploads\/sites\/16\/2025\/10\/requerimento-de-protocolo.pdf\" target=\"_blank\" rel=\"noreferrer noopener\"> Dispon\u00edvel aqui<\/a><\/p>\n","protected":false},"excerpt":{"rendered":"<p>O que \u00e9? \u00c9 um adicional pago aos servidores dos cargos do quadro de magist\u00e9rio, pela obten\u00e7\u00e3o de titula\u00e7\u00e3o, sendo: &#8211; P\u00f3s-gradua\u00e7\u00e3o \u2013 especializa\u00e7\u00e3o na \u00e1rea de Educa\u00e7\u00e3o ou MBA com \u00eanfase em Gest\u00e3o Educacional, com carga hor\u00e1ria m\u00ednima de 360 horas. (5% sobre o vencimento base do servidor); &#8211; Mestrado \u2013 na \u00e1rea de [&hellip;]<\/p>\n","protected":false},"author":37,"featured_media":0,"parent":2384,"menu_order":0,"comment_status":"closed","ping_status":"closed","template":"","meta":{"footnotes":""},"class_list":["post-2967","page","type-page","status-publish","hentry"],"_links":{"self":[{"href":"https:\/\/jundiai.sp.gov.br\/administracao-e-gestao-de-pessoas\/wp-json\/wp\/v2\/pages\/2967","targetHints":{"allow":["GET"]}}],"collection":[{"href":"https:\/\/jundiai.sp.gov.br\/administracao-e-gestao-de-pessoas\/wp-json\/wp\/v2\/pages"}],"about":[{"href":"https:\/\/jundiai.sp.gov.br\/administracao-e-gestao-de-pessoas\/wp-json\/wp\/v2\/types\/page"}],"author":[{"embeddable":true,"href":"https:\/\/jundiai.sp.gov.br\/administracao-e-gestao-de-pessoas\/wp-json\/wp\/v2\/users\/37"}],"replies":[{"embeddable":true,"href":"https:\/\/jundiai.sp.gov.br\/administracao-e-gestao-de-pessoas\/wp-json\/wp\/v2\/comments?post=2967"}],"version-history":[{"count":31,"href":"https:\/\/jundiai.sp.gov.br\/administracao-e-gestao-de-pessoas\/wp-json\/wp\/v2\/pages\/2967\/revisions"}],"predecessor-version":[{"id":7440,"href":"https:\/\/jundiai.sp.gov.br\/administracao-e-gestao-de-pessoas\/wp-json\/wp\/v2\/pages\/2967\/revisions\/7440"}],"up":[{"embeddable":true,"href":"https:\/\/jundiai.sp.gov.br\/administracao-e-gestao-de-pessoas\/wp-json\/wp\/v2\/pages\/2384"}],"wp:attachment":[{"href":"https:\/\/jundiai.sp.gov.br\/administracao-e-gestao-de-pessoas\/wp-json\/wp\/v2\/media?parent=2967"}],"curies":[{"name":"wp","href":"https:\/\/api.w.org\/{rel}","templated":true}]}}