{"id":2978,"date":"2018-09-05T10:42:45","date_gmt":"2018-09-05T13:42:45","guid":{"rendered":"https:\/\/jundiai.sp.gov.br\/administracao-e-gestao-de-pessoas\/?page_id=2978"},"modified":"2025-09-17T11:29:40","modified_gmt":"2025-09-17T14:29:40","slug":"gratificacao-de-natal-13o-salario","status":"publish","type":"page","link":"https:\/\/jundiai.sp.gov.br\/administracao-e-gestao-de-pessoas\/gestao-de-pessoas-orienta\/gratificacao-de-natal-13o-salario\/","title":{"rendered":"GRATIFICA\u00c7\u00c3O DE NATAL (13\u00ba SAL\u00c1RIO)"},"content":{"rendered":"<p><strong>O que \u00e9?<br \/>\n<\/strong><br \/>\n\u00c9 uma gratifica\u00e7\u00e3o paga anualmente, que corresponde a 1\/12 (um doze avos), por m\u00eas trabalhado, da remunera\u00e7\u00e3o devida em dezembro do ano correspondente.<\/p>\n<p>\u00c9 calculada sobre a remunera\u00e7\u00e3o do servidor, acrescendo a m\u00e9dia de horas extras do ano em curso, excluindo o abono familiar.<\/p>\n<p><strong>Quem tem direito?<br \/>\n<\/strong><br \/>\nTodo funcion\u00e1rio p\u00fablico municipal.<\/p>\n<p><strong>Qual a data de pagamento?<br \/>\n<\/strong><br \/>\nO pagamento ser\u00e1 creditado sempre no m\u00eas de dezembro.<\/p>\n<p>A data \u00e9 agendada pela SMFIN \u2013 Secretaria Municipal de Finan\u00e7as, no in\u00edcio do ano, cuja tabela \u00e9 publicada na Imprensa Oficial, podendo ser consultada no Portal da Prefeitura, na \u00e1rea de Administra\u00e7\u00e3o e Gest\u00e3o de Pessoas, \u201cCalend\u00e1rio de Pagamentos\u201d.<\/p>\n<p><strong>Contato:<\/strong> Se\u00e7\u00e3o de Folha de Pagamento \u2013 Divis\u00e3o de Administra\u00e7\u00e3o de Pessoal -4589-8731<\/p>\n<p><strong>Qual a Legisla\u00e7\u00e3o que trata do assunto?<br \/>\n<\/strong><br \/>\n\u2013 Lei Complementar n\u00ba 499, de 22 de dezembro de 2010, Estatuto dos Funcion\u00e1rios P\u00fablicos do Munic\u00edpio, Art 99.<br \/>\n<a href=\"https:\/\/sapl.jundiai.sp.leg.br\/pysc\/download_norma_pysc?cod_norma=8545&amp;texto_consolidado=1\" target=\"_blank\" rel=\"noopener\">Dispon\u00edvel aqui<\/a><\/p>\n","protected":false},"excerpt":{"rendered":"<p>O que \u00e9? \u00c9 uma gratifica\u00e7\u00e3o paga anualmente, que corresponde a 1\/12 (um doze avos), por m\u00eas trabalhado, da remunera\u00e7\u00e3o devida em dezembro do ano correspondente. \u00c9 calculada sobre a remunera\u00e7\u00e3o do servidor, acrescendo a m\u00e9dia de horas extras do ano em curso, excluindo o abono familiar. Quem tem direito? Todo funcion\u00e1rio p\u00fablico municipal. Qual [&hellip;]<\/p>\n","protected":false},"author":37,"featured_media":0,"parent":2384,"menu_order":0,"comment_status":"closed","ping_status":"closed","template":"","meta":{"footnotes":""},"class_list":["post-2978","page","type-page","status-publish","hentry"],"_links":{"self":[{"href":"https:\/\/jundiai.sp.gov.br\/administracao-e-gestao-de-pessoas\/wp-json\/wp\/v2\/pages\/2978","targetHints":{"allow":["GET"]}}],"collection":[{"href":"https:\/\/jundiai.sp.gov.br\/administracao-e-gestao-de-pessoas\/wp-json\/wp\/v2\/pages"}],"about":[{"href":"https:\/\/jundiai.sp.gov.br\/administracao-e-gestao-de-pessoas\/wp-json\/wp\/v2\/types\/page"}],"author":[{"embeddable":true,"href":"https:\/\/jundiai.sp.gov.br\/administracao-e-gestao-de-pessoas\/wp-json\/wp\/v2\/users\/37"}],"replies":[{"embeddable":true,"href":"https:\/\/jundiai.sp.gov.br\/administracao-e-gestao-de-pessoas\/wp-json\/wp\/v2\/comments?post=2978"}],"version-history":[{"count":8,"href":"https:\/\/jundiai.sp.gov.br\/administracao-e-gestao-de-pessoas\/wp-json\/wp\/v2\/pages\/2978\/revisions"}],"predecessor-version":[{"id":7349,"href":"https:\/\/jundiai.sp.gov.br\/administracao-e-gestao-de-pessoas\/wp-json\/wp\/v2\/pages\/2978\/revisions\/7349"}],"up":[{"embeddable":true,"href":"https:\/\/jundiai.sp.gov.br\/administracao-e-gestao-de-pessoas\/wp-json\/wp\/v2\/pages\/2384"}],"wp:attachment":[{"href":"https:\/\/jundiai.sp.gov.br\/administracao-e-gestao-de-pessoas\/wp-json\/wp\/v2\/media?parent=2978"}],"curies":[{"name":"wp","href":"https:\/\/api.w.org\/{rel}","templated":true}]}}