{"id":2980,"date":"2018-09-05T10:46:30","date_gmt":"2018-09-05T13:46:30","guid":{"rendered":"https:\/\/jundiai.sp.gov.br\/administracao-e-gestao-de-pessoas\/?page_id=2980"},"modified":"2025-09-17T11:35:20","modified_gmt":"2025-09-17T14:35:20","slug":"recadastramento-anual-de-servidores","status":"publish","type":"page","link":"https:\/\/jundiai.sp.gov.br\/administracao-e-gestao-de-pessoas\/gestao-de-pessoas-orienta\/recadastramento-anual-de-servidores\/","title":{"rendered":"RECADASTRAMENTO ANUAL DE SERVIDORES"},"content":{"rendered":"\n<p><strong>O que \u00e9?<\/strong><\/p>\n\n\n\n<p>\u00c9 um procedimento obrigat\u00f3rio de recadastramento que ocorre, anualmente, para atualiza\u00e7\u00e3o e consolida\u00e7\u00e3o das informa\u00e7\u00f5es do cadastro de servidores ativos. Cont\u00e9m os dados do servidor e dados profissionais: CNH e Conselho de Classe.<\/p>\n\n\n\n<p>Al\u00e9m disso, compreende, tamb\u00e9m, a apresenta\u00e7\u00e3o anual da declara\u00e7\u00e3o de bens e valores, conforme disposto no art. 13 da Lei Federal n. \u00ba 8.429\/1992<\/p>\n\n\n\n<p><strong>Quem est\u00e1 obrigado a realizar?<\/strong><\/p>\n\n\n\n<p><span style=\"font-weight: 400\">Todos os agentes p\u00fablicos ativos da Prefeitura (efetivos, comissionados,&nbsp; contratados por tempo determinado, municipalizados e cedidos \u2013 com ou sem \u00f4nus), inclusive os afastados e licenciados.<\/span><\/p>\n\n\n\n<p><strong>Como funciona e qual o prazo?<\/strong><\/p>\n\n\n\n<p>Anualmente, nos meses de MAIO e JUNHO, deve-se acessar o portal:<\/p>\n\n\n\n<p><a href=\"https:\/\/web.cijun.sp.gov.br\/pmj\/rhrecad\">https:\/\/web.cijun.sp.gov.br\/pmj\/rhrecad<\/a><\/p>\n\n\n\n<p>A partir da\u00ed o servidor deve seguir as orienta\u00e7\u00f5es indicadas:<\/p>\n\n\n\n<p>\u2013 Observar quais dados est\u00e3o corretos e quais necessitam atualiza\u00e7\u00e3o, bem como, realizar a apresenta\u00e7\u00e3o da declara\u00e7\u00e3o de bens e valores, por meio de upload de arquivo PDF, conforme orienta\u00e7\u00f5es contidas no portal.<\/p>\n\n\n\n<p><strong>Pontos de Aten\u00e7\u00e3o:<\/strong><\/p>\n\n\n\n<p>\u2013 Apenas para os cargos que exigem registro em conselho profissional, ser\u00e1 necess\u00e1rio informar: Registro do Conselho Profissional, \u00d3rg\u00e3o Emissor do Documento e Situa\u00e7\u00e3o do registro no conselho profissional.<\/p>\n\n\n\n<p>-Apenas para os cargos que exigem carteira de habilita\u00e7\u00e3o, ser\u00e1 necess\u00e1rio informar obrigatoriamente: N\u00famero da CNH, Estado e \u00d3rg\u00e3o Emissor, Data de Expedi\u00e7\u00e3o, Data de Validade e Categoria.<\/p>\n\n\n\n<p>Caso surjam d\u00favidas no momento de realizar o processo de recadastramento e o servidor precise de aux\u00edlio para finalizar, \u00e9 poss\u00edvel acessar o MANUAL DO RECADASTRAMENTO ANUAL DE SERVIDORES E DECLARA\u00c7\u00c3O DE BENS E VALORES.<\/p>\n\n\n\n<p>Tamb\u00e9m \u00e9 poss\u00edvel entrar em contato com a SMAGP atrav\u00e9s do e-mail:&nbsp;<a href=\"mailto:recadastraservidor@jundiai.sp.gov.br\" target=\"_blank\" rel=\"noreferrer noopener\">recadastraservidor@jundiai.sp.gov.br<\/a><\/p>\n\n\n\n<p>Finalizado o recadastramento, o site emitir\u00e1 um comprovante que pode ser salvo em formato PDF ou impresso para arquivo.<\/p>\n\n\n\n<p><\/p>\n\n\n\n<p><strong>Qual a penalidade do n\u00e3o cumprimento?<\/strong><\/p>\n\n\n\n<p><span style=\"font-weight: 400\">O servidor que n\u00e3o realizar o recadastramento na data estabelecida, fica sujeito \u00e0s penalidades disciplinares previstas no Estatuto dos Funcion\u00e1rios P\u00fablicos do Munic\u00edpio, por ofensa ao inciso III do artigo 128 (Observar as normas legais e regulamentares) e ao inciso XVII do artigo 129 (Recusar-se, injustificadamente, a atualizar seus dados cadastrais, quando solicitado).<\/span><\/p>\n\n\n\n<p><strong>Informa\u00e7\u00f5es Adicionais<\/strong><\/p>\n\n\n\n<p>\u2013 Os dados pessoais, documentos, endere\u00e7o, ficha familiar, etc; est\u00e3o sendo atualizados por meio de solicita\u00e7\u00e3o pelo Portal do Servidor&nbsp;(colocar o link:&nbsp;<a href=\"https:\/\/portaldoservidor.jundiai.sp.gov.br\/\" target=\"_blank\" rel=\"noreferrer noopener\">https:\/\/portaldoservidor.jundiai.sp.gov.br<\/a>).<br>No Recadastramento permaneceram somente a entrega da Declara\u00e7\u00e3o de Bens e valida\u00e7\u00e3o da CNH ou Conselho de Classe, se for exig\u00eancia do cargo.<br>Caso haja diverg\u00eancia nesses dois itens \u00e9 necess\u00e1rio solicitar a altera\u00e7\u00e3o via Portal do Servidor, anexando c\u00f3pia do documento. Somente ap\u00f3s a atualiza\u00e7\u00e3o \u00e9 poss\u00edvel finalizar o Recadastramento e a entrega da Declara\u00e7\u00e3o de Bens.&nbsp;<\/p>\n\n\n\n<p><b>Contato:<\/b><span style=\"font-weight: 400\">&nbsp;recadastraservidor@jundiai.sp.gov.br<\/span><\/p>\n\n\n\n<p><strong>Qual a Legisla\u00e7\u00e3o que trata do assunto?<\/strong><\/p>\n\n\n\n<p>\u2013 Lei Complementar n\u00ba 499, de 22 de dezembro de 2010, Estatuto dos Funcion\u00e1rios P\u00fablicos do Munic\u00edpio.<br>\n<a href=\"https:\/\/sapl.jundiai.sp.leg.br\/pysc\/download_norma_pysc?cod_norma=8545&amp;texto_consolidado=1\" target=\"_blank\" rel=\"noopener\">Dispon\u00edvel aqui<\/a><\/p>\n\n\n\n<p><span style=\"font-weight: 400\">\u2013 <\/span><a href=\"https:\/\/jundiai.sp.gov.br\/administracao-e-gestao-de-pessoas\/wp-content\/uploads\/sites\/16\/2021\/04\/29-634.pdf\"><span style=\"font-weight: 400\">Decreto n\u00ba 29.634, de 12 de janeiro de 2021<\/span><\/a><span style=\"font-weight: 400\">, Altera o Decreto n\u00ba 26.885\/2017 para modificar o per\u00edodo de Recadastramento dos Servidores da PMJ<br>\n<\/span><a href=\"https:\/\/jundiai.sp.gov.br\/administracao-e-gestao-de-pessoas\/wp-content\/uploads\/sites\/16\/2017\/05\/Decreto-n%C2%BA-26.885-Recadastramento-anual.pdf\"><b>Dispon\u00edvel aqui<\/b><\/a><\/p>\n\n\n\n<p><span style=\"font-weight: 400\">\u2013 Decreto n.\u00ba 26.885, de 10 de abril de 2017, Recadastramento Anual de Servidores.<\/span><span style=\"font-weight: 400\"><br>\n<\/span><a href=\"https:\/\/jundiai.sp.gov.br\/administracao-e-gestao-de-pessoas\/wp-content\/uploads\/sites\/16\/2017\/05\/Decreto-n%C2%BA-26.885-Recadastramento-anual.pdf\"><b>Dispon\u00edvel aqui<\/b><\/a><\/p>\n\n\n\n<p>&#8211; Decreto n\u00ba 31.120, de 28 de mar\u00e7o de 2022, Declara\u00e7\u00e3o de Bens e Valores<br>\n<a href=\"https:\/\/jundiai.sp.gov.br\/administracao-e-gestao-de-pessoas\/wp-content\/uploads\/sites\/16\/2023\/04\/decreto-31-120-1-1.pdf\" target=\"_blank\" rel=\"noopener\">Dispon\u00edvel aqui<\/a><\/p>\n","protected":false},"excerpt":{"rendered":"<p>O que \u00e9? \u00c9 um procedimento obrigat\u00f3rio de recadastramento que ocorre, anualmente, para atualiza\u00e7\u00e3o e consolida\u00e7\u00e3o das informa\u00e7\u00f5es do cadastro de servidores ativos. Cont\u00e9m os dados do servidor e dados profissionais: CNH e Conselho de Classe. Al\u00e9m disso, compreende, tamb\u00e9m, a apresenta\u00e7\u00e3o anual da declara\u00e7\u00e3o de bens e valores, conforme disposto no art. 13 da [&hellip;]<\/p>\n","protected":false},"author":37,"featured_media":0,"parent":2384,"menu_order":0,"comment_status":"closed","ping_status":"closed","template":"","meta":{"footnotes":""},"class_list":["post-2980","page","type-page","status-publish","hentry"],"_links":{"self":[{"href":"https:\/\/jundiai.sp.gov.br\/administracao-e-gestao-de-pessoas\/wp-json\/wp\/v2\/pages\/2980","targetHints":{"allow":["GET"]}}],"collection":[{"href":"https:\/\/jundiai.sp.gov.br\/administracao-e-gestao-de-pessoas\/wp-json\/wp\/v2\/pages"}],"about":[{"href":"https:\/\/jundiai.sp.gov.br\/administracao-e-gestao-de-pessoas\/wp-json\/wp\/v2\/types\/page"}],"author":[{"embeddable":true,"href":"https:\/\/jundiai.sp.gov.br\/administracao-e-gestao-de-pessoas\/wp-json\/wp\/v2\/users\/37"}],"replies":[{"embeddable":true,"href":"https:\/\/jundiai.sp.gov.br\/administracao-e-gestao-de-pessoas\/wp-json\/wp\/v2\/comments?post=2980"}],"version-history":[{"count":18,"href":"https:\/\/jundiai.sp.gov.br\/administracao-e-gestao-de-pessoas\/wp-json\/wp\/v2\/pages\/2980\/revisions"}],"predecessor-version":[{"id":7360,"href":"https:\/\/jundiai.sp.gov.br\/administracao-e-gestao-de-pessoas\/wp-json\/wp\/v2\/pages\/2980\/revisions\/7360"}],"up":[{"embeddable":true,"href":"https:\/\/jundiai.sp.gov.br\/administracao-e-gestao-de-pessoas\/wp-json\/wp\/v2\/pages\/2384"}],"wp:attachment":[{"href":"https:\/\/jundiai.sp.gov.br\/administracao-e-gestao-de-pessoas\/wp-json\/wp\/v2\/media?parent=2980"}],"curies":[{"name":"wp","href":"https:\/\/api.w.org\/{rel}","templated":true}]}}