{"id":2984,"date":"2018-09-05T10:56:44","date_gmt":"2018-09-05T13:56:44","guid":{"rendered":"https:\/\/jundiai.sp.gov.br\/administracao-e-gestao-de-pessoas\/?page_id=2984"},"modified":"2025-09-09T15:27:54","modified_gmt":"2025-09-09T18:27:54","slug":"assedio-moral","status":"publish","type":"page","link":"https:\/\/jundiai.sp.gov.br\/administracao-e-gestao-de-pessoas\/gestao-de-pessoas-orienta\/assedio-moral\/","title":{"rendered":"ASS\u00c9DIO MORAL"},"content":{"rendered":"\n<p><\/p>\n\n\n<div>\n<div class=\"gmail_default\"><b><span style=\"font-family: tahoma, sans-serif;\">O que \u00e9 Ass\u00e9dio Moral?<\/span><\/b><\/div>\n<ul>\n<li><span style=\"font-family: tahoma, sans-serif;\">Situa\u00e7\u00f5es que violem a dignidade do servidor p\u00fablico.<\/span><\/li>\n<li><span style=\"font-family: tahoma, sans-serif;\">Exposi\u00e7\u00e3o a condi\u00e7\u00f5es de trabalho\u00a0<b>humilhantes ou degradantes.<\/b><\/span><\/li>\n<li><span style=\"font-family: tahoma, sans-serif;\">Pode ocorrer por meio de<b>\u00a0a\u00e7\u00f5es, gestos ou palavras repetitivas<\/b>, praticadas por quem abusa da autoridade do cargo.<br \/><\/span><span style=\"font-family: tahoma, sans-serif;\">Tem como consequ\u00eancia:<\/span><\/li>\n<li><span style=\"font-family: tahoma, sans-serif;\">Afetar a autoestima e autonomia do servidor.<\/span><\/li>\n<li><span style=\"font-family: tahoma, sans-serif;\">Prejudicar o ambiente de trabalho.<\/span><\/li>\n<li><span style=\"font-family: tahoma, sans-serif;\">Comprometer a qualidade do servi\u00e7o p\u00fablico e o atendimento ao usu\u00e1rio.<\/span><\/li>\n<\/ul>\n<p><span style=\"font-family: tahoma, sans-serif;\"><b>O que \u00e9 Ass\u00e9dio Sexual?<\/b><\/span><\/p>\n<\/div>\n<div>\n<ul>\n<li><span style=\"font-family: tahoma, sans-serif;\">Ocorre quando algu\u00e9m, aproveitando-se de sua posi\u00e7\u00e3o ou influ\u00eancia,\u00a0<b>constrange outra pessoa com propostas, convites ou insinua\u00e7\u00f5es de car\u00e1ter sexual.<br \/><\/b><\/span><span style=\"font-family: tahoma, sans-serif;\"><b><br \/><\/b><\/span><span style=\"font-family: tahoma, sans-serif;\">Pode se manifestar de forma:<\/span><\/li>\n<li><span style=\"font-family: tahoma, sans-serif;\">Verbal: coment\u00e1rios, piadas ou convites inapropriados.<\/span><\/li>\n<li><span style=\"font-family: tahoma, sans-serif;\">Gestual: olhares insistentes, sinais ou atitudes com conota\u00e7\u00e3o sexual.<\/span><\/li>\n<li><span style=\"font-family: tahoma, sans-serif;\">F\u00edsica: toques indesejados ou tentativas de contato \u00edntimo.<br \/><\/span><span style=\"font-family: tahoma, sans-serif;\"><br \/><\/span><span style=\"font-family: tahoma, sans-serif;\">Diferente do ass\u00e9dio moral, <b>n\u00e3o precisa ser repetitivo<\/b>: um \u00fanico ato j\u00e1 \u00e9 suficiente para configurar a conduta abusiva.<br \/><\/span><span style=\"font-family: tahoma, sans-serif;\">Fere a dignidade da v\u00edtima e gera um ambiente de trabalho\u00a0<b>hostil, inseguro e ilegal.<\/b><\/span><\/li>\n<\/ul>\n<p><span style=\"font-family: tahoma, sans-serif;\"><b>Como Proceder?<\/b><\/span><\/p>\n<\/div>\n<div><span style=\"font-family: tahoma, sans-serif;\"><span style=\"font-family: tahoma, sans-serif;\"><span class=\"gmail_default\">1.\u00a0<\/span>Fa\u00e7a o relato<\/span><\/span>\n<p>Os relatos sobre os casos de ass\u00e9dio podem ser registrados junto ao Canal Escuta Segura, dispon\u00edvel no L<span class=\"gmail_default\">ink<\/span>:\u00a0<a href=\"https:\/\/canal.ouvidordigital.com.br\/prefeituradejundiai\" target=\"_blank\" rel=\"noopener\" data-saferedirecturl=\"https:\/\/www.google.com\/url?q=https:\/\/canal.ouvidordigital.com.br\/prefeituradejundiai&amp;source=gmail&amp;ust=1757510498919000&amp;usg=AOvVaw1dQk_sOMs4YwE5CZfz4dBk\">https:\/\/canal.ouvidordigital.<wbr \/>com.br\/prefeituradejundiai<\/a>\u00a0ou presencialmente junto \u00e0 SMAGP\/Divis\u00e3o de Servi\u00e7o Social.<\/p>\n<p><span class=\"gmail_default\">2.\u00a0<\/span>Apura\u00e7\u00e3o dos fatos<\/p>\n<div class=\"gmail_default\"><span style=\"font-family: tahoma, sans-serif;\"><span style=\"font-family: tahoma, sans-serif;\">3. Os relatos ser\u00e3o encaminhados para a COMISS\u00c3O DE APURA\u00c7\u00c3O DAS DEN\u00daNCIAS que conduzir\u00e1 a apura\u00e7\u00e3o, preservando o sigilo do denunciante.<br \/><br \/><\/span><\/span><span style=\"font-family: tahoma, sans-serif;\"><span style=\"font-family: tahoma, sans-serif;\"><span class=\"gmail_default\">4.\u00a0<\/span>O acusado ter\u00e1 assegurados os direitos ao contradit\u00f3rio e \u00e0 ampla defesa.<br \/><br \/><\/span><\/span><\/div>\n<\/div>\n<div><span style=\"font-family: tahoma, sans-serif;\"><span style=\"font-family: tahoma, sans-serif;\"><b>Quais as penalidades?<\/b><\/span><\/span>\n<p>A aplica\u00e7\u00e3o de penalidade por ass\u00e9dio moral depender\u00e1 de apura\u00e7\u00e3o em processo administrativo disciplinar ou sindic\u00e2ncia, sendo pass\u00edvel das seguintes penalidades:<\/p>\n<p>\u2013 Advert\u00eancia;<\/p>\n<p>\u2013 Suspens\u00e3o;<\/p>\n<p>\u2013 Exonera\u00e7\u00e3o.<\/p>\n<p><b>Contato:<\/b> Divis\u00e3o Servi\u00e7o Social \u2013 4589-8750<br \/><br \/><b>Cartilha \u2013 Ass\u00e9dio Moral<\/b><\/p>\n<\/div>\n<div>\n<p><a href=\"https:\/\/jundiai.sp.gov.br\/administracao-e-gestao-de-pessoas\/cartilha-assedio-moral\/\" target=\"_blank\" rel=\"noopener\" data-saferedirecturl=\"https:\/\/www.google.com\/url?q=https:\/\/jundiai.sp.gov.br\/administracao-e-gestao-de-pessoas\/cartilha-assedio-moral\/&amp;source=gmail&amp;ust=1757510498919000&amp;usg=AOvVaw1fxZdMSAQt3dZmm6zVY7wf\">Dispon\u00edvel Aqui<\/a><\/p>\n<\/div>\n<div><span style=\"font-family: tahoma, sans-serif;\"><span style=\"font-family: tahoma, sans-serif;\"><br \/><b>Qual a Legisla\u00e7\u00e3o que trata do assunto?<\/b><\/span><\/span>\n<p>\u2013 Lei Complementar n\u00ba 499, de 22 de dezembro de 2010, Estatuto dos Funcion\u00e1rios P\u00fablicos do Munic\u00edpio, Art. 144-A \u2013 144-E.<\/p>\n<p><a href=\"https:\/\/sapl.jundiai.sp.leg.br\/pysc\/download_norma_pysc?cod_norma=8545&amp;texto_consolidado=1\" target=\"_blank\" rel=\"noopener\" data-saferedirecturl=\"https:\/\/www.google.com\/url?q=https:\/\/sapl.jundiai.sp.leg.br\/pysc\/download_norma_pysc?cod_norma%3D8545%26texto_consolidado%3D1&amp;source=gmail&amp;ust=1757510498919000&amp;usg=AOvVaw1_xCsOKcDNtKaPptFFLAXn\">Dispon\u00edvel aqui<\/a><\/p>\n<\/div>\n<div><span style=\"font-family: tahoma, sans-serif;\"><span style=\"font-family: tahoma, sans-serif;\">\u2013 Lei Org\u00e2nica do Munic\u00edpio de Jundia\u00ed, Art. 85-A \u2013 85-C.<\/span><\/span>\n<p><a href=\"https:\/\/jundiai.sp.gov.br\/relacoes-institucionais\/wp-content\/uploads\/sites\/6\/2016\/04\/Lei-Organica-de-Jundiai-atualizada-ate-Emenda-67-de-22-de-dezembro-de-2015.pdf\" target=\"_blank\" rel=\"noopener\" data-saferedirecturl=\"https:\/\/www.google.com\/url?q=https:\/\/jundiai.sp.gov.br\/relacoes-institucionais\/wp-content\/uploads\/sites\/6\/2016\/04\/Lei-Organica-de-Jundiai-atualizada-ate-Emenda-67-de-22-de-dezembro-de-2015.pdf&amp;source=gmail&amp;ust=1757510498919000&amp;usg=AOvVaw1HuwYpJ0TQ5Reg6T-3fqI9\">Dispon\u00edvel aqui<\/a><\/p>\n<p>\u2013 Decreto Municipal<span class=\"gmail_default\"> n.\u00ba 35.287, de 28 de julho de 2025.<\/span><\/p>\n<\/div>\n<div class=\"gmail_default\"><a href=\"https:\/\/jundiai.sp.gov.br\/administracao-e-gestao-de-pessoas\/wp-content\/uploads\/sites\/16\/2025\/08\/decreto-35-287-de-28-de-julho-de-2025.pdf\" target=\"_blank\" rel=\"noopener\" data-saferedirecturl=\"https:\/\/www.google.com\/url?q=https:\/\/jundiai.sp.gov.br\/administracao-e-gestao-de-pessoas\/wp-content\/uploads\/sites\/16\/2025\/08\/decreto-35-287-de-28-de-julho-de-2025.pdf&amp;source=gmail&amp;ust=1757510498919000&amp;usg=AOvVaw3arqJ5N6MbyeqUhdNAxjVQ\"><span style=\"font-family: tahoma, sans-serif;\">Dispon\u00edvel aqui<\/span><\/a><\/div>","protected":false},"excerpt":{"rendered":"<p>O que \u00e9 Ass\u00e9dio Moral? Situa\u00e7\u00f5es que violem a dignidade do servidor p\u00fablico. Exposi\u00e7\u00e3o a condi\u00e7\u00f5es de trabalho\u00a0humilhantes ou degradantes. Pode ocorrer por meio de\u00a0a\u00e7\u00f5es, gestos ou palavras repetitivas, praticadas por quem abusa da autoridade do cargo.Tem como consequ\u00eancia: Afetar a autoestima e autonomia do servidor. Prejudicar o ambiente de trabalho. Comprometer a qualidade do [&hellip;]<\/p>\n","protected":false},"author":37,"featured_media":0,"parent":2384,"menu_order":0,"comment_status":"closed","ping_status":"closed","template":"","meta":{"footnotes":""},"class_list":["post-2984","page","type-page","status-publish","hentry"],"_links":{"self":[{"href":"https:\/\/jundiai.sp.gov.br\/administracao-e-gestao-de-pessoas\/wp-json\/wp\/v2\/pages\/2984","targetHints":{"allow":["GET"]}}],"collection":[{"href":"https:\/\/jundiai.sp.gov.br\/administracao-e-gestao-de-pessoas\/wp-json\/wp\/v2\/pages"}],"about":[{"href":"https:\/\/jundiai.sp.gov.br\/administracao-e-gestao-de-pessoas\/wp-json\/wp\/v2\/types\/page"}],"author":[{"embeddable":true,"href":"https:\/\/jundiai.sp.gov.br\/administracao-e-gestao-de-pessoas\/wp-json\/wp\/v2\/users\/37"}],"replies":[{"embeddable":true,"href":"https:\/\/jundiai.sp.gov.br\/administracao-e-gestao-de-pessoas\/wp-json\/wp\/v2\/comments?post=2984"}],"version-history":[{"count":13,"href":"https:\/\/jundiai.sp.gov.br\/administracao-e-gestao-de-pessoas\/wp-json\/wp\/v2\/pages\/2984\/revisions"}],"predecessor-version":[{"id":7318,"href":"https:\/\/jundiai.sp.gov.br\/administracao-e-gestao-de-pessoas\/wp-json\/wp\/v2\/pages\/2984\/revisions\/7318"}],"up":[{"embeddable":true,"href":"https:\/\/jundiai.sp.gov.br\/administracao-e-gestao-de-pessoas\/wp-json\/wp\/v2\/pages\/2384"}],"wp:attachment":[{"href":"https:\/\/jundiai.sp.gov.br\/administracao-e-gestao-de-pessoas\/wp-json\/wp\/v2\/media?parent=2984"}],"curies":[{"name":"wp","href":"https:\/\/api.w.org\/{rel}","templated":true}]}}