{"id":305,"date":"2014-08-25T14:20:04","date_gmt":"2014-08-25T17:20:04","guid":{"rendered":"https:\/\/jundiai.sp.gov.br\/recursos-humanos\/?page_id=305"},"modified":"2025-09-11T16:30:59","modified_gmt":"2025-09-11T19:30:59","slug":"estrutura","status":"publish","type":"page","link":"https:\/\/jundiai.sp.gov.br\/administracao-e-gestao-de-pessoas\/estrutura\/","title":{"rendered":"Organograma"},"content":{"rendered":"\n<h2 class=\"wp-block-heading\">Estrutura da Secretaria<\/h2>\n\n\n\n<p>Secret\u00e1rio: <strong>Luiz Henrique Toresin<\/strong><\/p>\n\n\n\n<p>Secret\u00e1ria Adjunta: <strong>Emily&nbsp;Scapinelli Vaz<\/strong><\/p>\n\n\n\n<hr class=\"wp-block-separator has-alpha-channel-opacity\"\/>\n\n\n\n<p><strong>Departamento de Planejamento, Gest\u00e3o e Finan\u00e7as<\/strong><br>Diretor: Germano H\u00e9lio Sgarioni <br>Telefone: (11) 4589-8630<\/p>\n\n\n\n<p><strong>Departamento de Compras Governamentais<\/strong><br>Diretor: Felipe Augusto de Almeida Souza <br>Telefone: (11) 4589-8366<\/p>\n\n\n\n<p><strong>Departamento de Contrata\u00e7\u00f5es<\/strong><br>Diretora: Lilian Cristina Mendes Lobo Mantovani <br>Telefone: (11) 4589-8631<\/p>\n\n\n\n<p><strong>Departamento de Log\u00edstica e Suprimentos<\/strong><br>Diretor: Lucas Gabriel Santana de Souza <br>Telefone: (11) 4589-8851<\/p>\n\n\n\n<p><strong>Departamento Administrativo do Pa\u00e7o<\/strong><br>Diretora: Cristiane Alonso Pessoto <br>Telefone: (11) 4589-8382<\/p>\n\n\n\n<hr class=\"wp-block-separator has-alpha-channel-opacity\"\/>\n\n\n\n<p><strong>Secretaria Municipal Adjunta de Gest\u00e3o de Pessoas<\/strong><br>Secretario Adjunto: Carlos Umberto Rossi <br>Telefone: (11) 4589-8736<\/p>\n\n\n\n<p><strong>Departamento de Desenvolvimento do Servidor<\/strong><br>Diretora: Isabela Munhoz Benetti <br>Telefone: (11) 4589-8598<\/p>\n\n\n\n<p><strong>Departamento de Administra\u00e7\u00e3o de Pessoal<\/strong><br>Diretora: Fernanda Gabriela Canale <br>Telefone: (11) 4589-8732<\/p>\n\n\n\n<p><strong>Departamento de Assist\u00eancia e Seguran\u00e7a do Trabalho<\/strong><br>Diretor: Silvio Shigueo Murata Hashimoto<br>Telefone: (11) 4589-8755<\/p>\n\n\n\n<p><\/p>\n","protected":false},"excerpt":{"rendered":"<p>Estrutura da Secretaria Secret\u00e1rio: Luiz Henrique Toresin Secret\u00e1ria Adjunta: Emily&nbsp;Scapinelli Vaz Departamento de Planejamento, Gest\u00e3o e Finan\u00e7asDiretor: Germano H\u00e9lio Sgarioni Telefone: (11) 4589-8630 Departamento de Compras GovernamentaisDiretor: Felipe Augusto de Almeida Souza Telefone: (11) 4589-8366 Departamento de Contrata\u00e7\u00f5esDiretora: Lilian Cristina Mendes Lobo Mantovani Telefone: (11) 4589-8631 Departamento de Log\u00edstica e SuprimentosDiretor: Lucas Gabriel Santana de [&hellip;]<\/p>\n","protected":false},"author":5,"featured_media":0,"parent":0,"menu_order":0,"comment_status":"closed","ping_status":"closed","template":"","meta":{"footnotes":""},"class_list":["post-305","page","type-page","status-publish","hentry"],"_links":{"self":[{"href":"https:\/\/jundiai.sp.gov.br\/administracao-e-gestao-de-pessoas\/wp-json\/wp\/v2\/pages\/305","targetHints":{"allow":["GET"]}}],"collection":[{"href":"https:\/\/jundiai.sp.gov.br\/administracao-e-gestao-de-pessoas\/wp-json\/wp\/v2\/pages"}],"about":[{"href":"https:\/\/jundiai.sp.gov.br\/administracao-e-gestao-de-pessoas\/wp-json\/wp\/v2\/types\/page"}],"author":[{"embeddable":true,"href":"https:\/\/jundiai.sp.gov.br\/administracao-e-gestao-de-pessoas\/wp-json\/wp\/v2\/users\/5"}],"replies":[{"embeddable":true,"href":"https:\/\/jundiai.sp.gov.br\/administracao-e-gestao-de-pessoas\/wp-json\/wp\/v2\/comments?post=305"}],"version-history":[{"count":44,"href":"https:\/\/jundiai.sp.gov.br\/administracao-e-gestao-de-pessoas\/wp-json\/wp\/v2\/pages\/305\/revisions"}],"predecessor-version":[{"id":7319,"href":"https:\/\/jundiai.sp.gov.br\/administracao-e-gestao-de-pessoas\/wp-json\/wp\/v2\/pages\/305\/revisions\/7319"}],"wp:attachment":[{"href":"https:\/\/jundiai.sp.gov.br\/administracao-e-gestao-de-pessoas\/wp-json\/wp\/v2\/media?parent=305"}],"curies":[{"name":"wp","href":"https:\/\/api.w.org\/{rel}","templated":true}]}}