{"id":309,"date":"2014-08-25T14:22:28","date_gmt":"2014-08-25T17:22:28","guid":{"rendered":"https:\/\/jundiai.sp.gov.br\/recursos-humanos\/?page_id=309"},"modified":"2025-09-25T15:42:23","modified_gmt":"2025-09-25T18:42:23","slug":"programas-e-eventos-para-servidores","status":"publish","type":"page","link":"https:\/\/jundiai.sp.gov.br\/administracao-e-gestao-de-pessoas\/gestao-de-pessoas\/servidores\/programas-e-eventos-para-servidores\/","title":{"rendered":"Banco de Permutas"},"content":{"rendered":"\n<p>Para realizar sua inscri\u00e7\u00e3o no BANCO DE PERMUTAS: <a href=\"https:\/\/forms.gle\/9kkQfBkTpe6DRnqb7\" target=\"_blank\" rel=\"noreferrer noopener\">CLIQUE AQUI<\/a><\/p>\n\n\n\n<p>Para visualizar as POSSIBILIDADES DE PERMUTA: <a href=\"https:\/\/docs.google.com\/spreadsheets\/d\/1kxuPbLTl8B1_q4VnXP_pOv2mZA8Z_zhSsy-y5m1thSc\/edit?gid=0#gid=0\" target=\"_blank\" rel=\"noreferrer noopener\">CLIQUE AQUI<\/a><\/p>\n\n\n\n<p>D\u00favidas entrar em contato pelos telefones: 4589-8750 ou 8734<br>E-mail: div-servico-social@jundiai.sp.gov.br<\/p>\n","protected":false},"excerpt":{"rendered":"<p>Para realizar sua inscri\u00e7\u00e3o no BANCO DE PERMUTAS: CLIQUE AQUI Para visualizar as POSSIBILIDADES DE PERMUTA: CLIQUE AQUI D\u00favidas entrar em contato pelos telefones: 4589-8750 ou 8734E-mail: div-servico-social@jundiai.sp.gov.br<\/p>\n","protected":false},"author":5,"featured_media":0,"parent":1885,"menu_order":6,"comment_status":"closed","ping_status":"closed","template":"page-subpaginas.php","meta":{"footnotes":""},"class_list":["post-309","page","type-page","status-publish","hentry"],"_links":{"self":[{"href":"https:\/\/jundiai.sp.gov.br\/administracao-e-gestao-de-pessoas\/wp-json\/wp\/v2\/pages\/309","targetHints":{"allow":["GET"]}}],"collection":[{"href":"https:\/\/jundiai.sp.gov.br\/administracao-e-gestao-de-pessoas\/wp-json\/wp\/v2\/pages"}],"about":[{"href":"https:\/\/jundiai.sp.gov.br\/administracao-e-gestao-de-pessoas\/wp-json\/wp\/v2\/types\/page"}],"author":[{"embeddable":true,"href":"https:\/\/jundiai.sp.gov.br\/administracao-e-gestao-de-pessoas\/wp-json\/wp\/v2\/users\/5"}],"replies":[{"embeddable":true,"href":"https:\/\/jundiai.sp.gov.br\/administracao-e-gestao-de-pessoas\/wp-json\/wp\/v2\/comments?post=309"}],"version-history":[{"count":32,"href":"https:\/\/jundiai.sp.gov.br\/administracao-e-gestao-de-pessoas\/wp-json\/wp\/v2\/pages\/309\/revisions"}],"predecessor-version":[{"id":7389,"href":"https:\/\/jundiai.sp.gov.br\/administracao-e-gestao-de-pessoas\/wp-json\/wp\/v2\/pages\/309\/revisions\/7389"}],"up":[{"embeddable":true,"href":"https:\/\/jundiai.sp.gov.br\/administracao-e-gestao-de-pessoas\/wp-json\/wp\/v2\/pages\/1885"}],"wp:attachment":[{"href":"https:\/\/jundiai.sp.gov.br\/administracao-e-gestao-de-pessoas\/wp-json\/wp\/v2\/media?parent=309"}],"curies":[{"name":"wp","href":"https:\/\/api.w.org\/{rel}","templated":true}]}}