{"id":333,"date":"2014-09-02T17:27:36","date_gmt":"2014-09-02T20:27:36","guid":{"rendered":"https:\/\/jundiai.sp.gov.br\/recursos-humanos\/?page_id=333"},"modified":"2026-04-01T13:48:48","modified_gmt":"2026-04-01T16:48:48","slug":"formularios","status":"publish","type":"page","link":"https:\/\/jundiai.sp.gov.br\/administracao-e-gestao-de-pessoas\/gestao-de-pessoas\/servidores\/formularios\/","title":{"rendered":"Formul\u00e1rios"},"content":{"rendered":"\n<p><a href=\"https:\/\/jundiai.sp.gov.br\/administracao-e-gestao-de-pessoas\/wp-content\/uploads\/sites\/16\/2020\/03\/abono-de-faltas-1-1.pdf\" target=\"_blank\" rel=\"noopener noreferrer\">Abono de faltas<\/a><\/p>\n\n\n\n<p><a href=\"https:\/\/docs.google.com\/forms\/d\/e\/1FAIpQLSfgdQKv5KxtdoAj2IAGs_mOXWdrVSw5Ij1Y2Eo8HqCu_vQoQQ\/viewform\">Altera\u00e7\u00e3o de local de trabalho dentro da mesma Unidade de Gest\u00e3o<\/a><\/p>\n\n\n\n<p><a href=\"https:\/\/jundiai.sp.gov.br\/administracao-e-gestao-de-pessoas\/wp-content\/uploads\/sites\/16\/2020\/03\/autorizacao-para-desconto-de-contribuicao-sindical.pdf\">Autoriza\u00e7\u00e3o para Desconto de Contribui\u00e7\u00e3o Sindical<\/a><\/p>\n\n\n\n<p><a href=\"https:\/\/jundiai.sp.gov.br\/administracao-e-gestao-de-pessoas\/wp-content\/uploads\/sites\/16\/2021\/12\/cadastro_autonomo_lista.pdf\">Cadastro de Aut\u00f4nomo<\/a><\/p>\n\n\n\n<p><a href=\"https:\/\/jundiai.sp.gov.br\/administracao-e-gestao-de-pessoas\/wp-content\/uploads\/sites\/16\/2025\/07\/declaracao_encargos_de_familia-brasao-2025.pdf\">Declara\u00e7\u00e3o de Dependente para fins de Imposto de Renda<\/a><\/p>\n\n\n\n<p><a href=\"https:\/\/jundiai.sp.gov.br\/administracao-e-gestao-de-pessoas\/wp-content\/uploads\/sites\/16\/2024\/01\/programacao-de-ferias.xlsx\">F\u00e9rias Regulamentares<\/a><\/p>\n\n\n\n<p><a href=\"https:\/\/jundiai.sp.gov.br\/administracao-e-gestao-de-pessoas\/wp-content\/uploads\/sites\/16\/2025\/12\/novo-formulario-gozo.pdf\">F\u00e9rias Pr\u00eamio &#8211; Gozo<\/a><\/p>\n\n\n\n<p><a href=\"https:\/\/jundiai.sp.gov.br\/administracao-e-gestao-de-pessoas\/wp-content\/uploads\/sites\/16\/2025\/08\/formulario-pecunia-1.pdf\">F\u00e9rias Pr\u00eamio &#8211; Pec\u00fania<\/a><\/p>\n\n\n\n<p><a href=\"https:\/\/jundiai.sp.gov.br\/administracao-e-gestao-de-pessoas\/wp-content\/uploads\/sites\/16\/2026\/04\/ficha-de-notificacao-pre-ciat-2026-1.xlsx\">Ficha de Notifica\u00e7\u00e3o Pr\u00e9 Ciat<\/a><\/p>\n\n\n\n<p><a href=\"https:\/\/jundiai.sp.gov.br\/administracao-e-gestao-de-pessoas\/wp-content\/uploads\/sites\/16\/2020\/03\/laudo-medico-familiar.pdf\" target=\"_blank\" rel=\"noopener noreferrer\">Laudo M\u00e9dico &#8211; Fam\u00edlia<\/a><\/p>\n\n\n\n<p><a href=\"https:\/\/jundiai.sp.gov.br\/administracao-e-gestao-de-pessoas\/wp-content\/uploads\/sites\/16\/2020\/03\/laudo-medico-internacao.pdf\" target=\"_blank\" rel=\"noopener noreferrer\">Laudo M\u00e9dico &#8211; Interna\u00e7\u00e3o<\/a><\/p>\n\n\n\n<p><a href=\"https:\/\/jundiai.sp.gov.br\/administracao-e-gestao-de-pessoas\/wp-content\/uploads\/sites\/16\/2024\/01\/uniao-estavel.pdf\">Modelo Declara\u00e7\u00e3o de Uni\u00e3o Est\u00e1vel<\/a><\/p>\n\n\n\n<p><a href=\"https:\/\/jundiai.sp.gov.br\/administracao-e-gestao-de-pessoas\/wp-content\/uploads\/sites\/16\/2024\/03\/movimentacao-de-pessoal-entre-unidades-instrucao.pdf\">Movimenta\u00e7\u00e3o de Pessoal (entre Unidades de Gest\u00e3o) &#8211; Instru\u00e7\u00f5es<\/a><\/p>\n\n\n\n<p><span data-removefontsize=\"true\" data-originalcomputedfontsize=\"13\"><a href=\"https:\/\/jundiai.sp.gov.br\/administracao-e-gestao-de-pessoas\/wp-content\/uploads\/sites\/16\/2023\/12\/nomeacao-revogacao-funcao-de-confianca-ou-gratificacao.pdf\">Nomea\u00e7\u00e3o \/ Revoga\u00e7\u00e3o &#8211; Fun\u00e7\u00e3o de Confian\u00e7a ou Gratifica\u00e7\u00e3o<\/a><\/span><\/p>\n\n\n\n<p><a href=\"https:\/\/jundiai.sp.gov.br\/administracao-e-gestao-de-pessoas\/wp-content\/uploads\/sites\/16\/2025\/10\/requerimento-de-protocolo-1.pdf\" target=\"_blank\" rel=\"noreferrer noopener\">Requerimento de Protocolo<\/a><\/p>\n\n\n\n<p><a href=\"https:\/\/jundiai.sp.gov.br\/administracao-e-gestao-de-pessoas\/wp-content\/uploads\/sites\/16\/2020\/03\/requisicao-de-novos-estagiarios.pdf\" target=\"_blank\" rel=\"noopener noreferrer\">Requisi\u00e7\u00e3o de novos Estagi\u00e1rios<\/a><\/p>\n\n\n\n<p><a href=\"https:\/\/jundiai.sp.gov.br\/administracao-e-gestao-de-pessoas\/wp-content\/uploads\/sites\/16\/2020\/03\/solicitacao-de-falta-abonada.pdf\" target=\"_blank\" rel=\"noopener noreferrer\">Solicita\u00e7\u00e3o de Falta Abonada<\/a><\/p>\n\n\n\n<p><a href=\"https:\/\/jundiai.sp.gov.br\/administracao-e-gestao-de-pessoas\/wp-content\/uploads\/sites\/16\/2023\/12\/substituicao-de-cargo-ou-funcao-de-confianca-instrucoes.pdf\">Substitui\u00e7\u00e3o de Cargo ou Fun\u00e7\u00e3o de Confian\u00e7a &#8211; Instru\u00e7\u00f5es<\/a><\/p>\n\n\n\n<p><a href=\"https:\/\/jundiai.sp.gov.br\/administracao-e-gestao-de-pessoas\/wp-content\/uploads\/sites\/16\/2024\/08\/termo-de-consentimento-para-envio-e-tratamento-de-dados-pessoais-com-orientacoes.pdf\">Termo de Consentimento &#8211; Portal de Consigna\u00e7\u00e3o<\/a><\/p>\n","protected":false},"excerpt":{"rendered":"<p>Abono de faltas Altera\u00e7\u00e3o de local de trabalho dentro da mesma Unidade de Gest\u00e3o Autoriza\u00e7\u00e3o para Desconto de Contribui\u00e7\u00e3o Sindical Cadastro de Aut\u00f4nomo Declara\u00e7\u00e3o de Dependente para fins de Imposto de Renda F\u00e9rias Regulamentares F\u00e9rias Pr\u00eamio &#8211; Gozo F\u00e9rias Pr\u00eamio &#8211; Pec\u00fania Ficha de Notifica\u00e7\u00e3o Pr\u00e9 Ciat Laudo M\u00e9dico &#8211; Fam\u00edlia Laudo M\u00e9dico &#8211; Interna\u00e7\u00e3o [&hellip;]<\/p>\n","protected":false},"author":5,"featured_media":0,"parent":1885,"menu_order":0,"comment_status":"closed","ping_status":"closed","template":"","meta":{"footnotes":""},"class_list":["post-333","page","type-page","status-publish","hentry"],"_links":{"self":[{"href":"https:\/\/jundiai.sp.gov.br\/administracao-e-gestao-de-pessoas\/wp-json\/wp\/v2\/pages\/333","targetHints":{"allow":["GET"]}}],"collection":[{"href":"https:\/\/jundiai.sp.gov.br\/administracao-e-gestao-de-pessoas\/wp-json\/wp\/v2\/pages"}],"about":[{"href":"https:\/\/jundiai.sp.gov.br\/administracao-e-gestao-de-pessoas\/wp-json\/wp\/v2\/types\/page"}],"author":[{"embeddable":true,"href":"https:\/\/jundiai.sp.gov.br\/administracao-e-gestao-de-pessoas\/wp-json\/wp\/v2\/users\/5"}],"replies":[{"embeddable":true,"href":"https:\/\/jundiai.sp.gov.br\/administracao-e-gestao-de-pessoas\/wp-json\/wp\/v2\/comments?post=333"}],"version-history":[{"count":146,"href":"https:\/\/jundiai.sp.gov.br\/administracao-e-gestao-de-pessoas\/wp-json\/wp\/v2\/pages\/333\/revisions"}],"predecessor-version":[{"id":7558,"href":"https:\/\/jundiai.sp.gov.br\/administracao-e-gestao-de-pessoas\/wp-json\/wp\/v2\/pages\/333\/revisions\/7558"}],"up":[{"embeddable":true,"href":"https:\/\/jundiai.sp.gov.br\/administracao-e-gestao-de-pessoas\/wp-json\/wp\/v2\/pages\/1885"}],"wp:attachment":[{"href":"https:\/\/jundiai.sp.gov.br\/administracao-e-gestao-de-pessoas\/wp-json\/wp\/v2\/media?parent=333"}],"curies":[{"name":"wp","href":"https:\/\/api.w.org\/{rel}","templated":true}]}}