{"id":493,"date":"2014-10-06T15:50:25","date_gmt":"2014-10-06T18:50:25","guid":{"rendered":"https:\/\/jundiai.sp.gov.br\/recursos-humanos\/?page_id=493"},"modified":"2025-12-03T13:50:08","modified_gmt":"2025-12-03T16:50:08","slug":"legislacao-2","status":"publish","type":"page","link":"https:\/\/jundiai.sp.gov.br\/administracao-e-gestao-de-pessoas\/gestao-de-pessoas\/servidores\/legislacao-2\/","title":{"rendered":"Legisla\u00e7\u00e3o"},"content":{"rendered":"\n<h3 class=\"wp-block-heading\">Funcionalismo \u2013 Atos Normativos<\/h3>\n\n\n\n<p><strong>LEIS E LEIS COMPLEMENTARES<\/strong><\/p>\n\n\n\n<p><a href=\"https:\/\/sapl.jundiai.sp.leg.br\/pysc\/download_norma_pysc?cod_norma=19206&amp;texto_consolidado=1\">Lei n\u00ba 9.794, de 29 de Junho de 2022\u00a0<br><\/a>Fun\u00e7\u00f5es de Confian\u00e7a FC e Gratifica\u00e7\u00f5es<\/p>\n\n\n\n<p><a href=\"https:\/\/jundiai.sp.gov.br\/administracao-e-gestao-de-pessoas\/wp-content\/uploads\/sites\/16\/2020\/04\/16697_texto_consolidado.pdf\" target=\"_blank\" rel=\"noopener noreferrer\" data-saferedirecturl=\"https:\/\/www.google.com\/url?hl=pt-BR&amp;q=https:\/\/jundiai.sp.gov.br\/administracao-e-gestao-de-pessoas\/wp-content\/uploads\/sites\/16\/2017\/05\/Lei-8.763_2017.pdf&amp;source=gmail&amp;ust=1533145855847000&amp;usg=AFQjCNGTtuSiODpYHdyTdlXTJJgz-CMnew\">Lei n\u00ba 8.763, de 03 de mar\u00e7o de 2017<\/a><br>Reestrutura a Administra\u00e7\u00e3o P\u00fablica e cria e extingue os cargos que especifica<\/p>\n\n\n\n<p><a href=\"https:\/\/jundiai.sp.gov.br\/administracao-e-gestao-de-pessoas\/wp-content\/uploads\/sites\/16\/2017\/09\/8-8342017-reducao-de-carga-horaria1.pdf\" target=\"_blank\" rel=\"noopener noreferrer\" data-saferedirecturl=\"https:\/\/www.google.com\/url?hl=pt-BR&amp;q=https:\/\/jundiai.sp.gov.br\/administracao-e-gestao-de-pessoas\/wp-content\/uploads\/sites\/16\/2017\/09\/8-8342017-reducao-de-carga-horaria1.pdf&amp;source=gmail&amp;ust=1533145855847000&amp;usg=AFQjCNE-BCgmy65KncaCiPnx7mkiAWv80A\">Lei n\u00ba 8.834, de 20 setembro de 2017<br><\/a>Redu\u00e7\u00e3o de carga hor\u00e1ria para servidor p\u00fablico do qual seja dependente pessoa com defici\u00eancia<\/p>\n\n\n\n<p><a href=\"http:\/\/sapl.camarajundiai.sp.gov.br\/sapl_documentos\/norma_juridica\/8557_texto_consolidado.pdf\" target=\"_blank\" rel=\"noopener noreferrer\">Lei Complementar n\u00ba 511, de 29 de Mar\u00e7o de 2012<\/a><br>Estatuto do Magist\u00e9rio P\u00fablico Municipal<\/p>\n\n\n\n<p><a href=\"http:\/\/sapl.camarajundiai.sp.gov.br\/sapl_documentos\/norma_juridica\/8545_texto_consolidado.pdf\" target=\"_blank\" rel=\"noopener noreferrer\" data-saferedirecturl=\"https:\/\/www.google.com\/url?hl=pt-BR&amp;q=https:\/\/jundiai.sp.gov.br\/administracao-e-gestao-de-pessoas\/wp-content\/uploads\/sites\/16\/2017\/10\/estatuto-atualizado-ate-lc-579-2017.pdf&amp;source=gmail&amp;ust=1533145855847000&amp;usg=AFQjCNFyeztIS2i4DO-oqX4f2LW9K8wqZw\">Lei Complementar n\u00ba 499, de 22 de Dezembro de 2010<\/a><br>Estatuto dos Funcion\u00e1rios P\u00fablicos Municipais<\/p>\n\n\n\n<div style=\"height:50px\" aria-hidden=\"true\" class=\"wp-block-spacer\"><\/div>\n\n\n\n<p><strong>DECRETOS<\/strong><\/p>\n\n\n\n<p><a href=\"https:\/\/jundiai.sp.gov.br\/administracao-e-gestao-de-pessoas\/wp-content\/uploads\/sites\/16\/2025\/08\/decreto-35-287-de-28-de-julho-de-2025.pdf\">Decreto n\u00ba 35.287, de 28 de julho de 2025 <br><\/a>Programa de Preven\u00e7\u00e3o e Enfrentamento ao Ass\u00e9dio Moral e Sexual e demais Crimes contra a Dignidade Sexual e \u00e0 Viol\u00eancia Sexual<\/p>\n\n\n\n<p><a href=\"https:\/\/jundiai.sp.gov.br\/administracao-e-gestao-de-pessoas\/wp-content\/uploads\/sites\/16\/2024\/12\/sei_1998344_decreto_n__34-662__de_09_de_dezembro_de_2024.pdf\" data-type=\"link\" data-id=\"https:\/\/jundiai.sp.gov.br\/administracao-e-gestao-de-pessoas\/wp-content\/uploads\/sites\/16\/2024\/12\/sei_1998344_decreto_n__34-662__de_09_de_dezembro_de_2024.pdf\">Decreto n\u00ba 34.662, de 09 de dezembro de 2024<\/a><br>Recadastramento de Inativos e Pensionistas da PMJ<\/p>\n\n\n\n<p><a href=\"https:\/\/jundiai.sp.gov.br\/administracao-e-gestao-de-pessoas\/wp-content\/uploads\/sites\/16\/2024\/08\/decreto-no-34-341-de-20-de-agosto-de-2024.pdf\">Decreto n\u00ba 34.341, de 20 de agosto de 2024<\/a><br>Regulamenta aus\u00eancia de servidor para participa\u00e7\u00e3o em eventos de qualifica\u00e7\u00e3o profissional e para miss\u00e3o de qualquer natureza<\/p>\n\n\n\n<p><a href=\"https:\/\/jundiai.sp.gov.br\/administracao-e-gestao-de-pessoas\/wp-content\/uploads\/sites\/16\/2023\/04\/decreto-31-120.pdf\" target=\"_blank\" rel=\"noopener\">Decreto n\u00ba 31.120, de 28 de mar\u00e7o de 2022<\/a><br>Declara\u00e7\u00e3o de Bens e Valores<\/p>\n\n\n\n<p><a href=\"https:\/\/jundiai.sp.gov.br\/administracao-e-gestao-de-pessoas\/wp-content\/uploads\/sites\/16\/2021\/12\/decreto-no-30-740-de-13-de-dezembro-de-2021-acompanhamento-do-servidor-com-deficiencia-ased.pdf\">Decreto n\u00ba 30.740, de 13 de dezembro de 2021<\/a><b><br><\/b>Acompanhamento do Servidor com Defici\u00eancia (ASED)<\/p>\n\n\n\n<p><a href=\"https:\/\/jundiai.sp.gov.br\/administracao-e-gestao-de-pessoas\/wp-content\/uploads\/sites\/16\/2020\/06\/decreto-no-29-081-de-23-de-junho-de-2020.pdf\" target=\"_blank\" rel=\"noopener noreferrer\">Decreto n\u00ba 29.081, de 23 de junho de 2020<\/a><br>Vagas reservadas a candidatos negros<\/p>\n\n\n\n<p><a href=\"https:\/\/jundiai.sp.gov.br\/administracao-e-gestao-de-pessoas\/wp-content\/uploads\/sites\/16\/2019\/08\/decreto-nepostismo-28-342.pdf\">Decreto n\u00ba 28.342, de 26 de julho de 2019<\/a><br>Nepotismo<\/p>\n\n\n\n<p><a style=\"font-size: inherit\" href=\"https:\/\/jundiai.sp.gov.br\/administracao-e-gestao-de-pessoas\/wp-content\/uploads\/sites\/16\/2021\/04\/29-634.pdf\">Decreto n\u00ba 29.634, de 12 de janeiro de 2021<\/a><br><span style=\"font-size: inherit\">Altera o Decreto n\u00ba 26.885\/2017 para modificar o per\u00edodo de Recadastramento dos Servidores da PMJ<\/span><\/p>\n\n\n\n<p><a href=\"https:\/\/jundiai.sp.gov.br\/administracao-e-gestao-de-pessoas\/wp-content\/uploads\/sites\/16\/2017\/05\/Decreto-n%C2%BA-26.885-Recadastramento-anual.pdf\" target=\"_blank\" rel=\"noopener noreferrer\" data-saferedirecturl=\"https:\/\/www.google.com\/url?hl=pt-BR&amp;q=https:\/\/jundiai.sp.gov.br\/administracao-e-gestao-de-pessoas\/wp-content\/uploads\/sites\/16\/2017\/05\/Decreto-n%25C2%25BA-26.885-Recadastramento-anual.pdf&amp;source=gmail&amp;ust=1533145855847000&amp;usg=AFQjCNF0m45VtunrdSLas-wjqGxRdd3XPQ\">Decreto n\u00ba 26.885, de 10 de abril de 2017<\/a><br>Recadastramento anual dos servidores da PMJ<\/p>\n\n\n\n<p><a href=\"https:\/\/jundiai.sp.gov.br\/administracao-e-gestao-de-pessoas\/wp-content\/uploads\/sites\/16\/2014\/09\/C%C3%B3digo-de-%C3%89tica-do-Servidor-P%C3%BAblico-Municipal.pdf\" target=\"_blank\" rel=\"noopener noreferrer\" data-saferedirecturl=\"https:\/\/www.google.com\/url?hl=pt-BR&amp;q=https:\/\/jundiai.sp.gov.br\/administracao-e-gestao-de-pessoas\/wp-content\/uploads\/sites\/16\/2014\/09\/C%25C3%25B3digo-de-%25C3%2589tica-do-Servidor-P%25C3%25BAblico-Municipal.pdf&amp;source=gmail&amp;ust=1533145855848000&amp;usg=AFQjCNGEif3Ljg6KN33krw1IemWQLm9bQg\">Decreto 23.740, de 23 de Mar\u00e7o de 2012<\/a><br>Institui o C\u00f3digo de \u00c9tica do Servidor P\u00fablico Municipal<\/p>\n\n\n\n<div style=\"height:50px\" aria-hidden=\"true\" class=\"wp-block-spacer\"><\/div>\n\n\n\n<p><strong>INSTRU\u00c7\u00d5ES NORMATIVAS<\/strong><\/p>\n\n\n\n<p><a href=\"https:\/\/jundiai.sp.gov.br\/administracao-e-gestao-de-pessoas\/wp-content\/uploads\/sites\/16\/2025\/11\/iom-5729-instrucao-normativa-smagp-no-08-de-05-de-novembro-de-2025-1.pdf\">Instru\u00e7\u00e3o Normativa SMAGP n\u00ba 08, de 05 de Novembro de 2025<br><\/a>Estabelece procedimentos relativos \u00e0 comprova\u00e7\u00e3o de registro ativo e regular em \u00f3rg\u00e3o de classe profissional.<\/p>\n\n\n\n<p><a href=\"https:\/\/jundiai.sp.gov.br\/administracao-e-gestao-de-pessoas\/wp-content\/uploads\/sites\/16\/2025\/11\/a240e20f-d757-4a71-a346-65a5a83c010d_edicao-5716-31-10-2025.pdf\">Instru\u00e7\u00e3o Normativa SMAGP n\u00ba 06, de 01 de Outubro de 2025<br><\/a>Estabelece&nbsp;procedimento de&nbsp;movimenta\u00e7\u00e3o de servidores entre Secretarias Municipais a pedido do&nbsp;servidor.<\/p>\n\n\n\n<p><a href=\"https:\/\/jundiai.sp.gov.br\/administracao-e-gestao-de-pessoas\/wp-content\/uploads\/sites\/16\/2025\/09\/instrucao-normativa-ugap-no-04-de-18-de-agosto-de-2025.pdf\">Instru\u00e7\u00e3o Normativa UGAGP n\u00ba 04, de 18 de Agosto de 2025<br><\/a>Estabelece procedimentos&nbsp;para solicita\u00e7\u00e3o e concess\u00e3o do adicional de risco de vida ao servidor&nbsp;ocupante de cargo de Agente de Fiscaliza\u00e7\u00e3o de Posturas Municipais<\/p>\n\n\n\n<p><a href=\"https:\/\/jundiai.sp.gov.br\/administracao-e-gestao-de-pessoas\/wp-content\/uploads\/sites\/16\/2025\/09\/in-ugagp-03-2025.pdf\">Instru\u00e7\u00e3o Normativa UGAGP n\u00ba 03, de 24 de Julho de 2025<br><\/a>Estabelece procedimentos em rela\u00e7\u00e3o a&nbsp;avalia\u00e7\u00e3o de desempenho das fun\u00e7\u00f5es e gratifica\u00e7\u00f5es.<\/p>\n\n\n\n<p><a href=\"https:\/\/jundiai.sp.gov.br\/administracao-e-gestao-de-pessoas\/wp-content\/uploads\/sites\/16\/2024\/01\/sei_1267586_instrucao_normativa.pdf\" target=\"_blank\" rel=\"noreferrer noopener\">Instru\u00e7\u00e3o Normativa UGAGP n\u00ba 09, de 21 de Dezembro de 2023<\/a><br>Estabelece procedimentos em rela\u00e7\u00e3o a gest\u00e3o dos servidores cedidos \u00e0 Administra\u00e7\u00e3o Indireta e outros entes da Federa\u00e7\u00e3o.<\/p>\n\n\n\n<p><a href=\"https:\/\/jundiai.sp.gov.br\/administracao-e-gestao-de-pessoas\/wp-content\/uploads\/sites\/16\/2023\/01\/in-ugagp-01-2023.pdf\" target=\"_blank\" rel=\"noreferrer noopener\">Instru\u00e7\u00e3o Normativa UGAGP n\u00ba 01, de 05 de Janeiro de 2023<\/a><br>Estabelece procedimento para abertura de processos eletr\u00f4nicos relacionados a Gest\u00e3o de Pessoas por requerimento de servidores<\/p>\n\n\n\n<p><a href=\"https:\/\/jundiai.sp.gov.br\/administracao-e-gestao-de-pessoas\/wp-content\/uploads\/sites\/16\/2021\/12\/in-05-2021-ugagp-2.pdf\" target=\"_blank\" rel=\"noreferrer noopener\">Instru\u00e7\u00e3o Normativa UGAGP n\u00ba 05, de 24 de Novembro de 2021<\/a><br>Estabelece procedimentos referentes \u00e0 gest\u00e3o de pessoal em raz\u00e3o da entrada do eSocial<\/p>\n\n\n\n<p><a href=\"https:\/\/jundiai.sp.gov.br\/administracao-e-gestao-de-pessoas\/wp-content\/uploads\/sites\/16\/2018\/09\/instrucao-normativa-n-o-002_2018.pdf\" target=\"_blank\" rel=\"noopener noreferrer\" data-saferedirecturl=\"https:\/\/www.google.com\/url?hl=pt-BR&amp;q=https:\/\/jundiai.sp.gov.br\/administracao-e-gestao-de-pessoas\/wp-content\/uploads\/sites\/16\/2017\/08\/in-designacao-de-cargo-funcao-texto-governanca-1.pdf&amp;source=gmail&amp;ust=1536928297424000&amp;usg=AFQjCNGrTYyeJegW0vKJyArhQZ_0SITfow\">Instru\u00e7\u00e3o normativa n\u00ba002, de 12 de setembro de 2018<\/a><br>Regras sobre solicita\u00e7\u00f5es de designa\u00e7\u00e3o ou revoga\u00e7\u00e3o de Fun\u00e7\u00e3o de Confian\u00e7a ou de Fun\u00e7\u00e3o de Especialista de Educa\u00e7\u00e3o, bem como substitui\u00e7\u00f5es de Fun\u00e7\u00e3o de Confian\u00e7a ou de Cargo em Comiss\u00e3o.<\/p>\n\n\n\n<p><a href=\"https:\/\/jundiai.sp.gov.br\/administracao-e-gestao-de-pessoas\/wp-content\/uploads\/sites\/16\/2017\/08\/in-designacao-de-cargo-funcao-texto-governanca-1.pdf\" target=\"_blank\" rel=\"noopener noreferrer\" data-saferedirecturl=\"https:\/\/www.google.com\/url?hl=pt-BR&amp;q=https:\/\/jundiai.sp.gov.br\/administracao-e-gestao-de-pessoas\/wp-content\/uploads\/sites\/16\/2017\/08\/in-designacao-de-cargo-funcao-texto-governanca-1.pdf&amp;source=gmail&amp;ust=1533145855847000&amp;usg=AFQjCNEbL45wOhQX4rM993a33m_V_6ZHLA\">Instru\u00e7\u00e3o normativa n\u00ba003, de 01 de agosto de 2017<br><\/a>Regras sobre a utiliza\u00e7\u00e3o de carimbos e assinaturas em documentos oficiais<\/p>\n\n\n\n<div style=\"height:50px\" aria-hidden=\"true\" class=\"wp-block-spacer\"><\/div>\n\n\n\n<p><\/p>\n","protected":false},"excerpt":{"rendered":"<p>Funcionalismo \u2013 Atos Normativos LEIS E LEIS COMPLEMENTARES Lei n\u00ba 9.794, de 29 de Junho de 2022\u00a0Fun\u00e7\u00f5es de Confian\u00e7a FC e Gratifica\u00e7\u00f5es Lei n\u00ba 8.763, de 03 de mar\u00e7o de 2017Reestrutura a Administra\u00e7\u00e3o P\u00fablica e cria e extingue os cargos que especifica Lei n\u00ba 8.834, de 20 setembro de 2017Redu\u00e7\u00e3o de carga hor\u00e1ria para servidor [&hellip;]<\/p>\n","protected":false},"author":8,"featured_media":0,"parent":1885,"menu_order":5,"comment_status":"closed","ping_status":"closed","template":"page-subpaginas.php","meta":{"footnotes":""},"class_list":["post-493","page","type-page","status-publish","hentry"],"_links":{"self":[{"href":"https:\/\/jundiai.sp.gov.br\/administracao-e-gestao-de-pessoas\/wp-json\/wp\/v2\/pages\/493","targetHints":{"allow":["GET"]}}],"collection":[{"href":"https:\/\/jundiai.sp.gov.br\/administracao-e-gestao-de-pessoas\/wp-json\/wp\/v2\/pages"}],"about":[{"href":"https:\/\/jundiai.sp.gov.br\/administracao-e-gestao-de-pessoas\/wp-json\/wp\/v2\/types\/page"}],"author":[{"embeddable":true,"href":"https:\/\/jundiai.sp.gov.br\/administracao-e-gestao-de-pessoas\/wp-json\/wp\/v2\/users\/8"}],"replies":[{"embeddable":true,"href":"https:\/\/jundiai.sp.gov.br\/administracao-e-gestao-de-pessoas\/wp-json\/wp\/v2\/comments?post=493"}],"version-history":[{"count":90,"href":"https:\/\/jundiai.sp.gov.br\/administracao-e-gestao-de-pessoas\/wp-json\/wp\/v2\/pages\/493\/revisions"}],"predecessor-version":[{"id":7489,"href":"https:\/\/jundiai.sp.gov.br\/administracao-e-gestao-de-pessoas\/wp-json\/wp\/v2\/pages\/493\/revisions\/7489"}],"up":[{"embeddable":true,"href":"https:\/\/jundiai.sp.gov.br\/administracao-e-gestao-de-pessoas\/wp-json\/wp\/v2\/pages\/1885"}],"wp:attachment":[{"href":"https:\/\/jundiai.sp.gov.br\/administracao-e-gestao-de-pessoas\/wp-json\/wp\/v2\/media?parent=493"}],"curies":[{"name":"wp","href":"https:\/\/api.w.org\/{rel}","templated":true}]}}