{"id":6,"date":"2014-08-13T19:38:10","date_gmt":"2014-08-13T22:38:10","guid":{"rendered":"https:\/\/jundiai.sp.gov.br\/recursos-humanos\/?page_id=6"},"modified":"2025-10-14T14:10:22","modified_gmt":"2025-10-14T17:10:22","slug":"gestao-de-pessoas","status":"publish","type":"page","link":"https:\/\/jundiai.sp.gov.br\/administracao-e-gestao-de-pessoas\/","title":{"rendered":"Administra\u00e7\u00e3o e Gest\u00e3o de Pessoas"},"content":{"rendered":"\n<p><strong>A Secretaria Municipal de Administra\u00e7\u00e3o e Gest\u00e3o de Pessoas tem por finalidade coordenar as atividades e pol\u00edticas de gest\u00e3o administrativa, compras governamentais e de gest\u00e3o de pessoas no Munic\u00edpio, suportada pela seguinte estrutura org\u00e2nica b\u00e1sica:<\/strong><\/p>\n\n\n\n<ul class=\"wp-block-list\">\n<li>Secretaria Adjunta de Administra\u00e7\u00e3o;<\/li>\n\n\n\n<li>Secretaria Adjunta de Gest\u00e3o de Pessoas;<\/li>\n\n\n\n<li>Departamento de Planejamento, Gest\u00e3o e Finan\u00e7as<b>;<\/b><\/li>\n\n\n\n<li>Departamento de Compras Governamentais;<\/li>\n\n\n\n<li>Departamento de Contrata\u00e7\u00f5es;<\/li>\n\n\n\n<li>Departamento de Log\u00edstica e Suprimentos;<\/li>\n\n\n\n<li>Departamento de Administra\u00e7\u00e3o do Pa\u00e7o;<\/li>\n\n\n\n<li>Departamento de Desenvolvimento do Servidor;<\/li>\n\n\n\n<li>Departamento de Administra\u00e7\u00e3o de Pessoal;<\/li>\n\n\n\n<li>Departamento de Assist\u00eancia e Seguran\u00e7a do Trabalho;<\/li>\n<\/ul>\n\n\n\n<p>Atuam por coordena\u00e7\u00e3o administrativa a Unidade de Gest\u00e3o de Administra\u00e7\u00e3o e Gest\u00e3o de Pessoas, o <a href=\"https:\/\/iprejun.sp.gov.br\/N\/home\">Instituto de Previd\u00eancia de Jundia\u00ed (Iprejun)<\/a> e a <a href=\"https:\/\/egp.jundiai.sp.gov.br\/\" target=\"_blank\" rel=\"noopener noreferrer\">Escola P\u00fablica de Gest\u00e3o de Jundia\u00ed (EGP)<\/a>.<\/p>\n\n\n\n<h2 class=\"wp-block-heading\"><strong>Contatos \/ Gest\u00e3o de Pessoas<\/strong><\/h2>\n\n\n\n<p><strong>Se\u00e7\u00e3o de Atendimento&nbsp;ao Servidor <\/strong><br>Pa\u00e7o Municipal \u2013 3\u00ba andar \u2013 Ala Norte<br>Telefones: (11) 4589-8730 \/ 8738<br><a rel=\"noreferrer noopener\" href=\"mailto:atendeservidor@jundiai.sp.gov.br\" target=\"_blank\">atendeservidor@jundiai.sp.gov.br<\/a><\/p>\n\n\n\n<p><strong><strong>Secretaria Adjunta de Gest\u00e3o de Pessoas<\/strong><\/strong><br>Telefones: (11) 4589-8736 \/ 8737<\/p>\n\n\n\n<p><strong>Departamento de Administra\u00e7\u00e3o de Pessoal<\/strong><br>Pa\u00e7o Municipal \u2013 3\u00ba andar \u2013 Ala Norte<br>Telefone: (11) 4589-8752 \u2013 Benef\u00edcios<br>Telefones: (11) 4589-8743 \/ 8733-\u00a0 Ponto e Frequ\u00eancia<br>Telefones: (11) 4589-8731 \/ 8749 \u2013 Folha de Pagamento<br>Telefones: (11) 4589-8742 \/ 8845 &#8211; F\u00e9rias<br>Telefones: (11) 4589-8619 \/ 8845 &#8211; F\u00e9rias Pr\u00eamio<\/p>\n\n\n\n<p><strong>Departamento de Desenvolvimento do Servidor<\/strong><br>Pa\u00e7o Municipal \u2013 3\u00ba andar \u2013 Ala Norte<br>Telefone: (11) 4589-8974&nbsp;\u2013 Cargos e Sal\u00e1rios<br>Telefone: (11) 4589-8944 \u2013 Avalia\u00e7\u00e3o de Desempenho<br>Telefones: (11) 4589-8750 \/ 8734 \u2013 Divis\u00e3o de Servi\u00e7o Social<br>Telefone: (11) 4589-9312 \/ 9313 \/ 9314 \/ 9315 \/ 9316 \u2013 Recrutamento e Sele\u00e7\u00e3o<\/p>\n\n\n\n<p><strong>Departamento de Assist\u00eancia e Seguran\u00e7a do Trabalho<\/strong><br>Pa\u00e7o Municipal \u2013&nbsp;T\u00e9rreo&nbsp;\u2013 Ala Norte<br>Telefone: (11) 4589-8755<br>Telefone: (11) 4589-8810 &#8211; AMBULAT\u00d3RIO DO SERVIDOR OU MEDICINA OCUPACIONAL <\/p>\n\n\n\n<p><strong>Pronto Atendimento do Pa\u00e7o (P.A. Pa\u00e7o):&nbsp;<\/strong>(11) 4589-8817 (Atendimento&nbsp;m\u00e9dico)&nbsp;&#8211;&nbsp;SUB-SOLO &#8211; ALA SUL<\/p>\n\n\n\n<h2 class=\"wp-block-heading\"><strong>Contatos \/ Administra\u00e7\u00e3o<\/strong><\/h2>\n\n\n\n<p><strong>Gabinete do Secret\u00e1rio de Administra\u00e7\u00e3o e Gest\u00e3o de Pessoas<\/strong><br>Pa\u00e7o Municipal \u2013 4\u00ba andar \u2013 Ala Norte<br>Telefone: (11) 4589-8622 \/ 9588 (Administra\u00e7\u00e3o)<\/p>\n\n\n\n<p><strong>Secretaria Adjunta de Administra\u00e7\u00e3o<\/strong><br>Pa\u00e7o Municipal \u2013 4\u00ba andar \u2013 Ala Norte<br>Telefones: (11) 4589-8624 \/ 8627&nbsp;<\/p>\n\n\n\n<p><strong>Departamento de Planejamento, Gest\u00e3o e Finan\u00e7as&nbsp;<\/strong><br>Pa\u00e7o Municipal \u2013 4\u00ba andar \u2013 Ala Norte<br>Telefone: (11) 4589-8630 \/ 8869 \/ 9462<\/p>\n\n\n\n<p><strong>Departamento de Compras Governamentais<\/strong><br>Pa\u00e7o Municipal \u2013 4\u00ba andar \u2013 Ala Norte<br>Telefones: (11) 4589-8627 \/ 4589-8982&nbsp;&#8211; Expediente<br>Telefones: (11) 4589-8639 \/ 8634 \u2013 Licita\u00e7\u00f5es<br>Telefones: (11) 4589-8636 \/ 8350 \/ 9463\u2013 Compra Direta<br>Telefones: (11) 4589-8914 \/ 8638 \/ 8639 \/ 8364 \u2013 Preg\u00e3o Eletr\u00f4nico<br>Telefones: (11) 4589-8633 \/ 8979 \u2013 Cadastro de Fornecedores<\/p>\n\n\n\n<p><strong>Departamento de Contrata\u00e7\u00f5es<\/strong><br>Pa\u00e7o Municipal \u2013 4\u00ba andar \u2013 Ala Norte<br>Telefones: (11) 4589-8671 \/ 8668 \/ 8637 \/ 9467 \u2013 Contratos&nbsp;<\/p>\n\n\n\n<p><strong>Departamento Administrativo do Pa\u00e7o&nbsp;<\/strong><br>Pa\u00e7o Municipal \u2013 Mezanino \u2013 Ala Sul&nbsp;<br>Telefones: (11) 4589-8657 \/ 8892&nbsp;<\/p>\n\n\n\n<p><strong>Departamento de Log\u00edstica e Suprimentos<\/strong><br>Avenida Wady Badra n\u00ba 634 \u2013 Jardim Tulipas \u2013 CEP: 13.212-790&nbsp;<br>Telefone: (11) 4588-8850<br>Atendimento: de segunda a sexta-feira, das&nbsp;8h \u00e0s 17h<\/p>\n","protected":false},"excerpt":{"rendered":"<p>A Secretaria Municipal de Administra\u00e7\u00e3o e Gest\u00e3o de Pessoas tem por finalidade coordenar as atividades e pol\u00edticas de gest\u00e3o administrativa, compras governamentais e de gest\u00e3o de pessoas no Munic\u00edpio, suportada pela seguinte estrutura org\u00e2nica b\u00e1sica: Atuam por coordena\u00e7\u00e3o administrativa a Unidade de Gest\u00e3o de Administra\u00e7\u00e3o e Gest\u00e3o de Pessoas, o Instituto de Previd\u00eancia de Jundia\u00ed [&hellip;]<\/p>\n","protected":false},"author":8,"featured_media":0,"parent":0,"menu_order":0,"comment_status":"open","ping_status":"closed","template":"","meta":{"footnotes":""},"class_list":["post-6","page","type-page","status-publish","hentry"],"_links":{"self":[{"href":"https:\/\/jundiai.sp.gov.br\/administracao-e-gestao-de-pessoas\/wp-json\/wp\/v2\/pages\/6","targetHints":{"allow":["GET"]}}],"collection":[{"href":"https:\/\/jundiai.sp.gov.br\/administracao-e-gestao-de-pessoas\/wp-json\/wp\/v2\/pages"}],"about":[{"href":"https:\/\/jundiai.sp.gov.br\/administracao-e-gestao-de-pessoas\/wp-json\/wp\/v2\/types\/page"}],"author":[{"embeddable":true,"href":"https:\/\/jundiai.sp.gov.br\/administracao-e-gestao-de-pessoas\/wp-json\/wp\/v2\/users\/8"}],"replies":[{"embeddable":true,"href":"https:\/\/jundiai.sp.gov.br\/administracao-e-gestao-de-pessoas\/wp-json\/wp\/v2\/comments?post=6"}],"version-history":[{"count":58,"href":"https:\/\/jundiai.sp.gov.br\/administracao-e-gestao-de-pessoas\/wp-json\/wp\/v2\/pages\/6\/revisions"}],"predecessor-version":[{"id":7463,"href":"https:\/\/jundiai.sp.gov.br\/administracao-e-gestao-de-pessoas\/wp-json\/wp\/v2\/pages\/6\/revisions\/7463"}],"wp:attachment":[{"href":"https:\/\/jundiai.sp.gov.br\/administracao-e-gestao-de-pessoas\/wp-json\/wp\/v2\/media?parent=6"}],"curies":[{"name":"wp","href":"https:\/\/api.w.org\/{rel}","templated":true}]}}