{"id":6094,"date":"2022-05-03T15:42:27","date_gmt":"2022-05-03T18:42:27","guid":{"rendered":"https:\/\/jundiai.sp.gov.br\/administracao-e-gestao-de-pessoas\/?page_id=6094"},"modified":"2025-08-06T11:52:36","modified_gmt":"2025-08-06T14:52:36","slug":"cartilha-assedio-moral","status":"publish","type":"page","link":"https:\/\/jundiai.sp.gov.br\/administracao-e-gestao-de-pessoas\/cartilha-assedio-moral\/","title":{"rendered":"Cartilha Ass\u00e9dio Moral"},"content":{"rendered":"\n<div data-wp-interactive=\"core\/file\" class=\"wp-block-file\"><object data-wp-bind--hidden=\"!state.hasPdfPreview\" hidden class=\"wp-block-file__embed\" data=\"https:\/\/jundiai.sp.gov.br\/administracao-e-gestao-de-pessoas\/wp-content\/uploads\/sites\/16\/2025\/08\/cartilha_prevencao-ao-assedio-moral-e-sexual-no-trabalho_pmj.pdf\" type=\"application\/pdf\" style=\"width:100%;height:800px\" aria-label=\"Incorporado de Cartilha_Preven\u00e7\u00e3o ao Ass\u00e9dio Moral e Sexual no Trabalho_PMJ.\"><\/object><a id=\"wp-block-file--media-f303021f-88fb-446e-b2cd-5bb2891fc2e2\" href=\"https:\/\/jundiai.sp.gov.br\/administracao-e-gestao-de-pessoas\/wp-content\/uploads\/sites\/16\/2025\/08\/cartilha_prevencao-ao-assedio-moral-e-sexual-no-trabalho_pmj.pdf\" target=\"_blank\" rel=\"noreferrer noopener\">Cartilha_Preven\u00e7\u00e3o ao Ass\u00e9dio Moral e Sexual no Trabalho_PMJ<\/a><\/div>\n","protected":false},"excerpt":{"rendered":"","protected":false},"author":69,"featured_media":0,"parent":0,"menu_order":0,"comment_status":"closed","ping_status":"closed","template":"","meta":{"footnotes":""},"class_list":["post-6094","page","type-page","status-publish","hentry"],"_links":{"self":[{"href":"https:\/\/jundiai.sp.gov.br\/administracao-e-gestao-de-pessoas\/wp-json\/wp\/v2\/pages\/6094","targetHints":{"allow":["GET"]}}],"collection":[{"href":"https:\/\/jundiai.sp.gov.br\/administracao-e-gestao-de-pessoas\/wp-json\/wp\/v2\/pages"}],"about":[{"href":"https:\/\/jundiai.sp.gov.br\/administracao-e-gestao-de-pessoas\/wp-json\/wp\/v2\/types\/page"}],"author":[{"embeddable":true,"href":"https:\/\/jundiai.sp.gov.br\/administracao-e-gestao-de-pessoas\/wp-json\/wp\/v2\/users\/69"}],"replies":[{"embeddable":true,"href":"https:\/\/jundiai.sp.gov.br\/administracao-e-gestao-de-pessoas\/wp-json\/wp\/v2\/comments?post=6094"}],"version-history":[{"count":5,"href":"https:\/\/jundiai.sp.gov.br\/administracao-e-gestao-de-pessoas\/wp-json\/wp\/v2\/pages\/6094\/revisions"}],"predecessor-version":[{"id":7259,"href":"https:\/\/jundiai.sp.gov.br\/administracao-e-gestao-de-pessoas\/wp-json\/wp\/v2\/pages\/6094\/revisions\/7259"}],"wp:attachment":[{"href":"https:\/\/jundiai.sp.gov.br\/administracao-e-gestao-de-pessoas\/wp-json\/wp\/v2\/media?parent=6094"}],"curies":[{"name":"wp","href":"https:\/\/api.w.org\/{rel}","templated":true}]}}