{"id":6915,"date":"2023-09-13T10:11:52","date_gmt":"2023-09-13T13:11:52","guid":{"rendered":"https:\/\/jundiai.sp.gov.br\/administracao-e-gestao-de-pessoas\/?page_id=6915"},"modified":"2025-10-29T09:06:58","modified_gmt":"2025-10-29T12:06:58","slug":"portal-do-servidor-novo","status":"publish","type":"page","link":"https:\/\/jundiai.sp.gov.br\/administracao-e-gestao-de-pessoas\/gestao-de-pessoas-orienta\/portal-do-servidor-novo\/","title":{"rendered":"PORTAL DO SERVIDOR"},"content":{"rendered":"\n<p>O Portal pode ser acessado atrav\u00e9s do endere\u00e7o:&nbsp;<a href=\"https:\/\/portaldoservidor.jundiai.sp.gov.br\/\" target=\"_blank\" rel=\"noreferrer noopener\">https:\/\/portaldoservidor.jundiai.sp.gov.br<\/a>&nbsp;.<\/p>\n\n\n\n<p>Para o acesso, informar a matr\u00edcula (c\u00f3digo funcional), no campo usu\u00e1rio, e a senha.<\/p>\n\n\n\n<p><strong>Primeiro Acesso<\/strong><\/p>\n\n\n\n<p>Para o primeiro login, no caso de novo servidor, o acesso ao Portal ser\u00e1 liberado <strong>somente no dia do pagamento<\/strong>. Sendo necess\u00e1rio informar a matr\u00edcula (c\u00f3digo funcional) no campo usu\u00e1rio e clicar em &#8220;Esqueceu a Senha&#8221;:<\/p>\n\n\n\n<p>Usu\u00e1rio: Matr\u00edcula (C\u00f3digo Funcional)<br>Senha: Clicar em &#8220;Esqueceu a Senha?&#8221;<\/p>\n\n\n\n<p><em>O Manual de Primeiro Acesso, pode ser acessado <a href=\"https:\/\/jundiai.sp.gov.br\/administracao-e-gestao-de-pessoas\/wp-content\/uploads\/sites\/16\/2025\/02\/primeiro-acesso-ao-portal-do-servidor.pdf\">AQUI<\/a>.<\/em><\/p>\n\n\n\n<p><strong>Principais recursos do Novo Portal do Servidor:<\/strong><\/p>\n\n\n\n<ol class=\"wp-block-list\">\n<li>Dados Pessoais e Funcionais: Atualizar, a qualquer momento, as informa\u00e7\u00f5es pessoais e funcionais;<\/li>\n\n\n\n<li>Relat\u00f3rios funcionais: Demonstrativo de Pagamento, Informe de Rendimentos, Afastamentos, Abonadas, entre outros;<\/li>\n\n\n\n<li>Consulta dos Per\u00edodos, Aviso e Recibo de F\u00e9rias;<\/li>\n\n\n\n<li>Relat\u00f3rios de Cart\u00e3o Ponto e Banco de Horas;<\/li>\n\n\n\n<li>Centraliza\u00e7\u00e3o de links referentes a Gest\u00e3o de Pessoas: Formul\u00e1rios, Gest\u00e3o de Pessoas Orienta, Sistema de Avalia\u00e7\u00e3o de Desempenho, etc.<\/li>\n<\/ol>\n\n\n\n<p><br><strong>Manual Completo:<\/strong><\/p>\n\n\n\n<ul class=\"wp-block-list\">\n<li><a href=\"https:\/\/jundiai.sp.gov.br\/administracao-e-gestao-de-pessoas\/wp-content\/uploads\/sites\/16\/2024\/10\/manual-completo-portal.pdf\">Manual Completo<\/a><\/li>\n<\/ul>\n\n\n\n<p><strong>T\u00f3picos:<\/strong><\/p>\n\n\n\n<ol class=\"wp-block-list\">\n<li><a href=\"https:\/\/jundiai.sp.gov.br\/administracao-e-gestao-de-pessoas\/wp-content\/uploads\/sites\/16\/2024\/10\/acesso-login-e-esqueci-a-senha.pdf\">Acesso, login e esqueci a senha<\/a>&nbsp;<\/li>\n\n\n\n<li><a href=\"https:\/\/jundiai.sp.gov.br\/administracao-e-gestao-de-pessoas\/wp-content\/uploads\/sites\/16\/2024\/10\/tela-inicial-e-relatorios.pdf\">Tela inicial e relat\u00f3rios<\/a>&nbsp; <\/li>\n\n\n\n<li><a href=\"https:\/\/jundiai.sp.gov.br\/administracao-e-gestao-de-pessoas\/wp-content\/uploads\/sites\/16\/2024\/10\/dados-pessoais-e-alteracoes-cadastrais.pdf\">Dados pessoais e altera\u00e7\u00f5es cadastrais<\/a><\/li>\n\n\n\n<li><a href=\"https:\/\/jundiai.sp.gov.br\/administracao-e-gestao-de-pessoas\/wp-content\/uploads\/sites\/16\/2024\/10\/ficha-familiar.pdf\">Ficha Familiar<\/a><\/li>\n\n\n\n<li><a href=\"https:\/\/jundiai.sp.gov.br\/administracao-e-gestao-de-pessoas\/wp-content\/uploads\/sites\/16\/2024\/10\/informacoes-funcionais.pdf\">Informa\u00e7\u00f5es funcionais<\/a>&nbsp; <\/li>\n\n\n\n<li><a href=\"https:\/\/jundiai.sp.gov.br\/administracao-e-gestao-de-pessoas\/wp-content\/uploads\/sites\/16\/2024\/10\/ferias.pdf\">F\u00e9rias<\/a><\/li>\n\n\n\n<li><a href=\"https:\/\/jundiai.sp.gov.br\/administracao-e-gestao-de-pessoas\/wp-content\/uploads\/sites\/16\/2024\/10\/ponto-e-frequencia.pdf\">Ponto e frequ\u00eancia<\/a><\/li>\n\n\n\n<li><a href=\"https:\/\/jundiai.sp.gov.br\/administracao-e-gestao-de-pessoas\/wp-content\/uploads\/sites\/16\/2024\/10\/avaliacao-de-desempenho-sistema.pdf\">Avalia\u00e7\u00e3o de desempenho \u2013 sistema<\/a>\u00a0<\/li>\n\n\n\n<li><a href=\"https:\/\/jundiai.sp.gov.br\/administracao-e-gestao-de-pessoas\/wp-content\/uploads\/sites\/16\/2025\/10\/manual-para-encaminhamento-de-atestado-e-declaracao-dedica-pelo-portal-do-servidor_a4_pmj_v1.pdf\">Encaminhamento de atestado m\u00e9dico <\/a><\/li>\n\n\n\n<li><a href=\"https:\/\/jundiai.sp.gov.br\/administracao-e-gestao-de-pessoas\/wp-content\/uploads\/sites\/16\/2024\/10\/notificacoes.pdf\">Notifica\u00e7\u00f5es<\/a>&nbsp; <\/li>\n\n\n\n<li><a href=\"https:\/\/jundiai.sp.gov.br\/administracao-e-gestao-de-pessoas\/wp-content\/uploads\/sites\/16\/2024\/10\/sair-do-portal.pdf\">Sair do portal<\/a><\/li>\n<\/ol>\n\n\n\n<p>Em caso de d\u00favida, favor entrar em contato pelo e-mail:&nbsp;<\/p>\n\n\n\n<p><a rel=\"noreferrer noopener\" href=\"mailto:atendeservidor@jundiai.sp.gov.br\" target=\"_blank\">atendeservidor@jundiai.sp.gov.br<\/a>&nbsp;.<\/p>\n","protected":false},"excerpt":{"rendered":"<p>O Portal pode ser acessado atrav\u00e9s do endere\u00e7o:&nbsp;https:\/\/portaldoservidor.jundiai.sp.gov.br&nbsp;. Para o acesso, informar a matr\u00edcula (c\u00f3digo funcional), no campo usu\u00e1rio, e a senha. Primeiro Acesso Para o primeiro login, no caso de novo servidor, o acesso ao Portal ser\u00e1 liberado somente no dia do pagamento. Sendo necess\u00e1rio informar a matr\u00edcula (c\u00f3digo funcional) no campo usu\u00e1rio e [&hellip;]<\/p>\n","protected":false},"author":69,"featured_media":0,"parent":2384,"menu_order":0,"comment_status":"closed","ping_status":"closed","template":"","meta":{"footnotes":""},"class_list":["post-6915","page","type-page","status-publish","hentry"],"_links":{"self":[{"href":"https:\/\/jundiai.sp.gov.br\/administracao-e-gestao-de-pessoas\/wp-json\/wp\/v2\/pages\/6915","targetHints":{"allow":["GET"]}}],"collection":[{"href":"https:\/\/jundiai.sp.gov.br\/administracao-e-gestao-de-pessoas\/wp-json\/wp\/v2\/pages"}],"about":[{"href":"https:\/\/jundiai.sp.gov.br\/administracao-e-gestao-de-pessoas\/wp-json\/wp\/v2\/types\/page"}],"author":[{"embeddable":true,"href":"https:\/\/jundiai.sp.gov.br\/administracao-e-gestao-de-pessoas\/wp-json\/wp\/v2\/users\/69"}],"replies":[{"embeddable":true,"href":"https:\/\/jundiai.sp.gov.br\/administracao-e-gestao-de-pessoas\/wp-json\/wp\/v2\/comments?post=6915"}],"version-history":[{"count":8,"href":"https:\/\/jundiai.sp.gov.br\/administracao-e-gestao-de-pessoas\/wp-json\/wp\/v2\/pages\/6915\/revisions"}],"predecessor-version":[{"id":7473,"href":"https:\/\/jundiai.sp.gov.br\/administracao-e-gestao-de-pessoas\/wp-json\/wp\/v2\/pages\/6915\/revisions\/7473"}],"up":[{"embeddable":true,"href":"https:\/\/jundiai.sp.gov.br\/administracao-e-gestao-de-pessoas\/wp-json\/wp\/v2\/pages\/2384"}],"wp:attachment":[{"href":"https:\/\/jundiai.sp.gov.br\/administracao-e-gestao-de-pessoas\/wp-json\/wp\/v2\/media?parent=6915"}],"curies":[{"name":"wp","href":"https:\/\/api.w.org\/{rel}","templated":true}]}}