{"id":6946,"date":"2023-10-02T15:05:48","date_gmt":"2023-10-02T18:05:48","guid":{"rendered":"https:\/\/jundiai.sp.gov.br\/administracao-e-gestao-de-pessoas\/?page_id=6946"},"modified":"2026-01-05T11:17:36","modified_gmt":"2026-01-05T14:17:36","slug":"adicional-de-risco-de-vida-agente-de-fiscalizacao-de-posturas-municipais","status":"publish","type":"page","link":"https:\/\/jundiai.sp.gov.br\/administracao-e-gestao-de-pessoas\/gestao-de-pessoas-orienta\/adicional-de-risco-de-vida-agente-de-fiscalizacao-de-posturas-municipais\/","title":{"rendered":"ADICIONAL DE RISCO DE VIDA\u00a0 &#8211; AGENTE DE FISCALIZA\u00c7\u00c3O DE POSTURAS MUNICIPAIS"},"content":{"rendered":"\n<ul class=\"wp-block-list\">\n<li><strong>O que \u00e9?<\/strong><\/li>\n<\/ul>\n\n\n\n<p>\u00c9 a concess\u00e3o do adicional de risco de vida para os servidores integrantes do cargo de Agente de Fiscaliza\u00e7\u00e3o de Posturas Municipais que exer\u00e7am, com habitualidade, atividades relativas \u00e0 fiscaliza\u00e7\u00e3o e de acordo com atribui\u00e7\u00f5es funcionais do cargo.<\/p>\n\n\n\n<ul class=\"wp-block-list\">\n<li><strong>Quem tem direito?<\/strong><\/li>\n<\/ul>\n\n\n\n<p>Somente os ocupantes do cargo de Agente de Fiscaliza\u00e7\u00e3o de Posturas Municipais.<\/p>\n\n\n\n<ul class=\"wp-block-list\">\n<li><strong>Como requerer?<\/strong><\/li>\n<\/ul>\n\n\n\n<p>O Servidor poder\u00e1 solicitar atrav\u00e9s de preenchimento do Requerimento de Protocolo, dispon\u00edvel no site da Prefeitura, que deve ser enviado para o e-mail&nbsp;<strong><a href=\"mailto:atendeservidor@jundiai.sp.gov.br\" target=\"_blank\" rel=\"noreferrer noopener\">atendeservidor@jundiai.sp.gov.br<\/a><\/strong>&nbsp;da UGAGP\/Se\u00e7\u00e3o de Atendimento ao Servidor.<\/p>\n\n\n\n<ul class=\"wp-block-list\">\n<li><strong>Qual a documenta\u00e7\u00e3o necess\u00e1ria?<\/strong><\/li>\n<\/ul>\n\n\n\n<p>&#8211; Formul\u00e1rio de Requerimento de Protocolo;<\/p>\n\n\n\n<p>&#8211; Indicadores de Atividade de Fiscaliza\u00e7\u00e3o;<\/p>\n\n\n\n<p>&#8211; Relat\u00f3rio de Atividades Externas de Agente de Fiscaliza\u00e7\u00e3o de Posturas Municipais.<\/p>\n\n\n\n<p><strong>Contato: Divis\u00e3o de Cargos e Sal\u00e1rios \u2013 4589-8944<\/strong><\/p>\n\n\n\n<p><strong>Qual a Legisla\u00e7\u00e3o que trata do assunto?<\/strong><\/p>\n\n\n\n<p>&#8211; <a href=\"https:\/\/jundiai.sp.gov.br\/administracao-e-gestao-de-pessoas\/wp-content\/uploads\/sites\/16\/2023\/10\/lei_complementar-619-2023-original-1.pdf\" target=\"_blank\" rel=\"noreferrer noopener\">Lei Complementar n\u00b0 619, de 15 de fevereiro de 2023<\/a>;<\/p>\n\n\n\n<p><a href=\"https:\/\/jundiai.sp.gov.br\/administracao-e-gestao-de-pessoas\/wp-content\/uploads\/sites\/16\/2025\/09\/instrucao-normativa-ugap-no-04-de-18-de-agosto-de-2025.pdf\">&#8211; Instru\u00e7\u00e3o Normativa UGAGP n\u00ba 04, de 18 de Agosto de 2025<\/a><\/p>\n\n\n\n<p><strong>Anexos:<\/strong><\/p>\n\n\n\n<p><a href=\"https:\/\/jundiai.sp.gov.br\/administracao-e-gestao-de-pessoas\/wp-content\/uploads\/sites\/16\/2025\/10\/requerimento-de-protocolo.pdf\" target=\"_blank\" rel=\"noreferrer noopener\">&#8211; Formul\u00e1rio de Requerimento de Protocolo;<\/a><\/p>\n\n\n\n<p><a href=\"https:\/\/jundiai.sp.gov.br\/administracao-e-gestao-de-pessoas\/wp-content\/uploads\/sites\/16\/2026\/01\/anexos-in-no-04-2025.pdf\">&#8211; Indicadores e Relat\u00f3rio de Atividades.<\/a><\/p>\n","protected":false},"excerpt":{"rendered":"<p>\u00c9 a concess\u00e3o do adicional de risco de vida para os servidores integrantes do cargo de Agente de Fiscaliza\u00e7\u00e3o de Posturas Municipais que exer\u00e7am, com habitualidade, atividades relativas \u00e0 fiscaliza\u00e7\u00e3o e de acordo com atribui\u00e7\u00f5es funcionais do cargo. Somente os ocupantes do cargo de Agente de Fiscaliza\u00e7\u00e3o de Posturas Municipais. O Servidor poder\u00e1 solicitar atrav\u00e9s [&hellip;]<\/p>\n","protected":false},"author":69,"featured_media":0,"parent":2384,"menu_order":0,"comment_status":"closed","ping_status":"closed","template":"","meta":{"footnotes":""},"class_list":["post-6946","page","type-page","status-publish","hentry"],"_links":{"self":[{"href":"https:\/\/jundiai.sp.gov.br\/administracao-e-gestao-de-pessoas\/wp-json\/wp\/v2\/pages\/6946","targetHints":{"allow":["GET"]}}],"collection":[{"href":"https:\/\/jundiai.sp.gov.br\/administracao-e-gestao-de-pessoas\/wp-json\/wp\/v2\/pages"}],"about":[{"href":"https:\/\/jundiai.sp.gov.br\/administracao-e-gestao-de-pessoas\/wp-json\/wp\/v2\/types\/page"}],"author":[{"embeddable":true,"href":"https:\/\/jundiai.sp.gov.br\/administracao-e-gestao-de-pessoas\/wp-json\/wp\/v2\/users\/69"}],"replies":[{"embeddable":true,"href":"https:\/\/jundiai.sp.gov.br\/administracao-e-gestao-de-pessoas\/wp-json\/wp\/v2\/comments?post=6946"}],"version-history":[{"count":7,"href":"https:\/\/jundiai.sp.gov.br\/administracao-e-gestao-de-pessoas\/wp-json\/wp\/v2\/pages\/6946\/revisions"}],"predecessor-version":[{"id":7515,"href":"https:\/\/jundiai.sp.gov.br\/administracao-e-gestao-de-pessoas\/wp-json\/wp\/v2\/pages\/6946\/revisions\/7515"}],"up":[{"embeddable":true,"href":"https:\/\/jundiai.sp.gov.br\/administracao-e-gestao-de-pessoas\/wp-json\/wp\/v2\/pages\/2384"}],"wp:attachment":[{"href":"https:\/\/jundiai.sp.gov.br\/administracao-e-gestao-de-pessoas\/wp-json\/wp\/v2\/media?parent=6946"}],"curies":[{"name":"wp","href":"https:\/\/api.w.org\/{rel}","templated":true}]}}