{"id":6976,"date":"2023-11-08T10:38:00","date_gmt":"2023-11-08T13:38:00","guid":{"rendered":"https:\/\/jundiai.sp.gov.br\/administracao-e-gestao-de-pessoas\/?page_id=6976"},"modified":"2025-09-26T16:45:22","modified_gmt":"2025-09-26T19:45:22","slug":"emprestimo-e-consignacoes-modulo-do-servidor","status":"publish","type":"page","link":"https:\/\/jundiai.sp.gov.br\/administracao-e-gestao-de-pessoas\/gestao-de-pessoas-orienta\/emprestimo-e-consignacoes-modulo-do-servidor\/","title":{"rendered":"EMPR\u00c9STIMO E CONSIGNA\u00c7\u00d5ES &#8211;\u00a0M\u00d3DULO DO SERVIDOR"},"content":{"rendered":"\n<p>Uma ferramenta que oferece comodidade, facilidade e seguran\u00e7a na gest\u00e3o e autoriza\u00e7\u00e3o da margem consign\u00e1vel em folha de pagamento.<\/p>\n\n\n\n<p><strong>Principais recursos:<\/strong><\/p>\n\n\n\n<ul class=\"wp-block-list\">\n<li>Seguran\u00e7a;<\/li>\n\n\n\n<li>Autonomia e facilidade de uso;<\/li>\n\n\n\n<li>Gest\u00e3o da visualiza\u00e7\u00e3o da margem pelas entidades banc\u00e1rias;<\/li>\n\n\n\n<li>Autoriza\u00e7\u00e3o e valida\u00e7\u00e3o de token (chave) para consigna\u00e7\u00e3o.<\/li>\n<\/ul>\n\n\n\n<p><strong>Como vai funcionar?<\/strong><\/p>\n\n\n\n<p>Todo servidor que precisar realizar um novo contrato de empr\u00e9stimo ou cart\u00e3o de cr\u00e9dito consignado, precisar\u00e1 ter um login no M\u00f3dulo do Servidor, a fim de autorizar e gerenciar as libera\u00e7\u00f5es.<\/p>\n\n\n\n<p>A partir do primeiro acesso o servidor ter\u00e1 autonomia para utilizar e fazer a gest\u00e3o pelo sistema.<\/p>\n\n\n\n<p><strong>Como acessar?<\/strong><\/p>\n\n\n\n<p>Para realizar o primeiro acesso e cadastro no M\u00f3dulo do Servidor do Portal de Consigna\u00e7\u00f5es, ser\u00e1 necess\u00e1rio encaminhar o formul\u00e1rio, em anexo, para o e-mail&nbsp;<a href=\"mailto:ugagp_sb@jundiai.sp.gov.br\" target=\"_blank\" rel=\"noreferrer noopener\">ugagp_sb@jundiai.sp.gov.br<\/a>&nbsp;(sendo obrigat\u00f3rio o uso do e-mail institucional, ou ainda, &nbsp;o endere\u00e7o de e-mail pessoal cadastrado no sistema de gest\u00e3o de pessoas).<\/p>\n\n\n\n<p>A partir disso, o servidor dever\u00e1 aguardar o prazo de at\u00e9 07 (sete) dias \u00fateis para receber as orienta\u00e7\u00f5es de como proceder com o pr\u00e9-cadastro no sistema.<\/p>\n\n\n\n<p>OBS: O Termo de Consentimento, formul\u00e1rio&nbsp;anexo, dever\u00e1 ser encaminhado uma \u00fanica vez.<\/p>\n\n\n\n<p><strong>Importante:<\/strong><\/p>\n\n\n\n<p>Em caso de d\u00favidas, favor entrar em contato atrav\u00e9s do e-mail&nbsp;<a href=\"mailto:ugagp_sb@jundiai.sp.gov.br\" target=\"_blank\" rel=\"noreferrer noopener\">ugagp_sb@jundiai.sp.gov.br<\/a>&nbsp;, ou diretamente pelo WhatsApp da empresa respons\u00e1vel pelo portal: (83) 98827-6867.<\/p>\n\n\n\n<p><a href=\"https:\/\/jundiai.sp.gov.br\/administracao-e-gestao-de-pessoas\/wp-content\/uploads\/sites\/16\/2024\/08\/termo-de-consentimento-para-envio-e-tratamento-de-dados-pessoais-com-orientacoes.pdf\">Termo de Consentimento \u2013 Portal de Consigna\u00e7\u00e3o<\/a><\/p>\n\n\n\n<p>Link de acesso ao M\u00f3dulo do Servidor do Portal de Consigna\u00e7\u00f5es:&nbsp;<\/p>\n\n\n\n<p><a href=\"https:\/\/www.consigsimples.com.br\/consigjundiai\/\">https:\/\/www.consigsimples.com.br\/consigjundiai\/<\/a><\/p>\n","protected":false},"excerpt":{"rendered":"<p>Uma ferramenta que oferece comodidade, facilidade e seguran\u00e7a na gest\u00e3o e autoriza\u00e7\u00e3o da margem consign\u00e1vel em folha de pagamento. Principais recursos: Como vai funcionar? Todo servidor que precisar realizar um novo contrato de empr\u00e9stimo ou cart\u00e3o de cr\u00e9dito consignado, precisar\u00e1 ter um login no M\u00f3dulo do Servidor, a fim de autorizar e gerenciar as libera\u00e7\u00f5es. [&hellip;]<\/p>\n","protected":false},"author":69,"featured_media":0,"parent":2384,"menu_order":0,"comment_status":"closed","ping_status":"closed","template":"","meta":{"footnotes":""},"class_list":["post-6976","page","type-page","status-publish","hentry"],"_links":{"self":[{"href":"https:\/\/jundiai.sp.gov.br\/administracao-e-gestao-de-pessoas\/wp-json\/wp\/v2\/pages\/6976","targetHints":{"allow":["GET"]}}],"collection":[{"href":"https:\/\/jundiai.sp.gov.br\/administracao-e-gestao-de-pessoas\/wp-json\/wp\/v2\/pages"}],"about":[{"href":"https:\/\/jundiai.sp.gov.br\/administracao-e-gestao-de-pessoas\/wp-json\/wp\/v2\/types\/page"}],"author":[{"embeddable":true,"href":"https:\/\/jundiai.sp.gov.br\/administracao-e-gestao-de-pessoas\/wp-json\/wp\/v2\/users\/69"}],"replies":[{"embeddable":true,"href":"https:\/\/jundiai.sp.gov.br\/administracao-e-gestao-de-pessoas\/wp-json\/wp\/v2\/comments?post=6976"}],"version-history":[{"count":9,"href":"https:\/\/jundiai.sp.gov.br\/administracao-e-gestao-de-pessoas\/wp-json\/wp\/v2\/pages\/6976\/revisions"}],"predecessor-version":[{"id":7397,"href":"https:\/\/jundiai.sp.gov.br\/administracao-e-gestao-de-pessoas\/wp-json\/wp\/v2\/pages\/6976\/revisions\/7397"}],"up":[{"embeddable":true,"href":"https:\/\/jundiai.sp.gov.br\/administracao-e-gestao-de-pessoas\/wp-json\/wp\/v2\/pages\/2384"}],"wp:attachment":[{"href":"https:\/\/jundiai.sp.gov.br\/administracao-e-gestao-de-pessoas\/wp-json\/wp\/v2\/media?parent=6976"}],"curies":[{"name":"wp","href":"https:\/\/api.w.org\/{rel}","templated":true}]}}