{"id":7241,"date":"2025-07-29T11:11:25","date_gmt":"2025-07-29T14:11:25","guid":{"rendered":"https:\/\/jundiai.sp.gov.br\/administracao-e-gestao-de-pessoas\/?page_id=7241"},"modified":"2025-09-17T11:20:19","modified_gmt":"2025-09-17T14:20:19","slug":"dependente-para-imposto-de-renda-declaracao-de-encargos-de-familia","status":"publish","type":"page","link":"https:\/\/jundiai.sp.gov.br\/administracao-e-gestao-de-pessoas\/gestao-de-pessoas-orienta\/dependente-para-imposto-de-renda-declaracao-de-encargos-de-familia\/","title":{"rendered":"DEPENDENTE PARA IMPOSTO DE RENDA (DECLARA\u00c7\u00c3O DE ENCARGOS DE FAM\u00cdLIA)"},"content":{"rendered":"\n<ul class=\"wp-block-list\">\n<li><strong>O que \u00e9?<\/strong><\/li>\n<\/ul>\n\n\n\n<p>Declara\u00e7\u00e3o obrigat\u00f3ria dos dependentes para fins de dedu\u00e7\u00e3o do&nbsp;Imposto de Renda Retido na Fonte (IRRF).<\/p>\n\n\n\n<ul class=\"wp-block-list\">\n<li><strong>Quem tem direito?<\/strong><\/li>\n<\/ul>\n\n\n\n<p>Servidores ativos, aposentados e pensionistas que possuam dependentes que possam ser informados para fins de dedu\u00e7\u00e3o&nbsp;do&nbsp;Imposto de Renda Retido na Fonte (IRRF),&nbsp;na folha de pagamento.<\/p>\n\n\n\n<ul class=\"wp-block-list\">\n<li><strong>Como requerer?<\/strong><\/li>\n<\/ul>\n\n\n\n<p>O Servidor poder\u00e1 solicitar atrav\u00e9s de preenchimento do formul\u00e1rio \u201cDeclara\u00e7\u00e3o de Dependente para fins de Imposto de Renda\u201d, dispon\u00edvel no site da Prefeitura, que deve ser enviado, digitalizado, preenchido e assinado, para o e-mail\u00a0<a href=\"mailto:atendeservidor@jundiai.sp.gov.br\" target=\"_blank\" rel=\"noreferrer noopener\">atendeservidor@jundiai.sp.gov.br<\/a>\u00a0da SMAGP\/Se\u00e7\u00e3o de Atendimento ao Servidor.<br>Dados necess\u00e1rios: nome completo, CPF, data de nascimento e tipo de depend\u00eancia (conforme c\u00f3digo eSocial):<\/p>\n\n\n\n<p>01 \u2013 C\u00f4njuge<br>02 \u2013&nbsp;Companheiro(a) com o(a) qual tenha filho ou viva h\u00e1 mais de 5 (cinco) anos ou possua Declara\u00e7\u00e3o de Uni\u00e3o Est\u00e1vel<br>03 \u2013 Filho(a)\/enteado(a)04 \u2013&nbsp;Filho(a) ou enteado(a), universit\u00e1rio(a) ou cursando escola t\u00e9cnica de 2\u00ba grau (quando maiores &#8211; at\u00e9 24 anos)06 \u2013&nbsp;Irm\u00e3o(\u00e3), neto(a) ou bisneto(a) sem arrimo dos pais, do(a) qual detenha a guarda judicial<br>09 \u2013 Pais, av\u00f3s, bisav\u00f3s<br>10 \u2013&nbsp;Menor do qual detenha a guarda judicial<br>11 \u2013 Pessoa absolutamente incapaz, da qual seja tutor ou curador<br>99 \u2013 Agregado\/outros<\/p>\n\n\n\n<p>Inclus\u00e3o e altera\u00e7\u00f5es: sempre que houver altera\u00e7\u00f5es,&nbsp;<strong><u>reenviar a declara\u00e7\u00e3o completa.<\/u><\/strong><strong>O que muda?<\/strong><br>A Declara\u00e7\u00e3o atualiza os dados de dependentes para dedu\u00e7\u00e3o do IRRF&nbsp;e ajusta&nbsp;o&nbsp;desconto de&nbsp;IR mensal conforme o novo cadastro.<\/p>\n\n\n\n<p><strong>C<\/strong><strong>ontato:<\/strong>&nbsp;Se\u00e7\u00e3o de C\u00e1lculo de Folha de Pagamento \u2013 Divis\u00e3o de Administra\u00e7\u00e3o de Pessoal &#8211; (11) 4589\u20118731&nbsp;\/ 4589-8758<\/p>\n\n\n\n<ul class=\"wp-block-list\">\n<li><strong>Qual a&nbsp;Legisla\u00e7\u00e3o&nbsp;que trata do assunto?<\/strong><\/li>\n<\/ul>\n\n\n\n<p>Decreto&nbsp;Federal n.\u00ba 9.580\/2018&nbsp;\u2013 Regulamento do IR.<br>IN RFB 1.500\/2014 (Art.\u202f90 e seguintes) \u2013 Regras sobre dependentes.<\/p>\n\n\n\n<p><strong>Anexos:<\/strong> Formul\u00e1rio&nbsp;Declara\u00e7\u00e3o de Dependente para fins de Imposto de Renda<br>(<a href=\"https:\/\/jundiai.sp.gov.br\/administracao-e-gestao-de-pessoas\/wp-content\/uploads\/sites\/16\/2025\/07\/declaracao_encargos_de_familia-brasao-2025.pdf\" target=\"_blank\" rel=\"noreferrer noopener\">https:\/\/jundiai.sp.gov.br\/administracao-e-gestao-de-pessoas\/wp-content\/uploads\/sites\/16\/2025\/07\/declaracao_encargos_de_familia-brasao-2025.pdf<\/a>)<\/p>\n","protected":false},"excerpt":{"rendered":"<p>Declara\u00e7\u00e3o obrigat\u00f3ria dos dependentes para fins de dedu\u00e7\u00e3o do&nbsp;Imposto de Renda Retido na Fonte (IRRF). Servidores ativos, aposentados e pensionistas que possuam dependentes que possam ser informados para fins de dedu\u00e7\u00e3o&nbsp;do&nbsp;Imposto de Renda Retido na Fonte (IRRF),&nbsp;na folha de pagamento. O Servidor poder\u00e1 solicitar atrav\u00e9s de preenchimento do formul\u00e1rio \u201cDeclara\u00e7\u00e3o de Dependente para fins de [&hellip;]<\/p>\n","protected":false},"author":129,"featured_media":0,"parent":2384,"menu_order":0,"comment_status":"closed","ping_status":"closed","template":"","meta":{"footnotes":""},"class_list":["post-7241","page","type-page","status-publish","hentry"],"_links":{"self":[{"href":"https:\/\/jundiai.sp.gov.br\/administracao-e-gestao-de-pessoas\/wp-json\/wp\/v2\/pages\/7241","targetHints":{"allow":["GET"]}}],"collection":[{"href":"https:\/\/jundiai.sp.gov.br\/administracao-e-gestao-de-pessoas\/wp-json\/wp\/v2\/pages"}],"about":[{"href":"https:\/\/jundiai.sp.gov.br\/administracao-e-gestao-de-pessoas\/wp-json\/wp\/v2\/types\/page"}],"author":[{"embeddable":true,"href":"https:\/\/jundiai.sp.gov.br\/administracao-e-gestao-de-pessoas\/wp-json\/wp\/v2\/users\/129"}],"replies":[{"embeddable":true,"href":"https:\/\/jundiai.sp.gov.br\/administracao-e-gestao-de-pessoas\/wp-json\/wp\/v2\/comments?post=7241"}],"version-history":[{"count":4,"href":"https:\/\/jundiai.sp.gov.br\/administracao-e-gestao-de-pessoas\/wp-json\/wp\/v2\/pages\/7241\/revisions"}],"predecessor-version":[{"id":7340,"href":"https:\/\/jundiai.sp.gov.br\/administracao-e-gestao-de-pessoas\/wp-json\/wp\/v2\/pages\/7241\/revisions\/7340"}],"up":[{"embeddable":true,"href":"https:\/\/jundiai.sp.gov.br\/administracao-e-gestao-de-pessoas\/wp-json\/wp\/v2\/pages\/2384"}],"wp:attachment":[{"href":"https:\/\/jundiai.sp.gov.br\/administracao-e-gestao-de-pessoas\/wp-json\/wp\/v2\/media?parent=7241"}],"curies":[{"name":"wp","href":"https:\/\/api.w.org\/{rel}","templated":true}]}}